{"id":1365,"date":"2017-03-06T11:49:54","date_gmt":"2017-03-06T10:49:54","guid":{"rendered":"http:\/\/consult.taga.net\/?page_id=1365"},"modified":"2017-06-19T15:49:01","modified_gmt":"2017-06-19T14:49:01","slug":"publicacions","status":"publish","type":"page","link":"https:\/\/consult.taga.net\/ca\/publicacions\/","title":{"rendered":"Publicacions"},"content":{"rendered":"<p>[vc_row css_animation=&#8221;&#8221; row_type=&#8221;row&#8221; use_row_as_full_screen_section=&#8221;no&#8221; type=&#8221;grid&#8221; angled_section=&#8221;no&#8221; text_align=&#8221;left&#8221; background_image_as_pattern=&#8221;without_pattern&#8221; css=&#8221;.vc_custom_1466604420616{padding-top: 96px !important;padding-bottom: 83px !important;}&#8221;][vc_column][qode_elements_holder number_of_columns=&#8221;two_columns&#8221; alignment_one_column=&#8221;left&#8221;][qode_elements_holder_item vertical_alignment=&#8221;middle&#8221; advanced_animations=&#8221;no&#8221; item_padding_600_768=&#8221;0 0 7% 0&#8243; item_padding_480_600=&#8221;0 0 9% 0&#8243; item_padding_480=&#8221;0 0 10% 0&#8243;][vc_single_image image=&#8221;1370&#8243; img_size=&#8221;full&#8221; alignment=&#8221;center&#8221; qode_css_animation=&#8221;&#8221;][\/qode_elements_holder_item][qode_elements_holder_item vertical_alignment=&#8221;middle&#8221; advanced_animations=&#8221;no&#8221;][vc_column_text]<\/p>\n<h1 class=\"headline align-center\"><span style=\"color: #69509a;\">Organizational Energy, 7 Pillars of Business Excellence (2a edici\u00f3)<\/span><\/h1>\n<p>[\/vc_column_text][vc_empty_space height=&#8221;12px&#8221;][vc_column_text]Aquest llibre correspon a la versi\u00f3 anglesa de<em> Energ\u00eda Organizacional, 7 Pilares de Excelencia Empresarial<\/em> (Editorial Profit, 2012). Aprofitant l\u2019avinentesa per\u00f2, en aquesta segona edici\u00f3 (2014) els autors n\u2019han fet una revisi\u00f3 exhaustiva i han incorporat testimonis\u00a0de refer\u00e8ncia\u00a0dins el m\u00f3n empresarial anglosax\u00f3.<\/p>\n<p>&nbsp;<\/p>\n<p>Amb aquesta publicaci\u00f3, els fundadors de Pinea3 Living Organizations, Enric Bernal, Joan Cos i Xavier Tarr\u00e9, \u00a0han volgut actualitzar determinats conceptes i fer m\u00e9s accessible una metodologia\u00a0innovadora basada en la intel\u00b7lig\u00e8ncia sist\u00e8mica, que compr\u00e8n l\u2019empresa com un organisme viu i amb una energia pr\u00f2pia.[\/vc_column_text][\/qode_elements_holder_item][\/qode_elements_holder][\/vc_column][\/vc_row][vc_row css_animation=&#8221;&#8221; row_type=&#8221;row&#8221; use_row_as_full_screen_section=&#8221;no&#8221; type=&#8221;grid&#8221; angled_section=&#8221;no&#8221; text_align=&#8221;left&#8221; background_image_as_pattern=&#8221;without_pattern&#8221; css=&#8221;.vc_custom_1488801451706{padding-bottom: 83px !important;}&#8221;][vc_column][qode_elements_holder number_of_columns=&#8221;two_columns&#8221; alignment_one_column=&#8221;left&#8221;][qode_elements_holder_item vertical_alignment=&#8221;middle&#8221; advanced_animations=&#8221;no&#8221; item_padding_600_768=&#8221;0 0 7% 0&#8243; item_padding_480_600=&#8221;0 0 9% 0&#8243; item_padding_480=&#8221;0 0 10% 0&#8243;][vc_column_text]<\/p>\n<h1 class=\"headline align-center\"><span style=\"color: #69509a;\">El cor de la Matrioska<\/span><\/h1>\n<p>[\/vc_column_text][vc_empty_space height=&#8221;12px&#8221;][vc_column_text]<em>El cor de la Matrioska<\/em> \u00e9s un conte breu sobre\u00a0les tres dimensions fonamentals de l\u2019\u00e9sser hum\u00e0: la dimensi\u00f3 mental, la dimensi\u00f3 f\u00edsica i emocional i la dimensi\u00f3 espiritual o transcendent.<\/p>\n<p>&nbsp;<\/p>\n<p>A trav\u00e9s d\u2019una narraci\u00f3 fant\u00e0stica, Tarr\u00e9 recull la seva visi\u00f3 sobre\u00a0l\u2019\u00e8xit i el frac\u00e0s i fa palesa la import\u00e0ncia de considerar i desenvolupar cadascuna d\u2019aquestes tres dimensions a l\u2019hora de dur a terme qualsevol projecte hum\u00e0.[\/vc_column_text][\/qode_elements_holder_item][qode_elements_holder_item vertical_alignment=&#8221;middle&#8221; advanced_animations=&#8221;no&#8221;][vc_single_image image=&#8221;1369&#8243; img_size=&#8221;full&#8221; alignment=&#8221;center&#8221; qode_css_animation=&#8221;&#8221;][\/qode_elements_holder_item][\/qode_elements_holder][\/vc_column][\/vc_row][vc_row css_animation=&#8221;&#8221; row_type=&#8221;row&#8221; use_row_as_full_screen_section=&#8221;no&#8221; type=&#8221;grid&#8221; angled_section=&#8221;no&#8221; text_align=&#8221;left&#8221; background_image_as_pattern=&#8221;without_pattern&#8221; css=&#8221;.vc_custom_1488801627054{padding-bottom: 83px !important;}&#8221;][vc_column][qode_elements_holder number_of_columns=&#8221;two_columns&#8221; alignment_one_column=&#8221;left&#8221;][qode_elements_holder_item vertical_alignment=&#8221;middle&#8221; advanced_animations=&#8221;no&#8221; item_padding_600_768=&#8221;0 0 7% 0&#8243; item_padding_480_600=&#8221;0 0 9% 0&#8243; item_padding_480=&#8221;0 0 10% 0&#8243;][vc_single_image image=&#8221;1372&#8243; img_size=&#8221;full&#8221; alignment=&#8221;center&#8221; qode_css_animation=&#8221;&#8221;][\/qode_elements_holder_item][qode_elements_holder_item vertical_alignment=&#8221;middle&#8221; advanced_animations=&#8221;no&#8221;][vc_column_text]<\/p>\n<h1 class=\"headline align-center\"><span style=\"color: #69509a;\">Salut Organitzacional per a un model d\u2019ajuntament humanista<\/span><\/h1>\n<p>[\/vc_column_text][vc_empty_space height=&#8221;12px&#8221;][vc_column_text]En aquest cap\u00edtol del llibre\u00a0<em>Las pol\u00edticas y los servicios de proximidad en el \u00e1mbito local: una oportunidad para la innovaci\u00f3n social, la actividad econ\u00f3mica y la gobernanza<\/em>, (fundaci\u00f3 Kaleidos.red d\u2019entitats locals, 2015), Xavier Tarr\u00e9 i Joan Cos presenten, juntament amb els seus socis, com s\u2019ha aplicat i desenvolupat la metodologia Energia Organitzacional\u00a0\u00ae al consistori de Sant Boi de Llobregat (Barcelona), aix\u00ed com quins han estat els resultats i les conclusions finals.<\/p>\n<p>&nbsp;<\/p>\n<p>En el cas de l\u2019Ajuntament de Sant Boi de Llobregat, aquest proc\u00e9s ha perm\u00e8s con\u00e8ixer millor les necessitats del municipi i de les diverses \u00e0rees que conformen el consistori, descobrir nous talents i perfils professionals, millorar la definici\u00f3 i execuci\u00f3 dels programes de desenvolupament local i \u00a0realitzar un seguiment integral i \u00fatil del progr\u00e9s en cada \u00e0mbit.[\/vc_column_text][\/qode_elements_holder_item][\/qode_elements_holder][\/vc_column][\/vc_row][vc_row css_animation=&#8221;&#8221; row_type=&#8221;row&#8221; use_row_as_full_screen_section=&#8221;no&#8221; type=&#8221;grid&#8221; angled_section=&#8221;no&#8221; text_align=&#8221;left&#8221; background_image_as_pattern=&#8221;without_pattern&#8221; css=&#8221;.vc_custom_1488801451706{padding-bottom: 83px !important;}&#8221;][vc_column][qode_elements_holder number_of_columns=&#8221;two_columns&#8221; alignment_one_column=&#8221;left&#8221;][qode_elements_holder_item vertical_alignment=&#8221;middle&#8221; advanced_animations=&#8221;no&#8221; item_padding_600_768=&#8221;0 0 7% 0&#8243; item_padding_480_600=&#8221;0 0 9% 0&#8243; item_padding_480=&#8221;0 0 10% 0&#8243;][vc_column_text]<\/p>\n<h1 class=\"headline align-center\"><span style=\"color: #69509a;\">Energia Organitzacional<br \/>\n<\/span><\/h1>\n<p>[\/vc_column_text][vc_empty_space height=&#8221;12px&#8221;][vc_column_text]Xavier Tarr\u00e9 i Joan Cos s\u00f3n coautors del llibre<em> Energ\u00eda Organizacional, 7 pilares de excelencia empresarial<\/em> (Editorial Profit, 2012). En aquest llibre els cofundadors de Pinea3 Living Organizations presenten una metodologia de transformaci\u00f3 empresarial provada amb \u00e8xit que permet prendre consci\u00e8ncia dels comportaments de les nostres organitzacions.<\/p>\n<p>&nbsp;<\/p>\n<p>Despr\u00e9s de d\u00e8cades de treball entorn el desenvolupament organitzacional, i des d\u2019un enfocament sist\u00e8mic i humanista, els autors proposen una forma operativa de millorar la salut i la productivitat d\u2019empreses p\u00fabliques i privades.[\/vc_column_text][vc_empty_space height=&#8221;50px&#8221;]<a  itemprop=\"url\" href=\"https:\/\/books.google.es\/books\/about\/ENERGIA_ORGANIZACIONAL.html?id=WLmXqCBBif8C&amp;redir_esc=y&amp;hl=es\" target=\"_blank\" data-hover-background-color=#ffffff data-hover-border-color=#958275 data-hover-color=#958275 class=\"qbutton  center default\" style=\"color: #69509a; border-color: #69509a; background-color: #ffffff;\">comprar en Google Books<\/a>[\/qode_elements_holder_item][qode_elements_holder_item vertical_alignment=&#8221;middle&#8221; advanced_animations=&#8221;no&#8221;][vc_single_image image=&#8221;1371&#8243; img_size=&#8221;full&#8221; alignment=&#8221;center&#8221; qode_css_animation=&#8221;&#8221;][\/qode_elements_holder_item][\/qode_elements_holder][\/vc_column][\/vc_row][vc_row css_animation=&#8221;&#8221; row_type=&#8221;row&#8221; use_row_as_full_screen_section=&#8221;no&#8221; type=&#8221;grid&#8221; angled_section=&#8221;no&#8221; text_align=&#8221;left&#8221; background_image_as_pattern=&#8221;without_pattern&#8221; css=&#8221;.vc_custom_1488802265097{padding-bottom: 100px !important;}&#8221;][vc_column][qode_elements_holder number_of_columns=&#8221;two_columns&#8221; alignment_one_column=&#8221;left&#8221;][qode_elements_holder_item vertical_alignment=&#8221;middle&#8221; advanced_animations=&#8221;no&#8221; item_padding_600_768=&#8221;0 0 7% 0&#8243; item_padding_480_600=&#8221;0 0 9% 0&#8243; item_padding_480=&#8221;0 0 10% 0&#8243;][vc_single_image image=&#8221;1368&#8243; img_size=&#8221;full&#8221; alignment=&#8221;center&#8221; qode_css_animation=&#8221;&#8221;][\/qode_elements_holder_item][qode_elements_holder_item vertical_alignment=&#8221;middle&#8221; advanced_animations=&#8221;no&#8221;][vc_column_text]<\/p>\n<h1><span style=\"color: #69509a;\">\u00bfTreballes o col\u00b7labores?<\/span><\/h1>\n<p>[\/vc_column_text][vc_empty_space height=&#8221;12px&#8221;][vc_column_text]Xavier Tarr\u00e9 i Joan Cos s\u00f3n coautors de <em>\u00bfTrabajas o colaboras? Team Beat \u2013 La eficacia de la cooperaci\u00f3n<\/em> (Editorial Profit, 2011), una iniciativa del Centre d\u2019Innovaci\u00f3 d\u2019 EADA (Barcelona).<\/p>\n<p>&nbsp;<\/p>\n<p>Aquest llibre parteix de la base que tot equip \u00e9s un sistema viu. En aquest sentit, ens ofereix els recursos necessaris per gestionar el poder de la seva diversitat, refor\u00e7ar la confian\u00e7a entre els seus membres, definir una presa de decisions equilibrada, desenvolupar la capacitat d\u2019innovaci\u00f3 i l\u2019aprenentatge continuat, o gestionar l\u2019energia que li \u00e9s intr\u00ednseca.[\/vc_column_text][\/qode_elements_holder_item][\/qode_elements_holder][\/vc_column][\/vc_row]<\/p>","protected":false},"excerpt":{"rendered":"<p>[vc_row css_animation=&#8221;&#8221; row_type=&#8221;row&#8221; use_row_as_full_screen_section=&#8221;no&#8221; type=&#8221;grid&#8221; angled_section=&#8221;no&#8221; text_align=&#8221;left&#8221; background_image_as_pattern=&#8221;without_pattern&#8221; css=&#8221;.vc_custom_1466604420616{padding-top: 96px !important;padding-bottom: 83px !important;}&#8221;][vc_column][qode_elements_holder number_of_columns=&#8221;two_columns&#8221; alignment_one_column=&#8221;left&#8221;][qode_elements_holder_item vertical_alignment=&#8221;middle&#8221; advanced_animations=&#8221;no&#8221; item_padding_600_768=&#8221;0 0 7% 0&#8243; item_padding_480_600=&#8221;0 0 9% 0&#8243; item_padding_480=&#8221;0 0 10% 0&#8243;][vc_single_image image=&#8221;1370&#8243; img_size=&#8221;full&#8221; alignment=&#8221;center&#8221; qode_css_animation=&#8221;&#8221;][\/qode_elements_holder_item][qode_elements_holder_item vertical_alignment=&#8221;middle&#8221; advanced_animations=&#8221;no&#8221;][vc_column_text] Organizational Energy, 7 Pillars of Business Excellence (2a edici\u00f3) [\/vc_column_text][vc_empty_space height=&#8221;12px&#8221;][vc_column_text]Aquest llibre correspon a la versi\u00f3 anglesa de Energ\u00eda Organizacional,&#8230;<\/p>\n","protected":false},"author":1,"featured_media":0,"parent":0,"menu_order":0,"comment_status":"closed","ping_status":"closed","template":"full_width.php","meta":{"_mi_skip_tracking":false,"_monsterinsights_sitenote_active":false,"_monsterinsights_sitenote_note":"","_monsterinsights_sitenote_category":0},"yoast_head":"<!-- This site is optimized with the Yoast SEO plugin v20.12 - https:\/\/yoast.com\/wordpress\/plugins\/seo\/ -->\n<title>Publicacions - Taga<\/title>\n<meta name=\"robots\" content=\"index, follow, max-snippet:-1, max-image-preview:large, max-video-preview:-1\" \/>\n<link rel=\"canonical\" href=\"https:\/\/consult.taga.net\/ca\/publicacions\/\" \/>\n<meta property=\"og:locale\" content=\"ca_ES\" \/>\n<meta property=\"og:type\" content=\"article\" \/>\n<meta property=\"og:title\" content=\"[:ca]Publicacions[:es]Publicaciones[:en]Publications[:] - Taga\" \/>\n<meta property=\"og:description\" content=\"[vc_row css_animation=&#8221;&#8221; row_type=&#8221;row&#8221; use_row_as_full_screen_section=&#8221;no&#8221; type=&#8221;grid&#8221; angled_section=&#8221;no&#8221; text_align=&#8221;left&#8221; background_image_as_pattern=&#8221;without_pattern&#8221; css=&#8221;.vc_custom_1466604420616{padding-top: 96px !important;padding-bottom: 83px !important;}&#8221;][vc_column][qode_elements_holder number_of_columns=&#8221;two_columns&#8221; alignment_one_column=&#8221;left&#8221;][qode_elements_holder_item vertical_alignment=&#8221;middle&#8221; advanced_animations=&#8221;no&#8221; item_padding_600_768=&#8221;0 0 7% 0&#8243; item_padding_480_600=&#8221;0 0 9% 0&#8243; item_padding_480=&#8221;0 0 10% 0&#8243;][vc_single_image image=&#8221;1370&#8243; img_size=&#8221;full&#8221; alignment=&#8221;center&#8221; qode_css_animation=&#8221;&#8221;][\/qode_elements_holder_item][qode_elements_holder_item vertical_alignment=&#8221;middle&#8221; advanced_animations=&#8221;no&#8221;][vc_column_text] Organizational Energy, 7 Pillars of Business Excellence (2a edici\u00f3) [\/vc_column_text][vc_empty_space height=&#8221;12px&#8221;][vc_column_text]Aquest llibre correspon a la versi\u00f3 anglesa de Energ\u00eda Organizacional,...\" \/>\n<meta property=\"og:url\" content=\"https:\/\/consult.taga.net\/ca\/publicacions\/\" \/>\n<meta property=\"og:site_name\" content=\"Taga\" \/>\n<meta property=\"article:modified_time\" content=\"2017-06-19T14:49:01+00:00\" \/>\n<meta name=\"twitter:card\" content=\"summary_large_image\" \/>\n<meta name=\"twitter:label1\" content=\"Temps estimat de lectura\" \/>\n\t<meta name=\"twitter:data1\" content=\"17 minuts\" \/>\n<script type=\"application\/ld+json\" class=\"yoast-schema-graph\">{\"@context\":\"https:\/\/schema.org\",\"@graph\":[{\"@type\":\"WebPage\",\"@id\":\"https:\/\/consult.taga.net\/ca\/publicacions\/\",\"url\":\"https:\/\/consult.taga.net\/ca\/publicacions\/\",\"name\":\"[:ca]Publicacions[:es]Publicaciones[:en]Publications[:] - Taga\",\"isPartOf\":{\"@id\":\"https:\/\/consult.taga.net\/ca\/#website\"},\"datePublished\":\"2017-03-06T10:49:54+00:00\",\"dateModified\":\"2017-06-19T14:49:01+00:00\",\"breadcrumb\":{\"@id\":\"https:\/\/consult.taga.net\/ca\/publicacions\/#breadcrumb\"},\"inLanguage\":\"ca\",\"potentialAction\":[{\"@type\":\"ReadAction\",\"target\":[\"https:\/\/consult.taga.net\/ca\/publicacions\/\"]}]},{\"@type\":\"BreadcrumbList\",\"@id\":\"https:\/\/consult.taga.net\/ca\/publicacions\/#breadcrumb\",\"itemListElement\":[{\"@type\":\"ListItem\",\"position\":1,\"name\":\"Inici\",\"item\":\"https:\/\/consult.taga.net\/ca\/\"},{\"@type\":\"ListItem\",\"position\":2,\"name\":\"Publicacions\"}]},{\"@type\":\"WebSite\",\"@id\":\"https:\/\/consult.taga.net\/ca\/#website\",\"url\":\"https:\/\/consult.taga.net\/ca\/\",\"name\":\"Taga\",\"description\":\"Leadership, Strategy, Culture\",\"publisher\":{\"@id\":\"https:\/\/consult.taga.net\/ca\/#organization\"},\"potentialAction\":[{\"@type\":\"SearchAction\",\"target\":{\"@type\":\"EntryPoint\",\"urlTemplate\":\"https:\/\/consult.taga.net\/ca\/?s={search_term_string}\"},\"query-input\":\"required name=search_term_string\"}],\"inLanguage\":\"ca\"},{\"@type\":\"Organization\",\"@id\":\"https:\/\/consult.taga.net\/ca\/#organization\",\"name\":\"Taga - Change Management\",\"url\":\"https:\/\/consult.taga.net\/ca\/\",\"logo\":{\"@type\":\"ImageObject\",\"inLanguage\":\"ca\",\"@id\":\"https:\/\/consult.taga.net\/ca\/#\/schema\/logo\/image\/\",\"url\":\"https:\/\/consult.taga.net\/wp-content\/uploads\/2019\/11\/Logo_change-management.png\",\"contentUrl\":\"https:\/\/consult.taga.net\/wp-content\/uploads\/2019\/11\/Logo_change-management.png\",\"width\":122,\"height\":68,\"caption\":\"Taga - Change Management\"},\"image\":{\"@id\":\"https:\/\/consult.taga.net\/ca\/#\/schema\/logo\/image\/\"}}]}<\/script>\n<!-- \/ Yoast SEO plugin. -->","yoast_head_json":{"title":"[:ca]Publicacions[:es]Publicaciones[:en]Publications[:] - Taga","robots":{"index":"index","follow":"follow","max-snippet":"max-snippet:-1","max-image-preview":"max-image-preview:large","max-video-preview":"max-video-preview:-1"},"canonical":"https:\/\/consult.taga.net\/ca\/publicacions\/","og_locale":"ca_ES","og_type":"article","og_title":"[:ca]Publicacions[:es]Publicaciones[:en]Publications[:] - Taga","og_description":"[vc_row css_animation=&#8221;&#8221; row_type=&#8221;row&#8221; use_row_as_full_screen_section=&#8221;no&#8221; type=&#8221;grid&#8221; angled_section=&#8221;no&#8221; text_align=&#8221;left&#8221; background_image_as_pattern=&#8221;without_pattern&#8221; css=&#8221;.vc_custom_1466604420616{padding-top: 96px !important;padding-bottom: 83px !important;}&#8221;][vc_column][qode_elements_holder number_of_columns=&#8221;two_columns&#8221; alignment_one_column=&#8221;left&#8221;][qode_elements_holder_item vertical_alignment=&#8221;middle&#8221; advanced_animations=&#8221;no&#8221; item_padding_600_768=&#8221;0 0 7% 0&#8243; item_padding_480_600=&#8221;0 0 9% 0&#8243; item_padding_480=&#8221;0 0 10% 0&#8243;][vc_single_image image=&#8221;1370&#8243; img_size=&#8221;full&#8221; alignment=&#8221;center&#8221; qode_css_animation=&#8221;&#8221;][\/qode_elements_holder_item][qode_elements_holder_item vertical_alignment=&#8221;middle&#8221; advanced_animations=&#8221;no&#8221;][vc_column_text] Organizational Energy, 7 Pillars of Business Excellence (2a edici\u00f3) [\/vc_column_text][vc_empty_space height=&#8221;12px&#8221;][vc_column_text]Aquest llibre correspon a la versi\u00f3 anglesa de Energ\u00eda Organizacional,...","og_url":"https:\/\/consult.taga.net\/ca\/publicacions\/","og_site_name":"Taga","article_modified_time":"2017-06-19T14:49:01+00:00","twitter_card":"summary_large_image","twitter_misc":{"Temps estimat de lectura":"17 minuts"},"schema":{"@context":"https:\/\/schema.org","@graph":[{"@type":"WebPage","@id":"https:\/\/consult.taga.net\/ca\/publicacions\/","url":"https:\/\/consult.taga.net\/ca\/publicacions\/","name":"[:ca]Publicacions[:es]Publicaciones[:en]Publications[:] - Taga","isPartOf":{"@id":"https:\/\/consult.taga.net\/ca\/#website"},"datePublished":"2017-03-06T10:49:54+00:00","dateModified":"2017-06-19T14:49:01+00:00","breadcrumb":{"@id":"https:\/\/consult.taga.net\/ca\/publicacions\/#breadcrumb"},"inLanguage":"ca","potentialAction":[{"@type":"ReadAction","target":["https:\/\/consult.taga.net\/ca\/publicacions\/"]}]},{"@type":"BreadcrumbList","@id":"https:\/\/consult.taga.net\/ca\/publicacions\/#breadcrumb","itemListElement":[{"@type":"ListItem","position":1,"name":"Inici","item":"https:\/\/consult.taga.net\/ca\/"},{"@type":"ListItem","position":2,"name":"Publicacions"}]},{"@type":"WebSite","@id":"https:\/\/consult.taga.net\/ca\/#website","url":"https:\/\/consult.taga.net\/ca\/","name":"Taga","description":"Leadership, Strategy, Culture","publisher":{"@id":"https:\/\/consult.taga.net\/ca\/#organization"},"potentialAction":[{"@type":"SearchAction","target":{"@type":"EntryPoint","urlTemplate":"https:\/\/consult.taga.net\/ca\/?s={search_term_string}"},"query-input":"required name=search_term_string"}],"inLanguage":"ca"},{"@type":"Organization","@id":"https:\/\/consult.taga.net\/ca\/#organization","name":"Taga - Change Management","url":"https:\/\/consult.taga.net\/ca\/","logo":{"@type":"ImageObject","inLanguage":"ca","@id":"https:\/\/consult.taga.net\/ca\/#\/schema\/logo\/image\/","url":"https:\/\/consult.taga.net\/wp-content\/uploads\/2019\/11\/Logo_change-management.png","contentUrl":"https:\/\/consult.taga.net\/wp-content\/uploads\/2019\/11\/Logo_change-management.png","width":122,"height":68,"caption":"Taga - Change Management"},"image":{"@id":"https:\/\/consult.taga.net\/ca\/#\/schema\/logo\/image\/"}}]}},"_links":{"self":[{"href":"https:\/\/consult.taga.net\/ca\/wp-json\/wp\/v2\/pages\/1365"}],"collection":[{"href":"https:\/\/consult.taga.net\/ca\/wp-json\/wp\/v2\/pages"}],"about":[{"href":"https:\/\/consult.taga.net\/ca\/wp-json\/wp\/v2\/types\/page"}],"author":[{"embeddable":true,"href":"https:\/\/consult.taga.net\/ca\/wp-json\/wp\/v2\/users\/1"}],"replies":[{"embeddable":true,"href":"https:\/\/consult.taga.net\/ca\/wp-json\/wp\/v2\/comments?post=1365"}],"version-history":[{"count":21,"href":"https:\/\/consult.taga.net\/ca\/wp-json\/wp\/v2\/pages\/1365\/revisions"}],"predecessor-version":[{"id":2109,"href":"https:\/\/consult.taga.net\/ca\/wp-json\/wp\/v2\/pages\/1365\/revisions\/2109"}],"wp:attachment":[{"href":"https:\/\/consult.taga.net\/ca\/wp-json\/wp\/v2\/media?parent=1365"}],"curies":[{"name":"wp","href":"https:\/\/api.w.org\/{rel}","templated":true}]}}