{"id":1675,"date":"2017-04-20T11:02:34","date_gmt":"2017-04-20T10:02:34","guid":{"rendered":"http:\/\/consult.taga.net\/?page_id=1675"},"modified":"2017-12-13T12:24:38","modified_gmt":"2017-12-13T11:24:38","slug":"leadership","status":"publish","type":"page","link":"https:\/\/consult.taga.net\/ca\/leadership\/","title":{"rendered":"Leadership"},"content":{"rendered":"<p>[vc_row css_animation=&#8221;&#8221; row_type=&#8221;row&#8221; use_row_as_full_screen_section=&#8221;no&#8221; type=&#8221;grid&#8221; angled_section=&#8221;no&#8221; text_align=&#8221;left&#8221; background_image_as_pattern=&#8221;without_pattern&#8221; css=&#8221;.vc_custom_1488535171578{padding-top: 100px !important;padding-bottom: 80px !important;}&#8221;][vc_column][qode_elements_holder number_of_columns=&#8221;two_columns&#8221; alignment_one_column=&#8221;left&#8221;][qode_elements_holder_item vertical_alignment=&#8221;middle&#8221; advanced_animations=&#8221;no&#8221; item_padding_600_768=&#8221;0 0 7% 0&#8243; item_padding_480_600=&#8221;0 0 9% 0&#8243; item_padding_480=&#8221;0 0 10% 0&#8243;][vc_column_text]<\/p>\n<h1><span style=\"color: #69509a;\">Rising Leaders<\/span><\/h1>\n<p>[\/vc_column_text][vc_empty_space height=&#8221;12px&#8221;][vc_column_text]Els CEOs, juntament amb els seus equips d\u2019Alta Direcci\u00f3, s\u00f3n els aut\u00e8ntics promotors de la transformaci\u00f3 a les organitzacions. \u00c9s aquest fet el que fa que l\u2019estil de lideratge en resulti tan rellevant per a l\u2019organitzaci\u00f3.<\/p>\n<p>&nbsp;<\/p>\n<p>Aquests l\u00edders han de fer front a canvis constants i en augment que exigeixen\u00a0 d\u2019ells un lideratge m\u00e9s complet, innovador i multifac\u00e8tic. Han d\u2019esdevenir, cadascun d\u2019ells, el <strong>L\u00edder de L\u00edders <\/strong>que impulsa el proc\u00e9s de transformaci\u00f3 de la seva pr\u00f2pia organitzaci\u00f3.[\/vc_column_text][vc_empty_space height=&#8221;15px&#8221;][\/qode_elements_holder_item][qode_elements_holder_item vertical_alignment=&#8221;middle&#8221; advanced_animations=&#8221;no&#8221;][vc_single_image image=&#8221;541&#8243; img_size=&#8221;full&#8221; alignment=&#8221;center&#8221; qode_css_animation=&#8221;&#8221;][\/qode_elements_holder_item][\/qode_elements_holder][\/vc_column][\/vc_row][vc_row css_animation=&#8221;&#8221; row_type=&#8221;row&#8221; use_row_as_full_screen_section=&#8221;no&#8221; type=&#8221;grid&#8221; angled_section=&#8221;no&#8221; text_align=&#8221;center&#8221; background_image_as_pattern=&#8221;without_pattern&#8221; background_color=&#8221;#69509a&#8221; css=&#8221;.vc_custom_1492687008902{padding-top: 130px !important;}&#8221;][vc_column][vc_column_text]<span style=\"color: #ffffff;\">TAGA, a trav\u00e9s del <strong>LIDERATGE CREATIU<\/strong>, ofereix un acompanyament i consultoria que permet als l\u00edders:<\/span>[\/vc_column_text][vc_empty_space height=&#8221;20px&#8221;][\/vc_column][\/vc_row][vc_row css_animation=&#8221;&#8221; row_type=&#8221;row&#8221; use_row_as_full_screen_section=&#8221;no&#8221; type=&#8221;grid&#8221; angled_section=&#8221;no&#8221; text_align=&#8221;center&#8221; background_image_as_pattern=&#8221;without_pattern&#8221; background_color=&#8221;#69509a&#8221; css=&#8221;.vc_custom_1492687016736{padding-bottom: 100px !important;}&#8221;][vc_column width=&#8221;1\/6&#8243;][\/vc_column][vc_column width=&#8221;2\/3&#8243;]<div class=\"q_image_with_text_over\"><div class=\"shader\" style = \"background-color: rgba(105,80,154,0.01)\"><\/div><img itemprop=\"image\" src=\"https:\/\/consult.taga.net\/wp-content\/uploads\/2017\/04\/leadership_int_banners-bg-transp-H2.png\" alt=\"Con\u00e8ixer\" \/><div class=\"text\"><table><tr><td><i class=\"icon_holder fa fa-search fa-lg \" style='color: #ffffff; border-color: rgba(255,255,255,0.6);'><\/i><h2 class=\"caption \" style=\"color: #ffffff;font-size: 60px;\">Con\u00e8ixer<\/h2><\/td><\/tr><\/table><table><tr><td><div class=\"desc\"><span style=\"color: #ffffff;\">Con\u00e8ixer millor la realitat profunda de la seva organitzaci\u00f3 tot aportant nous punts de vista.<\/span><\/div><\/td><\/tr><\/table><\/div><\/div><div class=\"q_image_with_text_over\"><div class=\"shader\" style = \"background-color: #69509a\"><\/div><img itemprop=\"image\" src=\"https:\/\/consult.taga.net\/wp-content\/uploads\/2017\/04\/leadership_int_banners-bg-transp-H2.png\" alt=\"Redirigir\" \/><div class=\"text\"><table><tr><td><i class=\"icon_holder fa fa-search fa-lg \" style='color: #ffffff; border-color: rgba(255,255,255,0.6);'><\/i><h2 class=\"caption \" style=\"color: #ffffff;font-size: 60px;\">Redirigir<\/h2><\/td><\/tr><\/table><table><tr><td><div class=\"desc\"><span style=\"color: #ffffff;\">Redirigir les seves capacitats i el seu talent cap als objetius marcats.<\/span><\/div><\/td><\/tr><\/table><\/div><\/div><div class=\"q_image_with_text_over\"><div class=\"shader\" style = \"background-color: #69509a\"><\/div><img itemprop=\"image\" src=\"https:\/\/consult.taga.net\/wp-content\/uploads\/2017\/04\/leadership_int_banners-bg-transp-H2.png\" alt=\"Incorporar\" \/><div class=\"text\"><table><tr><td><i class=\"icon_holder fa fa-search fa-lg \" style='color: #ffffff; border-color: rgba(255,255,255,0.6);'><\/i><h2 class=\"caption \" style=\"color: #ffffff;font-size: 60px;\">Incorporar<\/h2><\/td><\/tr><\/table><table><tr><td><div class=\"desc\"><span style=\"color: #ffffff;\">Incorporar noves eines i habilitats de lideratge.<\/span><\/div><\/td><\/tr><\/table><\/div><\/div><div class=\"q_image_with_text_over\"><div class=\"shader\" style = \"background-color: #69509a\"><\/div><img itemprop=\"image\" src=\"https:\/\/consult.taga.net\/wp-content\/uploads\/2017\/04\/leadership_int_banners-bg-transp-H2.png\" alt=\"Empoderar\" \/><div class=\"text\"><table><tr><td><i class=\"icon_holder fa fa-search fa-lg \" style='color: #ffffff; border-color: rgba(255,255,255,0.6);'><\/i><h2 class=\"caption \" style=\"color: #ffffff;font-size: 60px;\">Empoderar<\/h2><\/td><\/tr><\/table><table><tr><td><div class=\"desc\"><span style=\"color: #ffffff;\">Empoderar-lo per tal que el seu lideratge i actitud siguin el motor que impulsa l\u2019empresa vers una organitzaci\u00f3 m\u00e9s compromesa, rendible i participativa.<\/span><\/div><\/td><\/tr><\/table><\/div><\/div><div class=\"q_image_with_text_over\"><div class=\"shader\" style = \"background-color: #69509a\"><\/div><img itemprop=\"image\" src=\"https:\/\/consult.taga.net\/wp-content\/uploads\/2017\/04\/leadership_int_banners-bg-transp-H2.png\" alt=\"Assolir\" \/><div class=\"text\"><table><tr><td><i class=\"icon_holder fa fa-search fa-lg \" style='color: #ffffff; border-color: rgba(255,255,255,0.6);'><\/i><h2 class=\"caption \" style=\"color: #ffffff;font-size: 60px;\">Assolir<\/h2><\/td><\/tr><\/table><table><tr><td><div class=\"desc\"><span style=\"color: #ffffff;\">Assolir un estil de lideratge capa\u00e7 de cimentar la seva pr\u00f2pia transformaci\u00f3 personal.<\/span><\/div><\/td><\/tr><\/table><\/div><\/div>[\/vc_column][vc_column width=&#8221;1\/6&#8243;][\/vc_column][\/vc_row][vc_row css_animation=&#8221;&#8221; row_type=&#8221;row&#8221; use_row_as_full_screen_section=&#8221;no&#8221; type=&#8221;grid&#8221; angled_section=&#8221;no&#8221; text_align=&#8221;left&#8221; background_image_as_pattern=&#8221;without_pattern&#8221; background_color=&#8221;#f8f8f8&#8243; css=&#8221;.vc_custom_1492771758788{padding-top: 130px !important;padding-bottom: 130px !important;}&#8221;][vc_column][vc_tabs style=&#8221;vertical_left&#8221;][vc_tab title=&#8221;LCDG | Lideratge creatiu&#8221; tab_id=&#8221;c6eecd3e-2042-0&#8243;][vc_single_image image=&#8221;546&#8243; img_size=&#8221;full&#8221; qode_css_animation=&#8221;&#8221;][vc_column_text]<\/p>\n<h4>LCDG<\/h4>\n<p>[\/vc_column_text][vc_empty_space][vc_column_text]<\/p>\n<h1><span style=\"color: #69509a;\">Lideratge creatiu<\/span><\/h1>\n<p>[\/vc_column_text][vc_separator type=&#8221;small&#8221; position=&#8221;left&#8221; color=&#8221;#69509a&#8221; thickness=&#8221;2&#8243;][vc_column_text]<strong>PROGRAMA DE LIDERATGE CREATIU PER A DIRECTORS GENERALS<\/strong><\/p>\n<p>&nbsp;<\/p>\n<p>El lideratge creatiu \u00e9s un estil de lideratge que crea una base m\u00e9s s\u00f2lida sobre la qual construir i desenvolupar la transformaci\u00f3 personal del l\u00edder. Amb aquests fonaments, el l\u00edder pot agafar consistentment el tim\u00f3 del proc\u00e9s de canvi que avui dia la seva organitzaci\u00f3 est\u00e0 experimentant de forma irreversible. Tamb\u00e9 li permet comprendre el veritable sentit d\u2019aquest canvi dins un entorn m\u00e9s complex, immers en nous escenaris i noves exig\u00e8ncies per a totes les organitzacions.[\/vc_column_text][vc_empty_space height=&#8221;40px&#8221;][vc_single_image image=&#8221;1669&#8243; img_size=&#8221;full&#8221; alignment=&#8221;center&#8221; qode_css_animation=&#8221;&#8221;][\/vc_tab][vc_tab title=&#8221;LISH | Lideratge Sist\u00e8mic i Humanista&#8221; tab_id=&#8221;1492677289451-1-8&#8243;][vc_single_image image=&#8221;546&#8243; img_size=&#8221;full&#8221; qode_css_animation=&#8221;&#8221;][vc_column_text]<\/p>\n<h4>LISH<\/h4>\n<p>[\/vc_column_text][vc_empty_space][vc_column_text]<\/p>\n<h1 style=\"text-align: left;\"><span style=\"color: #69509a;\">Lideratge Sist\u00e8mic i Humanista<\/span><\/h1>\n<p>[\/vc_column_text][vc_separator type=&#8221;small&#8221; position=&#8221;left&#8221; color=&#8221;#69509a&#8221; thickness=&#8221;2&#8243;][vc_column_text]<strong>PROGRAMA DE DESENVOLUPAMENT DEL LIDERATGE PER A EQUIPS<\/strong><\/p>\n<p>&nbsp;<\/p>\n<p>Aquest programa desenvolupa habilitats humanistes i sist\u00e8miques per al lideratge i la gesti\u00f3 organitzacional en l\u2019entorn actual, cada vegada m\u00e9s complex, amb canvis extrems i amb nous reptes.<\/p>\n<div class=\"accordion_content no_icon ui-accordion-content ui-helper-reset ui-widget-content ui-corner-bottom ui-accordion-content-active\">\n<div class=\"accordion_content_inner\">\n<div class=\"wpb_text_column wpb_content_element \">\n<div class=\"wpb_wrapper\">\n<p>&nbsp;<\/p>\n<p>Aporta visi\u00f3, comprensi\u00f3 i habilitats complement\u00e0ries a les tradicionalment considerades dins el <em>management<\/em> organitzacional.<\/p>\n<p>&nbsp;<\/p>\n<p>Tamb\u00e9 incideix i afavoreix directament en el desenvolupament de la persona, treball que aporta beneficis tant a nivell professional com personal.<\/p>\n<\/div>\n<\/div>\n<\/div>\n<\/div>\n<p>[\/vc_column_text][vc_empty_space][vc_single_image image=&#8221;1671&#8243; img_size=&#8221;full&#8221; alignment=&#8221;center&#8221; qode_css_animation=&#8221;&#8221;][\/vc_tab][vc_tab title=&#8221;LIEP | Lideratge i Excel\u00b7l\u00e8ncia Pime&#8221; tab_id=&#8221;1492677294246-2-0&#8243;][vc_single_image image=&#8221;546&#8243; img_size=&#8221;full&#8221; qode_css_animation=&#8221;&#8221;][vc_column_text]<\/p>\n<h4>LIEP<\/h4>\n<p>[\/vc_column_text][vc_empty_space][vc_column_text]<\/p>\n<h1><span style=\"color: #69509a;\">Lideratge i Excel\u00b7l\u00e8ncia Pime<\/span><\/h1>\n<p>[\/vc_column_text][vc_separator type=&#8221;small&#8221; position=&#8221;left&#8221; color=&#8221;#69509a&#8221; thickness=&#8221;2&#8243;][vc_column_text]<strong>PROGRAMA DE DESENVOLUPAMENT PER A L\u00cdDERS I EQUIPS PIME<\/strong><\/p>\n<p>&nbsp;<\/p>\n<p>Aquest programa adapta el lideratge creatiu i el treball d\u2019excel\u00b7l\u00e8ncia sist\u00e8mic i humanista als l\u00edders i equips directius d\u2019empreses de perfil PIME. Proporciona una visi\u00f3 i una comprensi\u00f3 m\u00e9s profunda de la seva pr\u00f2pia realitat i tamb\u00e9 de l\u2019entorn actual complex i amb canvis extrems, amb la perspectiva PIME, molt diferent de les grans corporacions pel que fa a equips, presa de decisions i recursos, entre altres aspectes.[\/vc_column_text][vc_empty_space][vc_single_image image=&#8221;1670&#8243; img_size=&#8221;full&#8221; alignment=&#8221;center&#8221; qode_css_animation=&#8221;&#8221;][\/vc_tab][vc_tab title=&#8221;CCIE | Coaching Creatiu Individual i Equips&#8221; tab_id=&#8221;1492681225222-3-8&#8243;][vc_single_image image=&#8221;546&#8243; img_size=&#8221;full&#8221; qode_css_animation=&#8221;&#8221;][vc_column_text]<\/p>\n<h4>CCIE<\/h4>\n<p>[\/vc_column_text][vc_empty_space][vc_column_text]<\/p>\n<h1><span style=\"color: #69509a;\">Coaching Creatiu Individual i Equips<\/span><\/h1>\n<p>[\/vc_column_text][vc_separator type=&#8221;small&#8221; position=&#8221;left&#8221; color=&#8221;#69509a&#8221; thickness=&#8221;2&#8243;][vc_column_text]<strong>T\u00c8CNICA DE COACHING PROFESSIONAL I PERSONAL PER A DIRECTIUS<\/strong><\/p>\n<p>&nbsp;<\/p>\n<p>T\u00e8cnica de treball professional i personal que empodera al directiu o executiu i refor\u00e7a de forma exitosa la seva capacitat per assumir responsabilitats i fer front a nous reptes.<\/p>\n<p>&nbsp;<\/p>\n<p>Aquesta eina d\u2019acompanyament t\u00e9 gran impacte en la transformaci\u00f3 de les organitzacions. Per tant, \u00e9s totalment recomanable per aquells membres de l\u2019equip directiu que necessiten atenci\u00f3 personalitzada i complement\u00e0ria al treball grupal que la seva organitzaci\u00f3 pugui estar duent a terme.[\/vc_column_text][vc_empty_space][vc_single_image image=&#8221;1668&#8243; img_size=&#8221;full&#8221; alignment=&#8221;center&#8221; qode_css_animation=&#8221;&#8221;][\/vc_tab][\/vc_tabs][\/vc_column][\/vc_row][vc_row css_animation=&#8221;&#8221; row_type=&#8221;row&#8221; use_row_as_full_screen_section=&#8221;no&#8221; type=&#8221;grid&#8221; angled_section=&#8221;no&#8221; text_align=&#8221;center&#8221; background_image_as_pattern=&#8221;without_pattern&#8221; background_color=&#8221;#ffffff&#8221; css=&#8221;.vc_custom_1492771770243{padding-top: 100px !important;padding-bottom: 100px !important;}&#8221;][vc_column width=&#8221;1\/2&#8243;][vc_single_image image=&#8221;593&#8243; img_size=&#8221;full&#8221; alignment=&#8221;center&#8221; qode_css_animation=&#8221;&#8221;][vc_empty_space height=&#8221;20px&#8221;][vc_column_text]<\/p>\n<h3><span style=\"color: #69509a;\"><strong><span style=\"color: #ff5f40;\">Evolving Strategies<\/span><br \/>\n<\/strong><\/span><\/h3>\n<p>[\/vc_column_text][vc_empty_space height=&#8221;20px&#8221;][vc_column_text]<span style=\"color: #ff5f40;\">L\u2019elecci\u00f3 i el desenvolupament d\u2019una estrat\u00e8gia excel\u00b7lent ha de capturar les oportunitats de futur&#8230;<br \/>\n<\/span>[\/vc_column_text][vc_empty_space height=&#8221;30px&#8221;]<a  itemprop=\"url\" href=\"https:\/\/consult.taga.net\/strategy\/\" target=\"_self\" data-hover-background-color=#ffffff data-hover-border-color=#958275 data-hover-color=#958275 class=\"qbutton  center default\" style=\"color: #ff5f40; border-color: #ff5f40; background-color: #ffffff;\">+ informaci\u00f3<\/a>[vc_empty_space height=&#8221;30px&#8221;][\/vc_column][vc_column width=&#8221;1\/2&#8243;][vc_single_image image=&#8221;619&#8243; img_size=&#8221;full&#8221; alignment=&#8221;center&#8221; qode_css_animation=&#8221;&#8221;][vc_empty_space height=&#8221;20px&#8221;][vc_column_text]<\/p>\n<h3><span style=\"color: #69509a;\"><strong><span style=\"color: #64cfa9;\">Upgrading Organizations<\/span><br \/>\n<\/strong><\/span><\/h3>\n<p>[\/vc_column_text][vc_empty_space height=&#8221;20px&#8221;][vc_column_text]<span style=\"color: #64cfa9;\">La Cultura Organitzacional defineix la forma de ser de l\u2019empresa, la seva personalitat, el seu estil de lideratge i&#8230;<\/span>[\/vc_column_text][vc_empty_space height=&#8221;30px&#8221;]<a  itemprop=\"url\" href=\"https:\/\/consult.taga.net\/culture\/\" target=\"_self\" data-hover-background-color=#ffffff data-hover-border-color=#958275 data-hover-color=#958275 class=\"qbutton  center default\" style=\"color: #64cfa9; border-color: #64cfa9; background-color: #ffffff;\">+ informaci\u00f3<\/a>[vc_empty_space height=&#8221;30px&#8221;][\/vc_column][\/vc_row]<\/p>","protected":false},"excerpt":{"rendered":"<p>[vc_row css_animation=&#8221;&#8221; row_type=&#8221;row&#8221; use_row_as_full_screen_section=&#8221;no&#8221; type=&#8221;grid&#8221; angled_section=&#8221;no&#8221; text_align=&#8221;left&#8221; background_image_as_pattern=&#8221;without_pattern&#8221; css=&#8221;.vc_custom_1488535171578{padding-top: 100px !important;padding-bottom: 80px !important;}&#8221;][vc_column][qode_elements_holder number_of_columns=&#8221;two_columns&#8221; alignment_one_column=&#8221;left&#8221;][qode_elements_holder_item vertical_alignment=&#8221;middle&#8221; advanced_animations=&#8221;no&#8221; item_padding_600_768=&#8221;0 0 7% 0&#8243; item_padding_480_600=&#8221;0 0 9% 0&#8243; item_padding_480=&#8221;0 0 10% 0&#8243;][vc_column_text] Rising Leaders [\/vc_column_text][vc_empty_space height=&#8221;12px&#8221;][vc_column_text]Els CEOs, juntament amb els seus equips d\u2019Alta Direcci\u00f3, s\u00f3n els aut\u00e8ntics promotors de la transformaci\u00f3 a les organitzacions. \u00c9s aquest fet el&#8230;<\/p>\n","protected":false},"author":1,"featured_media":0,"parent":0,"menu_order":0,"comment_status":"closed","ping_status":"closed","template":"full_width.php","meta":{"_mi_skip_tracking":false,"_monsterinsights_sitenote_active":false,"_monsterinsights_sitenote_note":"","_monsterinsights_sitenote_category":0},"yoast_head":"<!-- This site is optimized with the Yoast SEO plugin v20.12 - https:\/\/yoast.com\/wordpress\/plugins\/seo\/ -->\n<title>Leadership - Taga<\/title>\n<meta name=\"robots\" content=\"index, follow, max-snippet:-1, max-image-preview:large, max-video-preview:-1\" \/>\n<link rel=\"canonical\" href=\"https:\/\/consult.taga.net\/ca\/leadership\/\" \/>\n<meta property=\"og:locale\" content=\"ca_ES\" \/>\n<meta property=\"og:type\" content=\"article\" \/>\n<meta property=\"og:title\" content=\"Leadership - Taga\" \/>\n<meta property=\"og:description\" content=\"[vc_row css_animation=&#8221;&#8221; row_type=&#8221;row&#8221; use_row_as_full_screen_section=&#8221;no&#8221; type=&#8221;grid&#8221; angled_section=&#8221;no&#8221; text_align=&#8221;left&#8221; background_image_as_pattern=&#8221;without_pattern&#8221; css=&#8221;.vc_custom_1488535171578{padding-top: 100px !important;padding-bottom: 80px !important;}&#8221;][vc_column][qode_elements_holder number_of_columns=&#8221;two_columns&#8221; alignment_one_column=&#8221;left&#8221;][qode_elements_holder_item vertical_alignment=&#8221;middle&#8221; advanced_animations=&#8221;no&#8221; item_padding_600_768=&#8221;0 0 7% 0&#8243; item_padding_480_600=&#8221;0 0 9% 0&#8243; item_padding_480=&#8221;0 0 10% 0&#8243;][vc_column_text] Rising Leaders [\/vc_column_text][vc_empty_space height=&#8221;12px&#8221;][vc_column_text]Els CEOs, juntament amb els seus equips d\u2019Alta Direcci\u00f3, s\u00f3n els aut\u00e8ntics promotors de la transformaci\u00f3 a les organitzacions. \u00c9s aquest fet el...\" \/>\n<meta property=\"og:url\" content=\"https:\/\/consult.taga.net\/ca\/leadership\/\" \/>\n<meta property=\"og:site_name\" content=\"Taga\" \/>\n<meta property=\"article:modified_time\" content=\"2017-12-13T11:24:38+00:00\" \/>\n<meta name=\"twitter:card\" content=\"summary_large_image\" \/>\n<meta name=\"twitter:label1\" content=\"Temps estimat de lectura\" \/>\n\t<meta name=\"twitter:data1\" content=\"22 minuts\" \/>\n<script type=\"application\/ld+json\" class=\"yoast-schema-graph\">{\"@context\":\"https:\/\/schema.org\",\"@graph\":[{\"@type\":\"WebPage\",\"@id\":\"https:\/\/consult.taga.net\/ca\/leadership\/\",\"url\":\"https:\/\/consult.taga.net\/ca\/leadership\/\",\"name\":\"Leadership - Taga\",\"isPartOf\":{\"@id\":\"https:\/\/consult.taga.net\/ca\/#website\"},\"datePublished\":\"2017-04-20T10:02:34+00:00\",\"dateModified\":\"2017-12-13T11:24:38+00:00\",\"breadcrumb\":{\"@id\":\"https:\/\/consult.taga.net\/ca\/leadership\/#breadcrumb\"},\"inLanguage\":\"ca\",\"potentialAction\":[{\"@type\":\"ReadAction\",\"target\":[\"https:\/\/consult.taga.net\/ca\/leadership\/\"]}]},{\"@type\":\"BreadcrumbList\",\"@id\":\"https:\/\/consult.taga.net\/ca\/leadership\/#breadcrumb\",\"itemListElement\":[{\"@type\":\"ListItem\",\"position\":1,\"name\":\"Inici\",\"item\":\"https:\/\/consult.taga.net\/ca\/\"},{\"@type\":\"ListItem\",\"position\":2,\"name\":\"Leadership\"}]},{\"@type\":\"WebSite\",\"@id\":\"https:\/\/consult.taga.net\/ca\/#website\",\"url\":\"https:\/\/consult.taga.net\/ca\/\",\"name\":\"Taga\",\"description\":\"Leadership, Strategy, Culture\",\"publisher\":{\"@id\":\"https:\/\/consult.taga.net\/ca\/#organization\"},\"potentialAction\":[{\"@type\":\"SearchAction\",\"target\":{\"@type\":\"EntryPoint\",\"urlTemplate\":\"https:\/\/consult.taga.net\/ca\/?s={search_term_string}\"},\"query-input\":\"required name=search_term_string\"}],\"inLanguage\":\"ca\"},{\"@type\":\"Organization\",\"@id\":\"https:\/\/consult.taga.net\/ca\/#organization\",\"name\":\"Taga - Change Management\",\"url\":\"https:\/\/consult.taga.net\/ca\/\",\"logo\":{\"@type\":\"ImageObject\",\"inLanguage\":\"ca\",\"@id\":\"https:\/\/consult.taga.net\/ca\/#\/schema\/logo\/image\/\",\"url\":\"https:\/\/consult.taga.net\/wp-content\/uploads\/2019\/11\/Logo_change-management.png\",\"contentUrl\":\"https:\/\/consult.taga.net\/wp-content\/uploads\/2019\/11\/Logo_change-management.png\",\"width\":122,\"height\":68,\"caption\":\"Taga - Change Management\"},\"image\":{\"@id\":\"https:\/\/consult.taga.net\/ca\/#\/schema\/logo\/image\/\"}}]}<\/script>\n<!-- \/ Yoast SEO plugin. -->","yoast_head_json":{"title":"Leadership - Taga","robots":{"index":"index","follow":"follow","max-snippet":"max-snippet:-1","max-image-preview":"max-image-preview:large","max-video-preview":"max-video-preview:-1"},"canonical":"https:\/\/consult.taga.net\/ca\/leadership\/","og_locale":"ca_ES","og_type":"article","og_title":"Leadership - Taga","og_description":"[vc_row css_animation=&#8221;&#8221; row_type=&#8221;row&#8221; use_row_as_full_screen_section=&#8221;no&#8221; type=&#8221;grid&#8221; angled_section=&#8221;no&#8221; text_align=&#8221;left&#8221; background_image_as_pattern=&#8221;without_pattern&#8221; css=&#8221;.vc_custom_1488535171578{padding-top: 100px !important;padding-bottom: 80px !important;}&#8221;][vc_column][qode_elements_holder number_of_columns=&#8221;two_columns&#8221; alignment_one_column=&#8221;left&#8221;][qode_elements_holder_item vertical_alignment=&#8221;middle&#8221; advanced_animations=&#8221;no&#8221; item_padding_600_768=&#8221;0 0 7% 0&#8243; item_padding_480_600=&#8221;0 0 9% 0&#8243; item_padding_480=&#8221;0 0 10% 0&#8243;][vc_column_text] Rising Leaders [\/vc_column_text][vc_empty_space height=&#8221;12px&#8221;][vc_column_text]Els CEOs, juntament amb els seus equips d\u2019Alta Direcci\u00f3, s\u00f3n els aut\u00e8ntics promotors de la transformaci\u00f3 a les organitzacions. \u00c9s aquest fet el...","og_url":"https:\/\/consult.taga.net\/ca\/leadership\/","og_site_name":"Taga","article_modified_time":"2017-12-13T11:24:38+00:00","twitter_card":"summary_large_image","twitter_misc":{"Temps estimat de lectura":"22 minuts"},"schema":{"@context":"https:\/\/schema.org","@graph":[{"@type":"WebPage","@id":"https:\/\/consult.taga.net\/ca\/leadership\/","url":"https:\/\/consult.taga.net\/ca\/leadership\/","name":"Leadership - Taga","isPartOf":{"@id":"https:\/\/consult.taga.net\/ca\/#website"},"datePublished":"2017-04-20T10:02:34+00:00","dateModified":"2017-12-13T11:24:38+00:00","breadcrumb":{"@id":"https:\/\/consult.taga.net\/ca\/leadership\/#breadcrumb"},"inLanguage":"ca","potentialAction":[{"@type":"ReadAction","target":["https:\/\/consult.taga.net\/ca\/leadership\/"]}]},{"@type":"BreadcrumbList","@id":"https:\/\/consult.taga.net\/ca\/leadership\/#breadcrumb","itemListElement":[{"@type":"ListItem","position":1,"name":"Inici","item":"https:\/\/consult.taga.net\/ca\/"},{"@type":"ListItem","position":2,"name":"Leadership"}]},{"@type":"WebSite","@id":"https:\/\/consult.taga.net\/ca\/#website","url":"https:\/\/consult.taga.net\/ca\/","name":"Taga","description":"Leadership, Strategy, Culture","publisher":{"@id":"https:\/\/consult.taga.net\/ca\/#organization"},"potentialAction":[{"@type":"SearchAction","target":{"@type":"EntryPoint","urlTemplate":"https:\/\/consult.taga.net\/ca\/?s={search_term_string}"},"query-input":"required name=search_term_string"}],"inLanguage":"ca"},{"@type":"Organization","@id":"https:\/\/consult.taga.net\/ca\/#organization","name":"Taga - Change Management","url":"https:\/\/consult.taga.net\/ca\/","logo":{"@type":"ImageObject","inLanguage":"ca","@id":"https:\/\/consult.taga.net\/ca\/#\/schema\/logo\/image\/","url":"https:\/\/consult.taga.net\/wp-content\/uploads\/2019\/11\/Logo_change-management.png","contentUrl":"https:\/\/consult.taga.net\/wp-content\/uploads\/2019\/11\/Logo_change-management.png","width":122,"height":68,"caption":"Taga - Change Management"},"image":{"@id":"https:\/\/consult.taga.net\/ca\/#\/schema\/logo\/image\/"}}]}},"_links":{"self":[{"href":"https:\/\/consult.taga.net\/ca\/wp-json\/wp\/v2\/pages\/1675"}],"collection":[{"href":"https:\/\/consult.taga.net\/ca\/wp-json\/wp\/v2\/pages"}],"about":[{"href":"https:\/\/consult.taga.net\/ca\/wp-json\/wp\/v2\/types\/page"}],"author":[{"embeddable":true,"href":"https:\/\/consult.taga.net\/ca\/wp-json\/wp\/v2\/users\/1"}],"replies":[{"embeddable":true,"href":"https:\/\/consult.taga.net\/ca\/wp-json\/wp\/v2\/comments?post=1675"}],"version-history":[{"count":58,"href":"https:\/\/consult.taga.net\/ca\/wp-json\/wp\/v2\/pages\/1675\/revisions"}],"predecessor-version":[{"id":2288,"href":"https:\/\/consult.taga.net\/ca\/wp-json\/wp\/v2\/pages\/1675\/revisions\/2288"}],"wp:attachment":[{"href":"https:\/\/consult.taga.net\/ca\/wp-json\/wp\/v2\/media?parent=1675"}],"curies":[{"name":"wp","href":"https:\/\/api.w.org\/{rel}","templated":true}]}}