{"id":365,"date":"2016-06-22T10:04:51","date_gmt":"2016-06-22T10:04:51","guid":{"rendered":"http:\/\/bridge54.qodeinteractive.com\/?page_id=5"},"modified":"2020-07-10T11:29:11","modified_gmt":"2020-07-10T10:29:11","slug":"home","status":"publish","type":"page","link":"https:\/\/consult.taga.net\/ca\/","title":{"rendered":"Home"},"content":{"rendered":"<p>[vc_row css_animation=&#8221;&#8221; row_type=&#8221;row&#8221; use_row_as_full_screen_section=&#8221;no&#8221; type=&#8221;grid&#8221; angled_section=&#8221;no&#8221; text_align=&#8221;center&#8221; background_image_as_pattern=&#8221;without_pattern&#8221; css=&#8221;.vc_custom_1496049407333{padding-top: 110px !important;}&#8221;][vc_column width=&#8221;1\/6&#8243;][\/vc_column][vc_column width=&#8221;2\/3&#8243;][vc_column_text]Facilitem a organitzacions i empreses els processos de transformaci\u00f3 en un entorn canviant, tecnol\u00f2gic, modern i vibrant a trav\u00e9s de les metodologies de Gesti\u00f3 del Canvi i el Lideratge pel Canvi.<\/p>\n<p>&nbsp;<\/p>\n<p>Contribu\u00efm decisivament en la part humana del canvi perqu\u00e8 les organitzacions i empreses implementin els seus projectes de forma m\u00e9s r\u00e0pida, m\u00e9s profunda i amb major adopci\u00f3, alhora que redu\u00efm els sobre costos de projectes, les resist\u00e8ncies al canvi i l&#8217;impacte negatiu en les persones.<\/p>\n<p>&nbsp;<\/p>\n<p>El nostre treball millora l&#8217;efic\u00e0cia i el ROI dels projectes de canvi tals com la transformaci\u00f3 digital, la implantaci\u00f3 d&#8217;eines de gesti\u00f3 empresarial, el redisseny organitzacional i de processos, nous models de negoci o estrat\u00e8gics i la transformaci\u00f3 cultural, entre altres.<\/p>\n<p>&nbsp;<\/p>\n<p>Tamb\u00e9 contribu\u00efm de manera decisiva en operacions d&#8217;aliances, fusions i adquisicions, aix\u00ed com en processos de relleu generacional en equips directius i en \u00f2rgans de govern.<\/p>\n<p>&nbsp;<\/p>\n<p>Acompanyem a l&#8217;Alta Direcci\u00f3 i els seus equips perqu\u00e8 facin front a aquests reptes efica\u00e7ment des del Lideratge pel Canvi, l&#8217;Estrat\u00e8gia del Canvi i la transformaci\u00f3 de la Cultura Organitzacional.<\/p>\n<p>&nbsp;<\/p>\n<p><img decoding=\"async\" loading=\"lazy\" class=\"wp-image-2424 aligncenter\" src=\"https:\/\/consult.taga.net\/wp-content\/uploads\/2019\/11\/Change-Management-1.jpg\" alt=\"\" width=\"300\" height=\"59\" srcset=\"https:\/\/consult.taga.net\/wp-content\/uploads\/2019\/11\/Change-Management-1.jpg 1194w, https:\/\/consult.taga.net\/wp-content\/uploads\/2019\/11\/Change-Management-1-300x59.jpg 300w, https:\/\/consult.taga.net\/wp-content\/uploads\/2019\/11\/Change-Management-1-768x151.jpg 768w, https:\/\/consult.taga.net\/wp-content\/uploads\/2019\/11\/Change-Management-1-1024x202.jpg 1024w, https:\/\/consult.taga.net\/wp-content\/uploads\/2019\/11\/Change-Management-1-700x138.jpg 700w\" sizes=\"(max-width: 300px) 100vw, 300px\" \/><\/p>\n<p>[\/vc_column_text][vc_empty_space height=&#8221;50px&#8221;][\/vc_column][vc_column width=&#8221;1\/6&#8243;][\/vc_column][\/vc_row][vc_row css_animation=&#8221;&#8221; row_type=&#8221;row&#8221; use_row_as_full_screen_section=&#8221;no&#8221; type=&#8221;full_width&#8221; angled_section=&#8221;no&#8221; text_align=&#8221;left&#8221; background_image_as_pattern=&#8221;without_pattern&#8221;][vc_column][qode_elements_holder background_color=&#8221;f6f6f6&#8243; number_of_columns=&#8221;two_columns&#8221;][qode_elements_holder_item background_color=&#8221;#ffffff&#8221; vertical_alignment=&#8221;middle&#8221; advanced_animations=&#8221;no&#8221;][vc_single_image image=&#8221;811&#8243; img_size=&#8221;full&#8221; alignment=&#8221;center&#8221; qode_css_animation=&#8221;&#8221;][\/qode_elements_holder_item][qode_elements_holder_item background_color=&#8221;#ffffff&#8221; item_padding=&#8221;20% 20%&#8221; vertical_alignment=&#8221;middle&#8221; advanced_animations=&#8221;no&#8221; item_padding_1024_1280=&#8221;19% 23%&#8221; item_padding_768_1024=&#8221;21%&#8221; item_padding_600_768=&#8221;20% 23%&#8221; item_padding_480_600=&#8221;20% 18%&#8221; item_padding_480=&#8221;20% 12% 24%&#8221;][vc_column_text]<\/p>\n<h1><span style=\"color: #69509a;\">Rising<\/span><\/h1>\n<h1><span style=\"color: #69509a;\">Leaders<\/span><\/h1>\n<p>[\/vc_column_text][vc_empty_space height=&#8221;7px&#8221;][vc_column_text]Els CEOs, juntament amb els seus equips d\u2019Alta Direcci\u00f3, s\u00f3n els aut\u00e8ntics promotors de la transformaci\u00f3 a les organitzacions. \u00c9s aquest fet el que fa que l\u2019estil de lideratge en resulti tan rellevant per a l\u2019organitzaci\u00f3.[\/vc_column_text][vc_empty_space height=&#8221;22px&#8221;]<a  itemprop=\"url\" href=\"https:\/\/consult.taga.net\/leadership\/\" target=\"_self\" data-hover-background-color=#ffffff data-hover-border-color=#948175 data-hover-color=#948175 class=\"qbutton  default\" style=\"color: #69509a; border-color: #69509a; background-color: #ffffff;\">+ informaci\u00f3<\/a>[\/qode_elements_holder_item][\/qode_elements_holder][\/vc_column][\/vc_row][vc_row css_animation=&#8221;&#8221; row_type=&#8221;row&#8221; use_row_as_full_screen_section=&#8221;no&#8221; type=&#8221;full_width&#8221; angled_section=&#8221;no&#8221; text_align=&#8221;left&#8221; background_image_as_pattern=&#8221;without_pattern&#8221;][vc_column][qode_elements_holder background_color=&#8221;#ffffff&#8221; number_of_columns=&#8221;two_columns&#8221;][qode_elements_holder_item background_color=&#8221;#ffffff&#8221; item_padding=&#8221;20% 20%&#8221; vertical_alignment=&#8221;middle&#8221; advanced_animations=&#8221;no&#8221; item_padding_1024_1280=&#8221;19% 23%&#8221; item_padding_768_1024=&#8221;21%&#8221; item_padding_600_768=&#8221;20% 23%&#8221; item_padding_480_600=&#8221;20% 18%&#8221; item_padding_480=&#8221;20% 12% 24%&#8221;][vc_column_text]<\/p>\n<h1><span style=\"color: #ff5f40;\">Evolving<\/span><\/h1>\n<h1><span style=\"color: #ff5f40;\">Strategies<\/span><\/h1>\n<p>[\/vc_column_text][vc_empty_space height=&#8221;7px&#8221;][vc_column_text]L\u2019elecci\u00f3 i el desenvolupament d\u2019una estrat\u00e8gia excel\u00b7lent ha de capturar les oportunitats de futur per a l\u2019organitzaci\u00f3 i, especialment, ha de transmetre la direcci\u00f3 i la for\u00e7a que aquesta necessita per tal de mobilitzar recursos i persones.[\/vc_column_text][vc_empty_space height=&#8221;22px&#8221;]<a  itemprop=\"url\" href=\"https:\/\/consult.taga.net\/strategy\/\" target=\"_self\" data-hover-background-color=#ffffff data-hover-border-color=#948175 data-hover-color=#948175 class=\"qbutton  default\" style=\"color: #ff5f40; border-color: #ff5f40; background-color: #ffffff;\">+ informaci\u00f3<\/a>[\/qode_elements_holder_item][qode_elements_holder_item background_color=&#8221;#ffffff&#8221; vertical_alignment=&#8221;middle&#8221; advanced_animations=&#8221;no&#8221;][vc_single_image image=&#8221;815&#8243; img_size=&#8221;full&#8221; alignment=&#8221;center&#8221; qode_css_animation=&#8221;&#8221;][\/qode_elements_holder_item][\/qode_elements_holder][\/vc_column][\/vc_row][vc_row css_animation=&#8221;&#8221; row_type=&#8221;row&#8221; use_row_as_full_screen_section=&#8221;no&#8221; type=&#8221;full_width&#8221; angled_section=&#8221;no&#8221; text_align=&#8221;left&#8221; background_image_as_pattern=&#8221;without_pattern&#8221;][vc_column][qode_elements_holder background_color=&#8221;f6f6f6&#8243; number_of_columns=&#8221;two_columns&#8221;][qode_elements_holder_item background_color=&#8221;#ffffff&#8221; vertical_alignment=&#8221;middle&#8221; advanced_animations=&#8221;no&#8221;][vc_single_image image=&#8221;818&#8243; img_size=&#8221;full&#8221; alignment=&#8221;center&#8221; qode_css_animation=&#8221;&#8221;][\/qode_elements_holder_item][qode_elements_holder_item background_color=&#8221;#ffffff&#8221; item_padding=&#8221;20% 20%&#8221; vertical_alignment=&#8221;middle&#8221; advanced_animations=&#8221;no&#8221; item_padding_1024_1280=&#8221;19% 23%&#8221; item_padding_768_1024=&#8221;21%&#8221; item_padding_600_768=&#8221;20% 23%&#8221; item_padding_480_600=&#8221;20% 18%&#8221; item_padding_480=&#8221;20% 12% 24%&#8221;][vc_column_text]<\/p>\n<h1><span style=\"color: #64cfa9;\">Upgrading<\/span><\/h1>\n<h1><span style=\"color: #64cfa9;\">Organizations<\/span><\/h1>\n<p>[\/vc_column_text][vc_empty_space height=&#8221;7px&#8221;][vc_column_text]La Cultura Organitzacional recull tot all\u00f2\u00a0que defineix la manera de ser de l&#8217;empresa, la seva\u00a0personalitat, des del seu\u00a0estil de lideratge i la seva estrat\u00e8gia, passant per la seva missi\u00f3, visi\u00f3 i valors, i molts altres aspectes que la fan diferent a la resta.[\/vc_column_text][vc_empty_space height=&#8221;22px&#8221;]<a  itemprop=\"url\" href=\"https:\/\/consult.taga.net\/culture\/\" target=\"_self\" data-hover-background-color=#ffffff data-hover-border-color=#948175 data-hover-color=#948175 class=\"qbutton  default\" style=\"color: #64cfa9; border-color: #64cfa9; background-color: #ffffff;\">+ informaci\u00f3<\/a>[\/qode_elements_holder_item][\/qode_elements_holder][\/vc_column][\/vc_row][vc_row css_animation=&#8221;&#8221; row_type=&#8221;row&#8221; use_row_as_full_screen_section=&#8221;no&#8221; type=&#8221;grid&#8221; angled_section=&#8221;no&#8221; text_align=&#8221;left&#8221; background_image_as_pattern=&#8221;without_pattern&#8221; css=&#8221;.vc_custom_1487344983618{padding-top: 50px !important;padding-bottom: 100px !important;}&#8221;][vc_column]<div class='qode_carousels_holder clearfix'><div class='qode_carousels' data-number-of-visible-items='5'><ul class='slides'><li class='item'><div class=\"carousel_item_holder\"><span class='first_image_holder '><img itemprop=\"image\" src=\"https:\/\/consult.taga.net\/wp-content\/uploads\/2017\/04\/ALMIRALL21.png\" alt=\"carousel image\" \/><\/span><\/div><\/li><li class='item'><div class=\"carousel_item_holder\"><span class='first_image_holder '><img itemprop=\"image\" src=\"https:\/\/consult.taga.net\/wp-content\/uploads\/2017\/04\/ABERTIS21.png\" alt=\"carousel image\" \/><\/span><\/div><\/li><li class='item'><div class=\"carousel_item_holder\"><span class='first_image_holder '><img itemprop=\"image\" src=\"https:\/\/consult.taga.net\/wp-content\/uploads\/2017\/04\/BANC-SABADELL21.png\" alt=\"carousel image\" \/><\/span><\/div><\/li><li class='item'><div class=\"carousel_item_holder\"><span class='first_image_holder '><img itemprop=\"image\" src=\"https:\/\/consult.taga.net\/wp-content\/uploads\/2017\/04\/INSTITUT-CAT-SALUT21.png\" alt=\"carousel image\" \/><\/span><\/div><\/li><li class='item'><div class=\"carousel_item_holder\"><span class='first_image_holder '><img itemprop=\"image\" src=\"https:\/\/consult.taga.net\/wp-content\/uploads\/2017\/04\/GENCAT21.png\" alt=\"carousel image\" \/><\/span><\/div><\/li><li class='item'><div class=\"carousel_item_holder\"><span class='first_image_holder '><img itemprop=\"image\" src=\"https:\/\/consult.taga.net\/wp-content\/uploads\/2019\/11\/ajun.-terrasa.jpg\" alt=\"carousel image\" \/><\/span><\/div><\/li><li class='item'><div class=\"carousel_item_holder\"><span class='first_image_holder '><img itemprop=\"image\" src=\"https:\/\/consult.taga.net\/wp-content\/uploads\/2017\/04\/OLIVA-TORRAS21.png\" alt=\"carousel image\" \/><\/span><\/div><\/li><li class='item'><div class=\"carousel_item_holder\"><span class='first_image_holder '><img itemprop=\"image\" src=\"https:\/\/consult.taga.net\/wp-content\/uploads\/2019\/11\/mango.jpg\" alt=\"carousel image\" \/><\/span><\/div><\/li><li class='item'><div class=\"carousel_item_holder\"><span class='first_image_holder '><img itemprop=\"image\" src=\"https:\/\/consult.taga.net\/wp-content\/uploads\/2017\/04\/TCC21.png\" alt=\"carousel image\" \/><\/span><\/div><\/li><li class='item'><div class=\"carousel_item_holder\"><span class='first_image_holder '><img itemprop=\"image\" src=\"https:\/\/consult.taga.net\/wp-content\/uploads\/2017\/04\/BIENES-Y-BIENES21.png\" alt=\"carousel image\" \/><\/span><\/div><\/li><li class='item'><div class=\"carousel_item_holder\"><span class='first_image_holder '><img itemprop=\"image\" src=\"https:\/\/consult.taga.net\/wp-content\/uploads\/2019\/11\/Falk-1.jpg\" alt=\"carousel image\" \/><\/span><\/div><\/li><li class='item'><div class=\"carousel_item_holder\"><span class='first_image_holder '><img itemprop=\"image\" src=\"https:\/\/consult.taga.net\/wp-content\/uploads\/2017\/04\/CAMARA-COLOMBIANA-INFRAESTRUCTURA21.png\" alt=\"carousel image\" \/><\/span><\/div><\/li><\/ul><\/div><\/div>[vc_column_text]<\/p>\n<p style=\"text-align: center;\"><a href=\"https:\/\/consult.taga.net\/clients\/\">veure m\u00e9s clients<\/a><\/p>\n<p>[\/vc_column_text][\/vc_column][\/vc_row]<\/p>","protected":false},"excerpt":{"rendered":"<p>[vc_row css_animation=&#8221;&#8221; row_type=&#8221;row&#8221; use_row_as_full_screen_section=&#8221;no&#8221; type=&#8221;grid&#8221; angled_section=&#8221;no&#8221; text_align=&#8221;center&#8221; background_image_as_pattern=&#8221;without_pattern&#8221; css=&#8221;.vc_custom_1496049407333{padding-top: 110px !important;}&#8221;][vc_column width=&#8221;1\/6&#8243;][\/vc_column][vc_column width=&#8221;2\/3&#8243;][vc_column_text]Facilitem a organitzacions i empreses els processos de transformaci\u00f3 en un entorn canviant, tecnol\u00f2gic, modern i vibrant a trav\u00e9s de les metodologies de Gesti\u00f3 del Canvi i el Lideratge pel Canvi. &nbsp; Contribu\u00efm decisivament en la part humana del canvi perqu\u00e8 les organitzacions&#8230;<\/p>\n","protected":false},"author":1,"featured_media":0,"parent":0,"menu_order":0,"comment_status":"closed","ping_status":"closed","template":"full_width.php","meta":{"_mi_skip_tracking":false,"_monsterinsights_sitenote_active":false,"_monsterinsights_sitenote_note":"","_monsterinsights_sitenote_category":0},"yoast_head":"<!-- This site is optimized with the Yoast SEO plugin v20.12 - https:\/\/yoast.com\/wordpress\/plugins\/seo\/ -->\n<title>Home - Taga - Change Management &amp; Digital Transformation Consulting<\/title>\n<meta name=\"description\" content=\"Facilitem els processos de transformaci\u00f3 en un entorn canviant i tecnol\u00f2gic a trav\u00e9s de les metodologies de Gesti\u00f3 del Canvi i el Lideratge pel Canvi.\" \/>\n<meta name=\"robots\" content=\"index, follow, max-snippet:-1, max-image-preview:large, max-video-preview:-1\" \/>\n<link rel=\"canonical\" href=\"https:\/\/consult.taga.net\/ca\/\" \/>\n<meta property=\"og:locale\" content=\"ca_ES\" \/>\n<meta property=\"og:type\" content=\"article\" \/>\n<meta property=\"og:title\" content=\"Home - Taga - Change Management &amp; Digital Transformation Consulting\" \/>\n<meta property=\"og:description\" content=\"Facilitem els processos de transformaci\u00f3 en un entorn canviant i tecnol\u00f2gic a trav\u00e9s de les metodologies de Gesti\u00f3 del Canvi i el Lideratge pel Canvi.\" \/>\n<meta property=\"og:url\" content=\"https:\/\/consult.taga.net\/ca\/\" \/>\n<meta property=\"og:site_name\" content=\"Taga\" \/>\n<meta property=\"article:modified_time\" content=\"2020-07-10T10:29:11+00:00\" \/>\n<meta property=\"og:image\" content=\"https:\/\/consult.taga.net\/wp-content\/uploads\/2019\/11\/Change-Management-1.jpg\" \/>\n<meta name=\"twitter:card\" content=\"summary_large_image\" \/>\n<meta name=\"twitter:label1\" content=\"Temps estimat de lectura\" \/>\n\t<meta name=\"twitter:data1\" content=\"14 minuts\" \/>\n<script type=\"application\/ld+json\" class=\"yoast-schema-graph\">{\"@context\":\"https:\/\/schema.org\",\"@graph\":[{\"@type\":\"WebPage\",\"@id\":\"https:\/\/consult.taga.net\/ca\/\",\"url\":\"https:\/\/consult.taga.net\/ca\/\",\"name\":\"Home - Taga - Change Management & Digital Transformation Consulting\",\"isPartOf\":{\"@id\":\"https:\/\/consult.taga.net\/ca\/#website\"},\"datePublished\":\"2016-06-22T10:04:51+00:00\",\"dateModified\":\"2020-07-10T10:29:11+00:00\",\"description\":\"Facilitem els processos de transformaci\u00f3 en un entorn canviant i tecnol\u00f2gic a trav\u00e9s de les metodologies de Gesti\u00f3 del Canvi i el Lideratge pel Canvi.\",\"breadcrumb\":{\"@id\":\"https:\/\/consult.taga.net\/ca\/#breadcrumb\"},\"inLanguage\":\"ca\",\"potentialAction\":[{\"@type\":\"ReadAction\",\"target\":[\"https:\/\/consult.taga.net\/ca\/\"]}]},{\"@type\":\"BreadcrumbList\",\"@id\":\"https:\/\/consult.taga.net\/ca\/#breadcrumb\",\"itemListElement\":[{\"@type\":\"ListItem\",\"position\":1,\"name\":\"Inici\",\"item\":\"https:\/\/consult.taga.net\/ca\/\"},{\"@type\":\"ListItem\",\"position\":2,\"name\":\"Home\"}]},{\"@type\":\"WebSite\",\"@id\":\"https:\/\/consult.taga.net\/ca\/#website\",\"url\":\"https:\/\/consult.taga.net\/ca\/\",\"name\":\"Taga\",\"description\":\"Leadership, Strategy, Culture\",\"publisher\":{\"@id\":\"https:\/\/consult.taga.net\/ca\/#organization\"},\"potentialAction\":[{\"@type\":\"SearchAction\",\"target\":{\"@type\":\"EntryPoint\",\"urlTemplate\":\"https:\/\/consult.taga.net\/ca\/?s={search_term_string}\"},\"query-input\":\"required name=search_term_string\"}],\"inLanguage\":\"ca\"},{\"@type\":\"Organization\",\"@id\":\"https:\/\/consult.taga.net\/ca\/#organization\",\"name\":\"Taga - Change Management\",\"url\":\"https:\/\/consult.taga.net\/ca\/\",\"logo\":{\"@type\":\"ImageObject\",\"inLanguage\":\"ca\",\"@id\":\"https:\/\/consult.taga.net\/ca\/#\/schema\/logo\/image\/\",\"url\":\"https:\/\/consult.taga.net\/wp-content\/uploads\/2019\/11\/Logo_change-management.png\",\"contentUrl\":\"https:\/\/consult.taga.net\/wp-content\/uploads\/2019\/11\/Logo_change-management.png\",\"width\":122,\"height\":68,\"caption\":\"Taga - Change Management\"},\"image\":{\"@id\":\"https:\/\/consult.taga.net\/ca\/#\/schema\/logo\/image\/\"}}]}<\/script>\n<!-- \/ Yoast SEO plugin. -->","yoast_head_json":{"title":"Home - Taga - Change Management & Digital Transformation Consulting","description":"Facilitem els processos de transformaci\u00f3 en un entorn canviant i tecnol\u00f2gic a trav\u00e9s de les metodologies de Gesti\u00f3 del Canvi i el Lideratge pel Canvi.","robots":{"index":"index","follow":"follow","max-snippet":"max-snippet:-1","max-image-preview":"max-image-preview:large","max-video-preview":"max-video-preview:-1"},"canonical":"https:\/\/consult.taga.net\/ca\/","og_locale":"ca_ES","og_type":"article","og_title":"Home - Taga - Change Management & Digital Transformation Consulting","og_description":"Facilitem els processos de transformaci\u00f3 en un entorn canviant i tecnol\u00f2gic a trav\u00e9s de les metodologies de Gesti\u00f3 del Canvi i el Lideratge pel Canvi.","og_url":"https:\/\/consult.taga.net\/ca\/","og_site_name":"Taga","article_modified_time":"2020-07-10T10:29:11+00:00","og_image":[{"url":"https:\/\/consult.taga.net\/wp-content\/uploads\/2019\/11\/Change-Management-1.jpg"}],"twitter_card":"summary_large_image","twitter_misc":{"Temps estimat de lectura":"14 minuts"},"schema":{"@context":"https:\/\/schema.org","@graph":[{"@type":"WebPage","@id":"https:\/\/consult.taga.net\/ca\/","url":"https:\/\/consult.taga.net\/ca\/","name":"Home - Taga - Change Management & Digital Transformation Consulting","isPartOf":{"@id":"https:\/\/consult.taga.net\/ca\/#website"},"datePublished":"2016-06-22T10:04:51+00:00","dateModified":"2020-07-10T10:29:11+00:00","description":"Facilitem els processos de transformaci\u00f3 en un entorn canviant i tecnol\u00f2gic a trav\u00e9s de les metodologies de Gesti\u00f3 del Canvi i el Lideratge pel Canvi.","breadcrumb":{"@id":"https:\/\/consult.taga.net\/ca\/#breadcrumb"},"inLanguage":"ca","potentialAction":[{"@type":"ReadAction","target":["https:\/\/consult.taga.net\/ca\/"]}]},{"@type":"BreadcrumbList","@id":"https:\/\/consult.taga.net\/ca\/#breadcrumb","itemListElement":[{"@type":"ListItem","position":1,"name":"Inici","item":"https:\/\/consult.taga.net\/ca\/"},{"@type":"ListItem","position":2,"name":"Home"}]},{"@type":"WebSite","@id":"https:\/\/consult.taga.net\/ca\/#website","url":"https:\/\/consult.taga.net\/ca\/","name":"Taga","description":"Leadership, Strategy, Culture","publisher":{"@id":"https:\/\/consult.taga.net\/ca\/#organization"},"potentialAction":[{"@type":"SearchAction","target":{"@type":"EntryPoint","urlTemplate":"https:\/\/consult.taga.net\/ca\/?s={search_term_string}"},"query-input":"required name=search_term_string"}],"inLanguage":"ca"},{"@type":"Organization","@id":"https:\/\/consult.taga.net\/ca\/#organization","name":"Taga - Change Management","url":"https:\/\/consult.taga.net\/ca\/","logo":{"@type":"ImageObject","inLanguage":"ca","@id":"https:\/\/consult.taga.net\/ca\/#\/schema\/logo\/image\/","url":"https:\/\/consult.taga.net\/wp-content\/uploads\/2019\/11\/Logo_change-management.png","contentUrl":"https:\/\/consult.taga.net\/wp-content\/uploads\/2019\/11\/Logo_change-management.png","width":122,"height":68,"caption":"Taga - Change Management"},"image":{"@id":"https:\/\/consult.taga.net\/ca\/#\/schema\/logo\/image\/"}}]}},"_links":{"self":[{"href":"https:\/\/consult.taga.net\/ca\/wp-json\/wp\/v2\/pages\/365"}],"collection":[{"href":"https:\/\/consult.taga.net\/ca\/wp-json\/wp\/v2\/pages"}],"about":[{"href":"https:\/\/consult.taga.net\/ca\/wp-json\/wp\/v2\/types\/page"}],"author":[{"embeddable":true,"href":"https:\/\/consult.taga.net\/ca\/wp-json\/wp\/v2\/users\/1"}],"replies":[{"embeddable":true,"href":"https:\/\/consult.taga.net\/ca\/wp-json\/wp\/v2\/comments?post=365"}],"version-history":[{"count":112,"href":"https:\/\/consult.taga.net\/ca\/wp-json\/wp\/v2\/pages\/365\/revisions"}],"predecessor-version":[{"id":2810,"href":"https:\/\/consult.taga.net\/ca\/wp-json\/wp\/v2\/pages\/365\/revisions\/2810"}],"wp:attachment":[{"href":"https:\/\/consult.taga.net\/ca\/wp-json\/wp\/v2\/media?parent=365"}],"curies":[{"name":"wp","href":"https:\/\/api.w.org\/{rel}","templated":true}]}}