{"id":587,"date":"2017-02-14T11:13:55","date_gmt":"2017-02-14T10:13:55","guid":{"rendered":"http:\/\/consult.taga.net\/?page_id=587"},"modified":"2017-12-13T12:28:59","modified_gmt":"2017-12-13T11:28:59","slug":"strategy","status":"publish","type":"page","link":"https:\/\/consult.taga.net\/ca\/strategy\/","title":{"rendered":"Strategy"},"content":{"rendered":"<p>[vc_row css_animation=&#8221;&#8221; row_type=&#8221;row&#8221; use_row_as_full_screen_section=&#8221;no&#8221; type=&#8221;grid&#8221; angled_section=&#8221;no&#8221; text_align=&#8221;left&#8221; background_image_as_pattern=&#8221;without_pattern&#8221; css=&#8221;.vc_custom_1487263205527{padding-top: 100px !important;padding-bottom: 100px !important;}&#8221;][vc_column][qode_elements_holder number_of_columns=&#8221;two_columns&#8221; alignment_one_column=&#8221;left&#8221;][qode_elements_holder_item vertical_alignment=&#8221;middle&#8221; advanced_animations=&#8221;no&#8221; item_padding_600_768=&#8221;0 0 7% 0&#8243; item_padding_480_600=&#8221;0 0 9% 0&#8243; item_padding_480=&#8221;0 0 10% 0&#8243;][vc_column_text]<\/p>\n<h1><span style=\"color: #ff5f40;\">Evolving Strategies<\/span><\/h1>\n<p>[\/vc_column_text][vc_empty_space height=&#8221;12px&#8221;][vc_column_text]L\u2019elecci\u00f3 i el desenvolupament d\u2019una estrat\u00e8gia excel\u00b7lent ha de capturar les oportunitats de futur per a l\u2019organitzaci\u00f3 i, especialment, ha de transmetre la direcci\u00f3 i la for\u00e7a que aquesta necessita per tal de mobilitzar recursos i persones.<\/p>\n<p>&nbsp;<\/p>\n<p>Despr\u00e9s de la formulaci\u00f3 d\u2019una estrat\u00e8gia exitosa, el seg\u00fcent repte \u00e9s la seva implementaci\u00f3 mitjan\u00e7ant equips motivats i empoderats. A m\u00e9s \u00e9s important comptar amb un sistema d\u2019indicadors estrat\u00e8gics que comuniquin clarament l\u2019objectiu i que aportin informaci\u00f3 sobre la direcci\u00f3 i velocitat del proc\u00e9s estrat\u00e8gic.<\/p>\n<p>&nbsp;<\/p>\n<p>Dins l\u2019\u00e0mbit de l\u2019estrat\u00e8gia, TAGA proposa diversos programes de treball i serveis adre\u00e7ats als Equips Directius:[\/vc_column_text][vc_empty_space height=&#8221;15px&#8221;][\/qode_elements_holder_item][qode_elements_holder_item vertical_alignment=&#8221;middle&#8221; advanced_animations=&#8221;no&#8221;][vc_single_image image=&#8221;589&#8243; img_size=&#8221;full&#8221; alignment=&#8221;center&#8221; qode_css_animation=&#8221;&#8221;][\/qode_elements_holder_item][\/qode_elements_holder][\/vc_column][\/vc_row][vc_row css_animation=&#8221;&#8221; row_type=&#8221;row&#8221; use_row_as_full_screen_section=&#8221;no&#8221; type=&#8221;grid&#8221; angled_section=&#8221;no&#8221; text_align=&#8221;left&#8221; background_image_as_pattern=&#8221;without_pattern&#8221; background_color=&#8221;#f8f8f8&#8243; css=&#8221;.vc_custom_1492768668804{padding-top: 130px !important;padding-bottom: 130px !important;}&#8221;][vc_column][vc_tabs style=&#8221;vertical_left&#8221;][vc_tab title=&#8221;MVVE | Missi\u00f3, Visi\u00f3, Valors i Estrat\u00e8gia&#8221; tab_id=&#8221;c6eecd3e-2042-0&#8243;][vc_single_image image=&#8221;593&#8243; img_size=&#8221;full&#8221; qode_css_animation=&#8221;&#8221;][vc_column_text]<\/p>\n<h4>MVVE<\/h4>\n<p>[\/vc_column_text][vc_empty_space][vc_column_text]<\/p>\n<h1><span style=\"color: #ff5f40;\">Missi\u00f3, Visi\u00f3, Valors i Estrat\u00e8gia<\/span><\/h1>\n<p>[\/vc_column_text][vc_separator type=&#8221;small&#8221; position=&#8221;left&#8221; color=&#8221;#ff5f40&#8243; thickness=&#8221;2&#8243;][vc_column_text]<strong>PROGRAMA EXPERIENCIAL DE DESENVOLUPAMENT ESTRAT\u00c8GIC<\/strong><\/p>\n<p>&nbsp;<\/p>\n<p>Programa que dota de contingut a les bases de l\u2019estrat\u00e8gia a trav\u00e9s dels elements b\u00e0sics que formen part de la cultura d\u2019una organitzaci\u00f3: Missi\u00f3, Visi\u00f3, Valors i Estrat\u00e8gia.<\/p>\n<p>&nbsp;<\/p>\n<p>Donem suport a les empreses per realitzar un treball de reflexi\u00f3 profunda sobre la formulaci\u00f3 pr\u00f2pia de la seva\u00a0 MISSI\u00d3, VISI\u00d3, VALORS i ESTRAT\u00c8GIA.[\/vc_column_text][vc_empty_space height=&#8221;40px&#8221;][vc_single_image image=&#8221;1789&#8243; img_size=&#8221;full&#8221; alignment=&#8221;center&#8221; qode_css_animation=&#8221;&#8221;][\/vc_tab][vc_tab title=&#8221;CESH | Consultoria Estrat\u00e8gica Sist\u00e8mica i Humanista&#8221; tab_id=&#8221;1492766143227-1-7&#8243;][vc_single_image image=&#8221;593&#8243; img_size=&#8221;full&#8221; qode_css_animation=&#8221;&#8221;][vc_column_text]<\/p>\n<h4>CESH<\/h4>\n<p>[\/vc_column_text][vc_empty_space][vc_column_text]<\/p>\n<h1><span style=\"color: #ff5f40;\">Consultoria Estrat\u00e8gica Sist\u00e8mica i Humanista<\/span><\/h1>\n<p>[\/vc_column_text][vc_separator type=&#8221;small&#8221; position=&#8221;left&#8221; color=&#8221;#ff5f40&#8243; thickness=&#8221;2&#8243;][vc_column_text]<strong>METODOLOGIA SIST\u00c8MICA I HUMANISTA D\u2019AN\u00c0LISI I DESENVOLUPAMENT ESTRAT\u00c8GIC<\/strong><\/p>\n<div class=\"wpb_text_column wpb_content_element \">\n<div class=\"wpb_wrapper\">\n<p>&nbsp;<\/p>\n<p>Les principals palanques del canvi s\u00f3n el Lideratge, l\u2019Estrat\u00e8gia i la Cultura. Tanmateix, existeixen algunes m\u00e9s que cal valorar per assolir els objetius. S\u00f3n, principalment,\u00a0 la innovaci\u00f3, el disseny organitzacional, la col\u00b7laboraci\u00f3,\u00a0 la comunicaci\u00f3, la gesti\u00f3 d\u2019equips i persones i el desenvolupament del Talent.<\/p>\n<\/div>\n<\/div>\n<div class=\"vc_empty_space\"><\/div>\n<p>[\/vc_column_text][vc_empty_space height=&#8221;40px&#8221;][vc_single_image image=&#8221;1787&#8243; img_size=&#8221;full&#8221; alignment=&#8221;center&#8221; qode_css_animation=&#8221;&#8221;][\/vc_tab][vc_tab title=&#8221;IESH | Intel\u00b7lig\u00e8ncia Empresarial Sist\u00e8mica i Humanista&#8221; tab_id=&#8221;1492767973660-2-9&#8243;][vc_single_image image=&#8221;593&#8243; img_size=&#8221;full&#8221; qode_css_animation=&#8221;&#8221;][vc_column_text]<\/p>\n<h4>IESH<\/h4>\n<p>[\/vc_column_text][vc_empty_space][vc_column_text]<\/p>\n<h1><span style=\"color: #ff5f40;\">Intel\u00b7lig\u00e8ncia Empresarial Sist\u00e8mica i Humanista<\/span><\/h1>\n<p>[\/vc_column_text][vc_separator type=&#8221;small&#8221; position=&#8221;left&#8221; color=&#8221;#ff5f40&#8243; thickness=&#8221;2&#8243;][vc_column_text]<strong>EINA SIST\u00c8MICA I HUMANISTA PER A LA PRESA DE DECISIONS ESTRAT\u00c8GIQUES<\/strong><\/p>\n<p>&nbsp;<\/p>\n<p>La Intel\u00b7lig\u00e8ncia Empresarial Sist\u00e8mica aporta els instruments necessaris per la comprensi\u00f3 i el desenvolupament integral i sostenible de l\u2019organitzaci\u00f3 en el seu conjunt, assegurant-ne llur perman\u00e8ncia i millorant-ne la seva productivitat.<\/p>\n<p>&nbsp;<\/p>\n<p>Un dels objectius que acompleix aquesta eina \u00e9s el desenvolupament de la INTEL\u00b7LIG\u00c8NCIA EMOCIONAL.[\/vc_column_text][vc_empty_space height=&#8221;40px&#8221;][vc_single_image image=&#8221;1788&#8243; img_size=&#8221;full&#8221; alignment=&#8221;center&#8221; qode_css_animation=&#8221;&#8221;][\/vc_tab][vc_tab title=&#8221;AEOP | Aliances Estrat\u00e8giques Optimitzades&#8221; tab_id=&#8221;1492768111936-3-1&#8243;][vc_single_image image=&#8221;593&#8243; img_size=&#8221;full&#8221; qode_css_animation=&#8221;&#8221;][vc_column_text]<\/p>\n<h4>AEOP<\/h4>\n<p>[\/vc_column_text][vc_empty_space][vc_column_text]<\/p>\n<h1><span style=\"color: #ff5f40;\">Aliances Estrat\u00e8giques Optimitzades<\/span><\/h1>\n<p>[\/vc_column_text][vc_separator type=&#8221;small&#8221; position=&#8221;left&#8221; color=&#8221;#ff5f40&#8243; thickness=&#8221;2&#8243;][vc_column_text]<strong>MODEL DE NEGOCIACI\u00d3 SIST\u00c8MICA PER ALIANCES ESTRAT\u00c8GIQUES \u00d2PTIMES<\/strong><\/p>\n<p>&nbsp;<\/p>\n<p>Aquest model de treball facilita la negociaci\u00f3 d\u2019un partenariat entre dues o m\u00e9s empreses que comparteixen certs objectius i interessos a mig\/llarg termini.<\/p>\n<div class=\"accordion_content no_icon ui-accordion-content ui-helper-reset ui-widget-content ui-corner-bottom ui-accordion-content-active\">\n<div class=\"accordion_content_inner\">\n<div class=\"wpb_text_column wpb_content_element \">\n<div class=\"wpb_wrapper\">\n<p>&nbsp;<\/p>\n<p>A trav\u00e9s d\u2019un proc\u00e9s d\u2019an\u00e0lisi espec\u00edfica s\u2019aconsegueix, amb el menor esfor\u00e7 possible, determinar quin \u00e9s el tipus de relaci\u00f3 \u00f2ptim per a la consecuci\u00f3 dels\u00a0 objectius proposats.<\/p>\n<p>&nbsp;<\/p>\n<p>Aquesta metodologia:<\/p>\n<p>\u00b7 Revela les <strong>raons aut\u00e8ntiques<\/strong> que hi ha darrera del desig de partenariat de cada part.<\/p>\n<p>\u00b7 <strong>Analitza les condicions <\/strong>que faciliten la cooperaci\u00f3.<\/p>\n<p>\u00b7 Defineix de forma clara <strong>quines activitats hauran de ser desenvolupades <\/strong>per les diferents persones de l\u2019empresa per implementar la relaci\u00f3.<\/p>\n<p>\u00b7 Estableix r\u00e0pidament la <strong>zona d\u2019enteniment mutu <\/strong>i el comprom\u00eds requerit per\u00a0 assolir l\u2019\u00e8xit.<\/p>\n<p>\u00b7 Proporciona una estructura per <strong>mesurar els resultats.<\/strong><\/p>\n<\/div>\n<\/div>\n<\/div>\n<\/div>\n<p>[\/vc_column_text][vc_empty_space height=&#8221;40px&#8221;][vc_single_image image=&#8221;1786&#8243; img_size=&#8221;full&#8221; alignment=&#8221;center&#8221; qode_css_animation=&#8221;&#8221;][\/vc_tab][\/vc_tabs][\/vc_column][\/vc_row][vc_row css_animation=&#8221;&#8221; row_type=&#8221;row&#8221; use_row_as_full_screen_section=&#8221;no&#8221; type=&#8221;grid&#8221; angled_section=&#8221;no&#8221; text_align=&#8221;center&#8221; background_image_as_pattern=&#8221;without_pattern&#8221; css=&#8221;.vc_custom_1487157228208{padding-top: 100px !important;padding-bottom: 100px !important;}&#8221;][vc_column width=&#8221;1\/2&#8243;][vc_single_image image=&#8221;546&#8243; img_size=&#8221;full&#8221; alignment=&#8221;center&#8221; qode_css_animation=&#8221;&#8221;][vc_empty_space height=&#8221;20px&#8221;][vc_column_text]<\/p>\n<h3><span style=\"color: #69509a;\">Rising Leaders<br \/>\n<\/span><\/h3>\n<p>[\/vc_column_text][vc_empty_space height=&#8221;20px&#8221;][vc_column_text]<span style=\"color: #684f9a;\">Els CEOs, juntament amb els seus equips d\u2019Alta Direcci\u00f3, s\u00f3n els aut\u00e8ntics promotors de la transformaci\u00f3&#8230;<\/span>[\/vc_column_text][vc_empty_space height=&#8221;30px&#8221;]<a  itemprop=\"url\" href=\"https:\/\/consult.taga.net\/leadership\/\" target=\"_self\" data-hover-background-color=#ffffff data-hover-border-color=#958275 data-hover-color=#958275 class=\"qbutton  center default\" style=\"color: #684f9a; border-color: #684f9a; background-color: #ffffff;\">+ informaci\u00f3<\/a>[vc_empty_space height=&#8221;30px&#8221;][\/vc_column][vc_column width=&#8221;1\/2&#8243;][vc_single_image image=&#8221;619&#8243; img_size=&#8221;full&#8221; alignment=&#8221;center&#8221; qode_css_animation=&#8221;&#8221;][vc_empty_space height=&#8221;20px&#8221;][vc_column_text]<\/p>\n<h3><span style=\"color: #69509a;\"><strong><span style=\"color: #64cfa9;\">Upgrading Organizations<\/span><br \/>\n<\/strong><\/span><\/h3>\n<p>[\/vc_column_text][vc_empty_space height=&#8221;20px&#8221;][vc_column_text]<span style=\"color: #64cfa9;\">La Cultura Organitzacional defineix la forma de ser de l\u2019empresa, la seva personalitat, el seu estil de lideratge i &#8230;<\/span>[\/vc_column_text][vc_empty_space height=&#8221;30px&#8221;]<a  itemprop=\"url\" href=\"https:\/\/consult.taga.net\/culture\/\" target=\"_self\" data-hover-background-color=#ffffff data-hover-border-color=#958275 data-hover-color=#958275 class=\"qbutton  center default\" style=\"color: #64cfa9; border-color: #64cfa9; background-color: #ffffff;\">+ informaci\u00f3<\/a>[vc_empty_space height=&#8221;30px&#8221;][\/vc_column][\/vc_row]<\/p>","protected":false},"excerpt":{"rendered":"<p>[vc_row css_animation=&#8221;&#8221; row_type=&#8221;row&#8221; use_row_as_full_screen_section=&#8221;no&#8221; type=&#8221;grid&#8221; angled_section=&#8221;no&#8221; text_align=&#8221;left&#8221; background_image_as_pattern=&#8221;without_pattern&#8221; css=&#8221;.vc_custom_1487263205527{padding-top: 100px !important;padding-bottom: 100px !important;}&#8221;][vc_column][qode_elements_holder number_of_columns=&#8221;two_columns&#8221; alignment_one_column=&#8221;left&#8221;][qode_elements_holder_item vertical_alignment=&#8221;middle&#8221; advanced_animations=&#8221;no&#8221; item_padding_600_768=&#8221;0 0 7% 0&#8243; item_padding_480_600=&#8221;0 0 9% 0&#8243; item_padding_480=&#8221;0 0 10% 0&#8243;][vc_column_text] Evolving Strategies [\/vc_column_text][vc_empty_space height=&#8221;12px&#8221;][vc_column_text]L\u2019elecci\u00f3 i el desenvolupament d\u2019una estrat\u00e8gia excel\u00b7lent ha de capturar les oportunitats de futur per a l\u2019organitzaci\u00f3 i, especialment, ha de transmetre la&#8230;<\/p>\n","protected":false},"author":1,"featured_media":0,"parent":0,"menu_order":0,"comment_status":"closed","ping_status":"closed","template":"full_width.php","meta":{"_mi_skip_tracking":false,"_monsterinsights_sitenote_active":false,"_monsterinsights_sitenote_note":"","_monsterinsights_sitenote_category":0},"yoast_head":"<!-- This site is optimized with the Yoast SEO plugin v20.12 - https:\/\/yoast.com\/wordpress\/plugins\/seo\/ -->\n<title>Strategy - Taga<\/title>\n<meta name=\"robots\" content=\"index, follow, max-snippet:-1, max-image-preview:large, max-video-preview:-1\" \/>\n<link rel=\"canonical\" href=\"https:\/\/consult.taga.net\/ca\/strategy\/\" \/>\n<meta property=\"og:locale\" content=\"ca_ES\" \/>\n<meta property=\"og:type\" content=\"article\" \/>\n<meta property=\"og:title\" content=\"Strategy - Taga\" \/>\n<meta property=\"og:description\" content=\"[vc_row css_animation=&#8221;&#8221; row_type=&#8221;row&#8221; use_row_as_full_screen_section=&#8221;no&#8221; type=&#8221;grid&#8221; angled_section=&#8221;no&#8221; text_align=&#8221;left&#8221; background_image_as_pattern=&#8221;without_pattern&#8221; css=&#8221;.vc_custom_1487263205527{padding-top: 100px !important;padding-bottom: 100px !important;}&#8221;][vc_column][qode_elements_holder number_of_columns=&#8221;two_columns&#8221; alignment_one_column=&#8221;left&#8221;][qode_elements_holder_item vertical_alignment=&#8221;middle&#8221; advanced_animations=&#8221;no&#8221; item_padding_600_768=&#8221;0 0 7% 0&#8243; item_padding_480_600=&#8221;0 0 9% 0&#8243; item_padding_480=&#8221;0 0 10% 0&#8243;][vc_column_text] Evolving Strategies [\/vc_column_text][vc_empty_space height=&#8221;12px&#8221;][vc_column_text]L\u2019elecci\u00f3 i el desenvolupament d\u2019una estrat\u00e8gia excel\u00b7lent ha de capturar les oportunitats de futur per a l\u2019organitzaci\u00f3 i, especialment, ha de transmetre la...\" \/>\n<meta property=\"og:url\" content=\"https:\/\/consult.taga.net\/ca\/strategy\/\" \/>\n<meta property=\"og:site_name\" content=\"Taga\" \/>\n<meta property=\"article:modified_time\" content=\"2017-12-13T11:28:59+00:00\" \/>\n<meta name=\"twitter:card\" content=\"summary_large_image\" \/>\n<meta name=\"twitter:label1\" content=\"Temps estimat de lectura\" \/>\n\t<meta name=\"twitter:data1\" content=\"18 minuts\" \/>\n<script type=\"application\/ld+json\" class=\"yoast-schema-graph\">{\"@context\":\"https:\/\/schema.org\",\"@graph\":[{\"@type\":\"WebPage\",\"@id\":\"https:\/\/consult.taga.net\/ca\/strategy\/\",\"url\":\"https:\/\/consult.taga.net\/ca\/strategy\/\",\"name\":\"Strategy - Taga\",\"isPartOf\":{\"@id\":\"https:\/\/consult.taga.net\/ca\/#website\"},\"datePublished\":\"2017-02-14T10:13:55+00:00\",\"dateModified\":\"2017-12-13T11:28:59+00:00\",\"breadcrumb\":{\"@id\":\"https:\/\/consult.taga.net\/ca\/strategy\/#breadcrumb\"},\"inLanguage\":\"ca\",\"potentialAction\":[{\"@type\":\"ReadAction\",\"target\":[\"https:\/\/consult.taga.net\/ca\/strategy\/\"]}]},{\"@type\":\"BreadcrumbList\",\"@id\":\"https:\/\/consult.taga.net\/ca\/strategy\/#breadcrumb\",\"itemListElement\":[{\"@type\":\"ListItem\",\"position\":1,\"name\":\"Inici\",\"item\":\"https:\/\/consult.taga.net\/ca\/\"},{\"@type\":\"ListItem\",\"position\":2,\"name\":\"Strategy\"}]},{\"@type\":\"WebSite\",\"@id\":\"https:\/\/consult.taga.net\/ca\/#website\",\"url\":\"https:\/\/consult.taga.net\/ca\/\",\"name\":\"Taga\",\"description\":\"Leadership, Strategy, Culture\",\"publisher\":{\"@id\":\"https:\/\/consult.taga.net\/ca\/#organization\"},\"potentialAction\":[{\"@type\":\"SearchAction\",\"target\":{\"@type\":\"EntryPoint\",\"urlTemplate\":\"https:\/\/consult.taga.net\/ca\/?s={search_term_string}\"},\"query-input\":\"required name=search_term_string\"}],\"inLanguage\":\"ca\"},{\"@type\":\"Organization\",\"@id\":\"https:\/\/consult.taga.net\/ca\/#organization\",\"name\":\"Taga - Change Management\",\"url\":\"https:\/\/consult.taga.net\/ca\/\",\"logo\":{\"@type\":\"ImageObject\",\"inLanguage\":\"ca\",\"@id\":\"https:\/\/consult.taga.net\/ca\/#\/schema\/logo\/image\/\",\"url\":\"https:\/\/consult.taga.net\/wp-content\/uploads\/2019\/11\/Logo_change-management.png\",\"contentUrl\":\"https:\/\/consult.taga.net\/wp-content\/uploads\/2019\/11\/Logo_change-management.png\",\"width\":122,\"height\":68,\"caption\":\"Taga - Change Management\"},\"image\":{\"@id\":\"https:\/\/consult.taga.net\/ca\/#\/schema\/logo\/image\/\"}}]}<\/script>\n<!-- \/ Yoast SEO plugin. -->","yoast_head_json":{"title":"Strategy - Taga","robots":{"index":"index","follow":"follow","max-snippet":"max-snippet:-1","max-image-preview":"max-image-preview:large","max-video-preview":"max-video-preview:-1"},"canonical":"https:\/\/consult.taga.net\/ca\/strategy\/","og_locale":"ca_ES","og_type":"article","og_title":"Strategy - Taga","og_description":"[vc_row css_animation=&#8221;&#8221; row_type=&#8221;row&#8221; use_row_as_full_screen_section=&#8221;no&#8221; type=&#8221;grid&#8221; angled_section=&#8221;no&#8221; text_align=&#8221;left&#8221; background_image_as_pattern=&#8221;without_pattern&#8221; css=&#8221;.vc_custom_1487263205527{padding-top: 100px !important;padding-bottom: 100px !important;}&#8221;][vc_column][qode_elements_holder number_of_columns=&#8221;two_columns&#8221; alignment_one_column=&#8221;left&#8221;][qode_elements_holder_item vertical_alignment=&#8221;middle&#8221; advanced_animations=&#8221;no&#8221; item_padding_600_768=&#8221;0 0 7% 0&#8243; item_padding_480_600=&#8221;0 0 9% 0&#8243; item_padding_480=&#8221;0 0 10% 0&#8243;][vc_column_text] Evolving Strategies [\/vc_column_text][vc_empty_space height=&#8221;12px&#8221;][vc_column_text]L\u2019elecci\u00f3 i el desenvolupament d\u2019una estrat\u00e8gia excel\u00b7lent ha de capturar les oportunitats de futur per a l\u2019organitzaci\u00f3 i, especialment, ha de transmetre la...","og_url":"https:\/\/consult.taga.net\/ca\/strategy\/","og_site_name":"Taga","article_modified_time":"2017-12-13T11:28:59+00:00","twitter_card":"summary_large_image","twitter_misc":{"Temps estimat de lectura":"18 minuts"},"schema":{"@context":"https:\/\/schema.org","@graph":[{"@type":"WebPage","@id":"https:\/\/consult.taga.net\/ca\/strategy\/","url":"https:\/\/consult.taga.net\/ca\/strategy\/","name":"Strategy - Taga","isPartOf":{"@id":"https:\/\/consult.taga.net\/ca\/#website"},"datePublished":"2017-02-14T10:13:55+00:00","dateModified":"2017-12-13T11:28:59+00:00","breadcrumb":{"@id":"https:\/\/consult.taga.net\/ca\/strategy\/#breadcrumb"},"inLanguage":"ca","potentialAction":[{"@type":"ReadAction","target":["https:\/\/consult.taga.net\/ca\/strategy\/"]}]},{"@type":"BreadcrumbList","@id":"https:\/\/consult.taga.net\/ca\/strategy\/#breadcrumb","itemListElement":[{"@type":"ListItem","position":1,"name":"Inici","item":"https:\/\/consult.taga.net\/ca\/"},{"@type":"ListItem","position":2,"name":"Strategy"}]},{"@type":"WebSite","@id":"https:\/\/consult.taga.net\/ca\/#website","url":"https:\/\/consult.taga.net\/ca\/","name":"Taga","description":"Leadership, Strategy, Culture","publisher":{"@id":"https:\/\/consult.taga.net\/ca\/#organization"},"potentialAction":[{"@type":"SearchAction","target":{"@type":"EntryPoint","urlTemplate":"https:\/\/consult.taga.net\/ca\/?s={search_term_string}"},"query-input":"required name=search_term_string"}],"inLanguage":"ca"},{"@type":"Organization","@id":"https:\/\/consult.taga.net\/ca\/#organization","name":"Taga - Change Management","url":"https:\/\/consult.taga.net\/ca\/","logo":{"@type":"ImageObject","inLanguage":"ca","@id":"https:\/\/consult.taga.net\/ca\/#\/schema\/logo\/image\/","url":"https:\/\/consult.taga.net\/wp-content\/uploads\/2019\/11\/Logo_change-management.png","contentUrl":"https:\/\/consult.taga.net\/wp-content\/uploads\/2019\/11\/Logo_change-management.png","width":122,"height":68,"caption":"Taga - Change Management"},"image":{"@id":"https:\/\/consult.taga.net\/ca\/#\/schema\/logo\/image\/"}}]}},"_links":{"self":[{"href":"https:\/\/consult.taga.net\/ca\/wp-json\/wp\/v2\/pages\/587"}],"collection":[{"href":"https:\/\/consult.taga.net\/ca\/wp-json\/wp\/v2\/pages"}],"about":[{"href":"https:\/\/consult.taga.net\/ca\/wp-json\/wp\/v2\/types\/page"}],"author":[{"embeddable":true,"href":"https:\/\/consult.taga.net\/ca\/wp-json\/wp\/v2\/users\/1"}],"replies":[{"embeddable":true,"href":"https:\/\/consult.taga.net\/ca\/wp-json\/wp\/v2\/comments?post=587"}],"version-history":[{"count":113,"href":"https:\/\/consult.taga.net\/ca\/wp-json\/wp\/v2\/pages\/587\/revisions"}],"predecessor-version":[{"id":2289,"href":"https:\/\/consult.taga.net\/ca\/wp-json\/wp\/v2\/pages\/587\/revisions\/2289"}],"wp:attachment":[{"href":"https:\/\/consult.taga.net\/ca\/wp-json\/wp\/v2\/media?parent=587"}],"curies":[{"name":"wp","href":"https:\/\/api.w.org\/{rel}","templated":true}]}}