{"id":934,"date":"2017-02-21T16:34:01","date_gmt":"2017-02-21T15:34:01","guid":{"rendered":"http:\/\/consult.taga.net\/?page_id=934"},"modified":"2019-11-18T12:23:28","modified_gmt":"2019-11-18T11:23:28","slug":"elisabet-freixa","status":"publish","type":"page","link":"https:\/\/consult.taga.net\/ca\/elisabet-freixa\/","title":{"rendered":"Elisabet Freixa"},"content":{"rendered":"<p>[vc_row css_animation=&#8221;&#8221; row_type=&#8221;row&#8221; use_row_as_full_screen_section=&#8221;no&#8221; type=&#8221;grid&#8221; angled_section=&#8221;no&#8221; text_align=&#8221;center&#8221; background_image_as_pattern=&#8221;without_pattern&#8221; css=&#8221;.vc_custom_1487351343116{padding-top: 100px !important;}&#8221;][vc_column][qode_elements_holder number_of_columns=&#8221;two_columns&#8221; alignment_one_column=&#8221;left&#8221;][qode_elements_holder_item vertical_alignment=&#8221;middle&#8221; advanced_animations=&#8221;no&#8221;][vc_single_image image=&#8221;914&#8243; img_size=&#8221;full&#8221; alignment=&#8221;center&#8221; qode_css_animation=&#8221;&#8221;][vc_empty_space height=&#8221;20px&#8221;]<span class='q_social_icon_holder normal_social' data-color=#64cfa9 data-hover-color=#948175><a itemprop='url' href='https:\/\/www.linkedin.com\/in\/elisabet-freixa-a7530221\/' target='_blank'><i class=\"qode_icon_font_awesome fa fa-linkedin fa-lg simple_social\" style=\"color: #64cfa9;\" ><\/i><\/a><\/span>[vc_column_text]<span style=\"color: #64cfa9;\">elisabet.freixa@taga.net<\/span>[\/vc_column_text][\/qode_elements_holder_item][qode_elements_holder_item vertical_alignment=&#8221;middle&#8221; advanced_animations=&#8221;no&#8221; item_padding_600_768=&#8221;0 0 7% 0&#8243; item_padding_480_600=&#8221;0 0 9% 0&#8243; item_padding_480=&#8221;0 0 10% 0&#8243;][vc_column_text]<\/p>\n<h1 style=\"text-align: left;\"><span style=\"color: #64cfa9;\">Development<\/span><\/h1>\n<h1 style=\"text-align: left;\"><span style=\"color: #64cfa9;\">Partner<br \/>\n<\/span><\/h1>\n<p>[\/vc_column_text][vc_empty_space height=&#8221;12px&#8221;][vc_column_text]<\/p>\n<p style=\"text-align: left;\">L\u2019Elisabet \u00e9s consultora i coach en Desenvolupament Organitzacional i d\u2019equips, a m\u00e9s de coach en treballs individuals.<\/p>\n<p style=\"text-align: left;\"><span style=\"color: #ffffff;\">&#8211;<\/span><\/p>\n<p style=\"text-align: left;\">Acompanya a les organitzacions en els processos de transformaci\u00f3, d\u2019alineaci\u00f3 de visi\u00f3 i valors, de reflexi\u00f3 estrat\u00e8gica, de canvi cultural cap a emprendre noves direccions. Acompanya als equips i a les persones a desenvolupar lideratge, comprom\u00eds, flexibilitat, creativitat, cohesi\u00f3. Experta en metodologies formatives i en t\u00e8cniques sist\u00e8miques. Destaca la seva habilitat per potenciar aquests processos de desenvolupament des de la realitat pr\u00e0ctica de l\u2019organitzaci\u00f3.<\/p>\n<p style=\"text-align: left;\"><span style=\"color: #ffffff;\">&#8211;<\/span><\/p>\n<p style=\"text-align: left;\">Treballa des d\u2019un paradigma conscient i\u00a0 d\u2019una visi\u00f3 sostenible del m\u00f3n.<\/p>\n<p style=\"text-align: left;\"><span style=\"color: #ffffff;\">&#8211;<\/span><\/p>\n<p style=\"text-align: left;\">Desenvolupa la seva traject\u00f2ria professional en la direcci\u00f3 del Departament de Persones i Organitzaci\u00f3 en la consultoria en gesti\u00f3 de persones en empreses. T\u00e9 gran experi\u00e8ncia en empreses familiars.<\/p>\n<p style=\"text-align: left;\"><span style=\"color: #ffffff;\">&#8211;<\/span><\/p>\n<p style=\"text-align: left;\">Elisabet \u00e9s Llicenciada en Pedagogia, Master en Gesti\u00f3 de RRHH per EADA i Certificada en Coaching per la ICF. Practitioner en PNL i en metodologia Sist\u00e8mica i Humanista de Pinea3. Formada en treball sist\u00e8mic per l\u2019Institut Bert Hellinger d\u2019Holanda, de la m\u00e0 dels grans experts europeus.<\/p>\n<p style=\"text-align: left;\"><span style=\"color: #ffffff;\">&#8211;<\/span><\/p>\n<p style=\"text-align: left;\">Est\u00e0 casada i t\u00e9 dos fills. Actualment resideix a cavall entre Vic (Barcelona) i Chicago (USA).<\/p>\n<p>[\/vc_column_text][vc_empty_space height=&#8221;15px&#8221;][\/qode_elements_holder_item][\/qode_elements_holder][\/vc_column][\/vc_row][vc_row css_animation=&#8221;&#8221; row_type=&#8221;row&#8221; use_row_as_full_screen_section=&#8221;no&#8221; type=&#8221;grid&#8221; angled_section=&#8221;no&#8221; text_align=&#8221;left&#8221; background_image_as_pattern=&#8221;without_pattern&#8221; css=&#8221;.vc_custom_1487351597957{padding-top: 50px !important;padding-bottom: 50px !important;}&#8221;][vc_column][vc_separator type=&#8221;normal&#8221; color=&#8221;#64cfa9&#8243; thickness=&#8221;2&#8243;][\/vc_column][\/vc_row][vc_row css_animation=&#8221;&#8221; row_type=&#8221;row&#8221; use_row_as_full_screen_section=&#8221;no&#8221; type=&#8221;grid&#8221; angled_section=&#8221;no&#8221; text_align=&#8221;center&#8221; background_image_as_pattern=&#8221;without_pattern&#8221; css=&#8221;.vc_custom_1488448088922{padding-bottom: 50px !important;}&#8221;][vc_column width=&#8221;1\/4&#8243;]<div class='image_hover ' style='' data-transition-delay=''><div class='images_holder'><a itemprop='url' href='https:\/\/consult.taga.net\/xavier-tarre\/' target='_self'><img itemprop='image' class='active_image ' src='https:\/\/consult.taga.net\/wp-content\/uploads\/2017\/02\/fotos-bio-xavier-5.jpg' alt='' style='' \/><img itemprop='image' class='hover_image' src='https:\/\/consult.taga.net\/wp-content\/uploads\/2017\/02\/fotos-bio-xavier-3.jpg' alt='' style='' \/><\/a><\/div><\/div>[vc_column_text]<\/p>\n<h3><span style=\"color: #69509a;\"><a style=\"color: #69509a;\" href=\"https:\/\/consult.taga.net\/xavier-tarre\/\">Xavier Tarr\u00e9<\/a><\/span><\/h3>\n<p>[\/vc_column_text][vc_column_text]Founder &amp; Co-director[\/vc_column_text][vc_column_text]<span style=\"color: #69509a;\">xavier.tarre@taga.net<\/span>[\/vc_column_text]<span class='q_social_icon_holder normal_social' data-color=#69509a data-hover-color=#948175><a itemprop='url' href='https:\/\/www.linkedin.com\/in\/xaviertarre\/' target='_blank'><i class=\"qode_icon_font_awesome fa fa-linkedin fa-lg simple_social\" style=\"color: #69509a;\" ><\/i><\/a><\/span>[\/vc_column][vc_column width=&#8221;1\/4&#8243;]<div class='image_hover ' style='' data-transition-delay=''><div class='images_holder'><a itemprop='url' href='https:\/\/consult.taga.net\/joan-cos\/' target='_self'><img itemprop='image' class='active_image ' src='https:\/\/consult.taga.net\/wp-content\/uploads\/2017\/02\/foto-bio-joan_2.1.jpg' alt='' style='' \/><img itemprop='image' class='hover_image' src='https:\/\/consult.taga.net\/wp-content\/uploads\/2017\/02\/foto-bio-joan_2.jpg' alt='' style='' \/><\/a><\/div><\/div>[vc_column_text]<\/p>\n<h3><span style=\"color: #ff5f40;\"><a style=\"color: #ff5f40;\" href=\"https:\/\/consult.taga.net\/joan-cos\/\">Joan Cos<\/a><\/span><\/h3>\n<p>[\/vc_column_text][vc_column_text]Partner &amp; Co-director[\/vc_column_text][vc_column_text]<span style=\"color: #ff5f40;\">joan.cos@taga.net<\/span>[\/vc_column_text]<span class='q_social_icon_holder normal_social' data-color=#ff5f40 data-hover-color=#948175><a itemprop='url' href='https:\/\/www.linkedin.com\/in\/joan-cos-codina-27a4a6\/' target='_blank'><i class=\"qode_icon_font_awesome fa fa-linkedin fa-lg simple_social\" style=\"color: #ff5f40;\" ><\/i><\/a><\/span>[\/vc_column][vc_column width=&#8221;1\/4&#8243;]<div class='image_hover ' style='' data-transition-delay=''><div class='images_holder'><a itemprop='url' href='https:\/\/consult.taga.net\/trini-rodriguez\/' target='_self'><img itemprop='image' class='active_image ' src='https:\/\/consult.taga.net\/wp-content\/uploads\/2017\/02\/fotos-bio-trini-5.jpg' alt='' style='' \/><img itemprop='image' class='hover_image' src='https:\/\/consult.taga.net\/wp-content\/uploads\/2017\/02\/fotos-bio-trini-4.jpg' alt='' style='' \/><\/a><\/div><\/div>[vc_column_text]<\/p>\n<h3><span style=\"color: #64cfa9;\"><a style=\"color: #64cfa9;\" href=\"https:\/\/consult.taga.net\/trini-rodriguez\/\">Trini Rodr\u00edguez<\/a><\/span><\/h3>\n<p>[\/vc_column_text][vc_column_text]Managing Director[\/vc_column_text][vc_column_text]<span style=\"color: #64cfa9;\">trini.rodriguez@taga.net<\/span>[\/vc_column_text]<span class='q_social_icon_holder normal_social' data-color=#64cfa9 data-hover-color=#948175><a itemprop='url' href='https:\/\/www.linkedin.com\/in\/trini-rodr%C3%ADguez-57613717\/' target='_blank'><i class=\"qode_icon_font_awesome fa fa-linkedin fa-lg simple_social\" style=\"color: #64cfa9;\" ><\/i><\/a><\/span>[\/vc_column][vc_column width=&#8221;1\/4&#8243;]<div class='image_hover ' style='' data-transition-delay=''><div class='images_holder'><a itemprop='url' href='https:\/\/consult.taga.net\/olga-cecilia-olaya\/' target='_self'><img itemprop='image' class='active_image ' src='https:\/\/consult.taga.net\/wp-content\/uploads\/2017\/02\/BIO-olga2.jpg' alt='' style='' \/><img itemprop='image' class='hover_image' src='https:\/\/consult.taga.net\/wp-content\/uploads\/2017\/02\/BIO-olga.jpg' alt='' style='' \/><\/a><\/div><\/div>[vc_column_text]<\/p>\n<h3><span style=\"color: #64cfa9;\"><a style=\"color: #64cfa9;\" href=\"https:\/\/consult.taga.net\/olga-cecilia-olaya\/\">Olga Cecilia Olaya R\u00edos<\/a><\/span><\/h3>\n<p>[\/vc_column_text][vc_column_text]<\/p>\n<div class=\"wpb_text_column wpb_content_element \">\n<div class=\"wpb_wrapper\">\n<p>Partner Colombia | Co-Directora<\/p>\n<\/div>\n<\/div>\n<p>[\/vc_column_text][vc_column_text]<span style=\"color: #64cfa9;\">olgacecilia.olaya@taga.net<\/span>[\/vc_column_text]<span class='q_social_icon_holder normal_social' data-color=#64cfa9 data-hover-color=#948175><a itemprop='url' href='https:\/\/www.linkedin.com\/in\/olgaceciliaolayarios\/' target='_blank'><i class=\"qode_icon_font_awesome fa fa-linkedin fa-lg simple_social\" style=\"color: #64cfa9;\" ><\/i><\/a><\/span>[\/vc_column][\/vc_row][vc_row css_animation=&#8221;&#8221; row_type=&#8221;row&#8221; use_row_as_full_screen_section=&#8221;no&#8221; type=&#8221;grid&#8221; angled_section=&#8221;no&#8221; text_align=&#8221;center&#8221; background_image_as_pattern=&#8221;without_pattern&#8221; padding_bottom=&#8221;100&#8243;][vc_column width=&#8221;1\/4&#8243;]<div class='image_hover ' style='' data-transition-delay=''><div class='images_holder'><a itemprop='url' href='https:\/\/consult.taga.net\/jordi-del-bas\/' target='_self'><img itemprop='image' class='active_image ' src='https:\/\/consult.taga.net\/wp-content\/uploads\/2017\/02\/BIO-jordi2.jpg' alt='' style='' \/><img itemprop='image' class='hover_image' src='https:\/\/consult.taga.net\/wp-content\/uploads\/2017\/02\/BIO-jordi.jpg' alt='' style='' \/><\/a><\/div><\/div>[vc_column_text]<\/p>\n<h3><span style=\"color: #ff5f40;\"><a style=\"color: #ff5f40;\" href=\"https:\/\/consult.taga.net\/jordi-del-bas\/\">Jordi del Bas<\/a><\/span><\/h3>\n<p>[\/vc_column_text][vc_column_text]<\/p>\n<div class=\"wpb_text_column wpb_content_element \">\n<div class=\"wpb_wrapper\">\n<p>Partner | Development &amp; Evaluation<\/p>\n<\/div>\n<\/div>\n<p>[\/vc_column_text][vc_column_text]<span style=\"color: #ff5f40;\">jordi.delbas@taga.net<\/span>[\/vc_column_text]<span class='q_social_icon_holder normal_social' data-color=#ff5f40 data-hover-color=#948175><a itemprop='url' href='https:\/\/www.linkedin.com\/in\/jordi-del-bas-80869a2\/' target='_blank'><i class=\"qode_icon_font_awesome fa fa-linkedin fa-lg simple_social\" style=\"color: #ff5f40;\" ><\/i><\/a><\/span>[\/vc_column][vc_column width=&#8221;1\/4&#8243;]<div class='image_hover ' style='' data-transition-delay=''><div class='images_holder'><a itemprop='url' href='https:\/\/consult.taga.net\/nuria-torras\/' target='_self'><img itemprop='image' class='active_image ' src='https:\/\/consult.taga.net\/wp-content\/uploads\/2017\/02\/foto-bio-Nu\u0301ria_2.jpg' alt='' style='' \/><img itemprop='image' class='hover_image' src='https:\/\/consult.taga.net\/wp-content\/uploads\/2017\/02\/foto-bio-Nu\u0301ria.jpg' alt='' style='' \/><\/a><\/div><\/div>[vc_column_text]<\/p>\n<h3><span style=\"color: #64cfa9;\"><a style=\"color: #64cfa9;\" href=\"https:\/\/consult.taga.net\/nuria-torras\/\">N\u00faria Torras<\/a><\/span><\/h3>\n<p>[\/vc_column_text][vc_column_text]<\/p>\n<div class=\"wpb_text_column wpb_content_element \">\n<div class=\"wpb_wrapper\">\n<div class=\"wpb_text_column wpb_content_element \">\n<div class=\"wpb_wrapper\">\n<p>Administration &amp; Office Manager<\/p>\n<\/div>\n<\/div>\n<\/div>\n<\/div>\n<p>[\/vc_column_text][vc_column_text]<span style=\"color: #64cfa9;\">admin@taga.net<\/span>[\/vc_column_text]<span class='q_social_icon_holder normal_social' data-color=#64cfa9 data-hover-color=#948175><a itemprop='url' href='https:\/\/www.linkedin.com\/in\/nuriatorraspernas\/' target='_blank'><i class=\"qode_icon_font_awesome fa fa-linkedin fa-lg simple_social\" style=\"color: #64cfa9;\" ><\/i><\/a><\/span>[\/vc_column][vc_column width=&#8221;1\/4&#8243;]<div class='image_hover ' style='' data-transition-delay=''><div class='images_holder'><a itemprop='url' href='https:\/\/consult.taga.net\/alicia-marin\/' target='_self'><img itemprop='image' class='active_image ' src='https:\/\/consult.taga.net\/wp-content\/uploads\/2017\/02\/foto-bio-Alicia_2.jpg' alt='' style='' \/><img itemprop='image' class='hover_image' src='https:\/\/consult.taga.net\/wp-content\/uploads\/2017\/02\/foto-bio-Alicia.jpg' alt='' style='' \/><\/a><\/div><\/div>[vc_column_text]<\/p>\n<h3><span style=\"color: #64cfa9;\"><a style=\"color: #64cfa9;\" href=\"https:\/\/consult.taga.net\/alicia-marin\/\">Alicia Mar\u00edn Muniesa<\/a><\/span><\/h3>\n<p>[\/vc_column_text][vc_column_text]<\/p>\n<div class=\"wpb_text_column wpb_content_element \">\n<div class=\"wpb_wrapper\">\n<p>Project Director &amp; Coach<\/p>\n<\/div>\n<\/div>\n<p>[\/vc_column_text][vc_column_text]<span style=\"color: #64cfa9;\">alicia.marin@taga.net<\/span>[\/vc_column_text]<span class='q_social_icon_holder normal_social' data-color=#64cfa9 data-hover-color=#948175><a itemprop='url' href='https:\/\/www.linkedin.com\/in\/aliciamarinmuniesa\/' target='_blank'><i class=\"qode_icon_font_awesome fa fa-linkedin fa-lg simple_social\" style=\"color: #64cfa9;\" ><\/i><\/a><\/span>[\/vc_column][vc_column width=&#8221;1\/4&#8243;]<div class='image_hover ' style='' data-transition-delay=''><div class='images_holder'><a itemprop='url' href='https:\/\/consult.taga.net\/juan-carlos-lopez\/' target='_self'><img itemprop='image' class='active_image ' src='https:\/\/consult.taga.net\/wp-content\/uploads\/2017\/02\/BIO-juancar3.jpg' alt='' style='' \/><img itemprop='image' class='hover_image' src='https:\/\/consult.taga.net\/wp-content\/uploads\/2017\/02\/BIO-juan.jpg' alt='' style='' \/><\/a><\/div><\/div>[vc_column_text]<\/p>\n<h3><span style=\"color: #ff5f40;\"><a style=\"color: #ff5f40;\" href=\"https:\/\/consult.taga.net\/juan-carlos-lopez\/\">Juan Carlos L\u00f3pez<\/a><\/span><\/h3>\n<p>[\/vc_column_text][vc_column_text]<\/p>\n<div class=\"wpb_text_column wpb_content_element \">\n<div class=\"wpb_wrapper\">\n<div class=\"wpb_text_column wpb_content_element \">\n<div class=\"wpb_wrapper\">\n<p>Partner Colombia | Director de Proyectos<\/p>\n<\/div>\n<\/div>\n<\/div>\n<\/div>\n<p>[\/vc_column_text][vc_column_text]<span style=\"color: #ff5f40;\">juancarlos.lopez@taga.net<\/span>[\/vc_column_text][\/vc_column][\/vc_row]<\/p>","protected":false},"excerpt":{"rendered":"<p>[vc_row css_animation=&#8221;&#8221; row_type=&#8221;row&#8221; use_row_as_full_screen_section=&#8221;no&#8221; type=&#8221;grid&#8221; angled_section=&#8221;no&#8221; text_align=&#8221;center&#8221; background_image_as_pattern=&#8221;without_pattern&#8221; css=&#8221;.vc_custom_1487351343116{padding-top: 100px !important;}&#8221;][vc_column][qode_elements_holder number_of_columns=&#8221;two_columns&#8221; alignment_one_column=&#8221;left&#8221;][qode_elements_holder_item vertical_alignment=&#8221;middle&#8221; advanced_animations=&#8221;no&#8221;][vc_single_image image=&#8221;914&#8243; img_size=&#8221;full&#8221; alignment=&#8221;center&#8221; qode_css_animation=&#8221;&#8221;][vc_empty_space height=&#8221;20px&#8221;][vc_column_text]elisabet.freixa@taga.net[\/vc_column_text][\/qode_elements_holder_item][qode_elements_holder_item vertical_alignment=&#8221;middle&#8221; advanced_animations=&#8221;no&#8221; item_padding_600_768=&#8221;0 0 7% 0&#8243; item_padding_480_600=&#8221;0 0 9% 0&#8243; item_padding_480=&#8221;0 0 10% 0&#8243;][vc_column_text] Development Partner [\/vc_column_text][vc_empty_space height=&#8221;12px&#8221;][vc_column_text] L\u2019Elisabet \u00e9s consultora i coach en Desenvolupament Organitzacional i d\u2019equips, a m\u00e9s de coach en treballs individuals&#8230;.<\/p>\n","protected":false},"author":1,"featured_media":0,"parent":0,"menu_order":0,"comment_status":"closed","ping_status":"closed","template":"full_width.php","meta":{"_mi_skip_tracking":false,"_monsterinsights_sitenote_active":false,"_monsterinsights_sitenote_note":"","_monsterinsights_sitenote_category":0},"yoast_head":"<!-- This site is optimized with the Yoast SEO plugin v20.12 - https:\/\/yoast.com\/wordpress\/plugins\/seo\/ -->\n<title>Elisabet Freixa - Taga<\/title>\n<meta name=\"robots\" content=\"index, follow, max-snippet:-1, max-image-preview:large, max-video-preview:-1\" \/>\n<link rel=\"canonical\" href=\"https:\/\/consult.taga.net\/ca\/elisabet-freixa\/\" \/>\n<meta property=\"og:locale\" content=\"ca_ES\" \/>\n<meta property=\"og:type\" content=\"article\" \/>\n<meta property=\"og:title\" content=\"Elisabet Freixa - Taga\" \/>\n<meta property=\"og:description\" content=\"[vc_row css_animation=&#8221;&#8221; row_type=&#8221;row&#8221; use_row_as_full_screen_section=&#8221;no&#8221; type=&#8221;grid&#8221; angled_section=&#8221;no&#8221; text_align=&#8221;center&#8221; background_image_as_pattern=&#8221;without_pattern&#8221; css=&#8221;.vc_custom_1487351343116{padding-top: 100px !important;}&#8221;][vc_column][qode_elements_holder number_of_columns=&#8221;two_columns&#8221; alignment_one_column=&#8221;left&#8221;][qode_elements_holder_item vertical_alignment=&#8221;middle&#8221; advanced_animations=&#8221;no&#8221;][vc_single_image image=&#8221;914&#8243; img_size=&#8221;full&#8221; alignment=&#8221;center&#8221; qode_css_animation=&#8221;&#8221;][vc_empty_space height=&#8221;20px&#8221;][vc_column_text]elisabet.freixa@taga.net[\/vc_column_text][\/qode_elements_holder_item][qode_elements_holder_item vertical_alignment=&#8221;middle&#8221; advanced_animations=&#8221;no&#8221; item_padding_600_768=&#8221;0 0 7% 0&#8243; item_padding_480_600=&#8221;0 0 9% 0&#8243; item_padding_480=&#8221;0 0 10% 0&#8243;][vc_column_text] Development Partner [\/vc_column_text][vc_empty_space height=&#8221;12px&#8221;][vc_column_text] L\u2019Elisabet \u00e9s consultora i coach en Desenvolupament Organitzacional i d\u2019equips, a m\u00e9s de coach en treballs individuals....\" \/>\n<meta property=\"og:url\" content=\"https:\/\/consult.taga.net\/ca\/elisabet-freixa\/\" \/>\n<meta property=\"og:site_name\" content=\"Taga\" \/>\n<meta property=\"article:modified_time\" content=\"2019-11-18T11:23:28+00:00\" \/>\n<meta name=\"twitter:card\" content=\"summary_large_image\" \/>\n<meta name=\"twitter:label1\" content=\"Temps estimat de lectura\" \/>\n\t<meta name=\"twitter:data1\" content=\"16 minuts\" \/>\n<script type=\"application\/ld+json\" class=\"yoast-schema-graph\">{\"@context\":\"https:\/\/schema.org\",\"@graph\":[{\"@type\":\"WebPage\",\"@id\":\"https:\/\/consult.taga.net\/ca\/elisabet-freixa\/\",\"url\":\"https:\/\/consult.taga.net\/ca\/elisabet-freixa\/\",\"name\":\"Elisabet Freixa - Taga\",\"isPartOf\":{\"@id\":\"https:\/\/consult.taga.net\/ca\/#website\"},\"datePublished\":\"2017-02-21T15:34:01+00:00\",\"dateModified\":\"2019-11-18T11:23:28+00:00\",\"breadcrumb\":{\"@id\":\"https:\/\/consult.taga.net\/ca\/elisabet-freixa\/#breadcrumb\"},\"inLanguage\":\"ca\",\"potentialAction\":[{\"@type\":\"ReadAction\",\"target\":[\"https:\/\/consult.taga.net\/ca\/elisabet-freixa\/\"]}]},{\"@type\":\"BreadcrumbList\",\"@id\":\"https:\/\/consult.taga.net\/ca\/elisabet-freixa\/#breadcrumb\",\"itemListElement\":[{\"@type\":\"ListItem\",\"position\":1,\"name\":\"Inici\",\"item\":\"https:\/\/consult.taga.net\/ca\/\"},{\"@type\":\"ListItem\",\"position\":2,\"name\":\"Elisabet Freixa\"}]},{\"@type\":\"WebSite\",\"@id\":\"https:\/\/consult.taga.net\/ca\/#website\",\"url\":\"https:\/\/consult.taga.net\/ca\/\",\"name\":\"Taga\",\"description\":\"Leadership, Strategy, Culture\",\"publisher\":{\"@id\":\"https:\/\/consult.taga.net\/ca\/#organization\"},\"potentialAction\":[{\"@type\":\"SearchAction\",\"target\":{\"@type\":\"EntryPoint\",\"urlTemplate\":\"https:\/\/consult.taga.net\/ca\/?s={search_term_string}\"},\"query-input\":\"required name=search_term_string\"}],\"inLanguage\":\"ca\"},{\"@type\":\"Organization\",\"@id\":\"https:\/\/consult.taga.net\/ca\/#organization\",\"name\":\"Taga - Change Management\",\"url\":\"https:\/\/consult.taga.net\/ca\/\",\"logo\":{\"@type\":\"ImageObject\",\"inLanguage\":\"ca\",\"@id\":\"https:\/\/consult.taga.net\/ca\/#\/schema\/logo\/image\/\",\"url\":\"https:\/\/consult.taga.net\/wp-content\/uploads\/2019\/11\/Logo_change-management.png\",\"contentUrl\":\"https:\/\/consult.taga.net\/wp-content\/uploads\/2019\/11\/Logo_change-management.png\",\"width\":122,\"height\":68,\"caption\":\"Taga - Change Management\"},\"image\":{\"@id\":\"https:\/\/consult.taga.net\/ca\/#\/schema\/logo\/image\/\"}}]}<\/script>\n<!-- \/ Yoast SEO plugin. -->","yoast_head_json":{"title":"Elisabet Freixa - Taga","robots":{"index":"index","follow":"follow","max-snippet":"max-snippet:-1","max-image-preview":"max-image-preview:large","max-video-preview":"max-video-preview:-1"},"canonical":"https:\/\/consult.taga.net\/ca\/elisabet-freixa\/","og_locale":"ca_ES","og_type":"article","og_title":"Elisabet Freixa - Taga","og_description":"[vc_row css_animation=&#8221;&#8221; row_type=&#8221;row&#8221; use_row_as_full_screen_section=&#8221;no&#8221; type=&#8221;grid&#8221; angled_section=&#8221;no&#8221; text_align=&#8221;center&#8221; background_image_as_pattern=&#8221;without_pattern&#8221; css=&#8221;.vc_custom_1487351343116{padding-top: 100px !important;}&#8221;][vc_column][qode_elements_holder number_of_columns=&#8221;two_columns&#8221; alignment_one_column=&#8221;left&#8221;][qode_elements_holder_item vertical_alignment=&#8221;middle&#8221; advanced_animations=&#8221;no&#8221;][vc_single_image image=&#8221;914&#8243; img_size=&#8221;full&#8221; alignment=&#8221;center&#8221; qode_css_animation=&#8221;&#8221;][vc_empty_space height=&#8221;20px&#8221;][vc_column_text]elisabet.freixa@taga.net[\/vc_column_text][\/qode_elements_holder_item][qode_elements_holder_item vertical_alignment=&#8221;middle&#8221; advanced_animations=&#8221;no&#8221; item_padding_600_768=&#8221;0 0 7% 0&#8243; item_padding_480_600=&#8221;0 0 9% 0&#8243; item_padding_480=&#8221;0 0 10% 0&#8243;][vc_column_text] Development Partner [\/vc_column_text][vc_empty_space height=&#8221;12px&#8221;][vc_column_text] L\u2019Elisabet \u00e9s consultora i coach en Desenvolupament Organitzacional i d\u2019equips, a m\u00e9s de coach en treballs individuals....","og_url":"https:\/\/consult.taga.net\/ca\/elisabet-freixa\/","og_site_name":"Taga","article_modified_time":"2019-11-18T11:23:28+00:00","twitter_card":"summary_large_image","twitter_misc":{"Temps estimat de lectura":"16 minuts"},"schema":{"@context":"https:\/\/schema.org","@graph":[{"@type":"WebPage","@id":"https:\/\/consult.taga.net\/ca\/elisabet-freixa\/","url":"https:\/\/consult.taga.net\/ca\/elisabet-freixa\/","name":"Elisabet Freixa - Taga","isPartOf":{"@id":"https:\/\/consult.taga.net\/ca\/#website"},"datePublished":"2017-02-21T15:34:01+00:00","dateModified":"2019-11-18T11:23:28+00:00","breadcrumb":{"@id":"https:\/\/consult.taga.net\/ca\/elisabet-freixa\/#breadcrumb"},"inLanguage":"ca","potentialAction":[{"@type":"ReadAction","target":["https:\/\/consult.taga.net\/ca\/elisabet-freixa\/"]}]},{"@type":"BreadcrumbList","@id":"https:\/\/consult.taga.net\/ca\/elisabet-freixa\/#breadcrumb","itemListElement":[{"@type":"ListItem","position":1,"name":"Inici","item":"https:\/\/consult.taga.net\/ca\/"},{"@type":"ListItem","position":2,"name":"Elisabet Freixa"}]},{"@type":"WebSite","@id":"https:\/\/consult.taga.net\/ca\/#website","url":"https:\/\/consult.taga.net\/ca\/","name":"Taga","description":"Leadership, Strategy, Culture","publisher":{"@id":"https:\/\/consult.taga.net\/ca\/#organization"},"potentialAction":[{"@type":"SearchAction","target":{"@type":"EntryPoint","urlTemplate":"https:\/\/consult.taga.net\/ca\/?s={search_term_string}"},"query-input":"required name=search_term_string"}],"inLanguage":"ca"},{"@type":"Organization","@id":"https:\/\/consult.taga.net\/ca\/#organization","name":"Taga - Change Management","url":"https:\/\/consult.taga.net\/ca\/","logo":{"@type":"ImageObject","inLanguage":"ca","@id":"https:\/\/consult.taga.net\/ca\/#\/schema\/logo\/image\/","url":"https:\/\/consult.taga.net\/wp-content\/uploads\/2019\/11\/Logo_change-management.png","contentUrl":"https:\/\/consult.taga.net\/wp-content\/uploads\/2019\/11\/Logo_change-management.png","width":122,"height":68,"caption":"Taga - Change Management"},"image":{"@id":"https:\/\/consult.taga.net\/ca\/#\/schema\/logo\/image\/"}}]}},"_links":{"self":[{"href":"https:\/\/consult.taga.net\/ca\/wp-json\/wp\/v2\/pages\/934"}],"collection":[{"href":"https:\/\/consult.taga.net\/ca\/wp-json\/wp\/v2\/pages"}],"about":[{"href":"https:\/\/consult.taga.net\/ca\/wp-json\/wp\/v2\/types\/page"}],"author":[{"embeddable":true,"href":"https:\/\/consult.taga.net\/ca\/wp-json\/wp\/v2\/users\/1"}],"replies":[{"embeddable":true,"href":"https:\/\/consult.taga.net\/ca\/wp-json\/wp\/v2\/comments?post=934"}],"version-history":[{"count":39,"href":"https:\/\/consult.taga.net\/ca\/wp-json\/wp\/v2\/pages\/934\/revisions"}],"predecessor-version":[{"id":2712,"href":"https:\/\/consult.taga.net\/ca\/wp-json\/wp\/v2\/pages\/934\/revisions\/2712"}],"wp:attachment":[{"href":"https:\/\/consult.taga.net\/ca\/wp-json\/wp\/v2\/media?parent=934"}],"curies":[{"name":"wp","href":"https:\/\/api.w.org\/{rel}","templated":true}]}}