{"id":365,"date":"2016-06-22T10:04:51","date_gmt":"2016-06-22T10:04:51","guid":{"rendered":"http:\/\/bridge54.qodeinteractive.com\/?page_id=5"},"modified":"2020-07-10T11:29:11","modified_gmt":"2020-07-10T10:29:11","slug":"home","status":"publish","type":"page","link":"https:\/\/consult.taga.net\/en\/","title":{"rendered":"Home"},"content":{"rendered":"<p>[vc_row css_animation=&#8221;&#8221; row_type=&#8221;row&#8221; use_row_as_full_screen_section=&#8221;no&#8221; type=&#8221;grid&#8221; angled_section=&#8221;no&#8221; text_align=&#8221;center&#8221; background_image_as_pattern=&#8221;without_pattern&#8221; css=&#8221;.vc_custom_1496049407333{padding-top: 110px !important;}&#8221;][vc_column width=&#8221;1\/6&#8243;][\/vc_column][vc_column width=&#8221;2\/3&#8243;][vc_column_text]We ease and empower the transformation processes within organisations in an ever-changing, technological, modern and vibrant environment through Change Management methodologies and Leadership for Change.<\/p>\n<p>&nbsp;<\/p>\n<p>We decisively contribute to the human side of change, aiming to achieve a faster and deeper transformation, with major adoption rates; reducing costs, resistances to change and improving the impact on people.<\/p>\n<p>&nbsp;<\/p>\n<p>Our work fosters effectiveness and ROI of change projects such as digital transformation, the implementation of business management tools, redesign of organizations and processes, new business and strategic models and cultural transformation, among other projects and initiatives.<\/p>\n<p>&nbsp;<\/p>\n<p>Further on, we contribute to the success of business alliances, mergers and acquisitions, as well as to the generational shift in management teams and governance structures.<\/p>\n<p>&nbsp;<\/p>\n<p>We work with Senior Management and their teams towards faster and more efficient management of their challenges through Leadership for Change, Strategy for Change and the transformation of the Organizational Culture.<\/p>\n<p>&nbsp;<\/p>\n<p><img decoding=\"async\" loading=\"lazy\" class=\"wp-image-2424 aligncenter\" src=\"https:\/\/consult.taga.net\/wp-content\/uploads\/2019\/11\/Change-Management-1.jpg\" alt=\"\" width=\"300\" height=\"59\" srcset=\"https:\/\/consult.taga.net\/wp-content\/uploads\/2019\/11\/Change-Management-1.jpg 1194w, https:\/\/consult.taga.net\/wp-content\/uploads\/2019\/11\/Change-Management-1-300x59.jpg 300w, https:\/\/consult.taga.net\/wp-content\/uploads\/2019\/11\/Change-Management-1-768x151.jpg 768w, https:\/\/consult.taga.net\/wp-content\/uploads\/2019\/11\/Change-Management-1-1024x202.jpg 1024w, https:\/\/consult.taga.net\/wp-content\/uploads\/2019\/11\/Change-Management-1-700x138.jpg 700w\" sizes=\"(max-width: 300px) 100vw, 300px\" \/><\/p>\n<p>[\/vc_column_text][vc_empty_space height=&#8221;50px&#8221;][\/vc_column][vc_column width=&#8221;1\/6&#8243;][\/vc_column][\/vc_row][vc_row css_animation=&#8221;&#8221; row_type=&#8221;row&#8221; use_row_as_full_screen_section=&#8221;no&#8221; type=&#8221;full_width&#8221; angled_section=&#8221;no&#8221; text_align=&#8221;left&#8221; background_image_as_pattern=&#8221;without_pattern&#8221;][vc_column][qode_elements_holder background_color=&#8221;f6f6f6&#8243; number_of_columns=&#8221;two_columns&#8221;][qode_elements_holder_item background_color=&#8221;#ffffff&#8221; vertical_alignment=&#8221;middle&#8221; advanced_animations=&#8221;no&#8221;][vc_single_image image=&#8221;811&#8243; img_size=&#8221;full&#8221; alignment=&#8221;center&#8221; qode_css_animation=&#8221;&#8221;][\/qode_elements_holder_item][qode_elements_holder_item background_color=&#8221;#ffffff&#8221; item_padding=&#8221;20% 20%&#8221; vertical_alignment=&#8221;middle&#8221; advanced_animations=&#8221;no&#8221; item_padding_1024_1280=&#8221;19% 23%&#8221; item_padding_768_1024=&#8221;21%&#8221; item_padding_600_768=&#8221;20% 23%&#8221; item_padding_480_600=&#8221;20% 18%&#8221; item_padding_480=&#8221;20% 12% 24%&#8221;][vc_column_text]<\/p>\n<h1><span style=\"color: #69509a;\">Rising<\/span><\/h1>\n<h1><span style=\"color: #69509a;\">Leaders<\/span><\/h1>\n<p>[\/vc_column_text][vc_empty_space height=&#8221;7px&#8221;][vc_column_text]CEOs and their Senior Management teams are the real promoters of organizational change. That is why their leadership style is so relevant to the organization.[\/vc_column_text][vc_empty_space height=&#8221;22px&#8221;]<a  itemprop=\"url\" href=\"https:\/\/consult.taga.net\/leadership\/\" target=\"_self\" data-hover-background-color=#ffffff data-hover-border-color=#948175 data-hover-color=#948175 class=\"qbutton  default\" style=\"color: #69509a; border-color: #69509a; background-color: #ffffff;\">more information<\/a>[\/qode_elements_holder_item][\/qode_elements_holder][\/vc_column][\/vc_row][vc_row css_animation=&#8221;&#8221; row_type=&#8221;row&#8221; use_row_as_full_screen_section=&#8221;no&#8221; type=&#8221;full_width&#8221; angled_section=&#8221;no&#8221; text_align=&#8221;left&#8221; background_image_as_pattern=&#8221;without_pattern&#8221;][vc_column][qode_elements_holder background_color=&#8221;#ffffff&#8221; number_of_columns=&#8221;two_columns&#8221;][qode_elements_holder_item background_color=&#8221;#ffffff&#8221; item_padding=&#8221;20% 20%&#8221; vertical_alignment=&#8221;middle&#8221; advanced_animations=&#8221;no&#8221; item_padding_1024_1280=&#8221;19% 23%&#8221; item_padding_768_1024=&#8221;21%&#8221; item_padding_600_768=&#8221;20% 23%&#8221; item_padding_480_600=&#8221;20% 18%&#8221; item_padding_480=&#8221;20% 12% 24%&#8221;][vc_column_text]<\/p>\n<h1><span style=\"color: #ff5f40;\">Evolving<\/span><\/h1>\n<h1><span style=\"color: #ff5f40;\">Strategies<\/span><\/h1>\n<p>[\/vc_column_text][vc_empty_space height=&#8221;7px&#8221;][vc_column_text]The choice and development of an excellent strategy should capture future opportunities for the organization and should mostly transmit both the direction and the strength needed to mobilize resources and people.[\/vc_column_text][vc_empty_space height=&#8221;22px&#8221;]<a  itemprop=\"url\" href=\"https:\/\/consult.taga.net\/strategy\/\" target=\"_self\" data-hover-background-color=#ffffff data-hover-border-color=#948175 data-hover-color=#948175 class=\"qbutton  default\" style=\"color: #ff5f40; border-color: #ff5f40; background-color: #ffffff;\">more information<\/a>[\/qode_elements_holder_item][qode_elements_holder_item background_color=&#8221;#ffffff&#8221; vertical_alignment=&#8221;middle&#8221; advanced_animations=&#8221;no&#8221;][vc_single_image image=&#8221;815&#8243; img_size=&#8221;full&#8221; alignment=&#8221;center&#8221; qode_css_animation=&#8221;&#8221;][\/qode_elements_holder_item][\/qode_elements_holder][\/vc_column][\/vc_row][vc_row css_animation=&#8221;&#8221; row_type=&#8221;row&#8221; use_row_as_full_screen_section=&#8221;no&#8221; type=&#8221;full_width&#8221; angled_section=&#8221;no&#8221; text_align=&#8221;left&#8221; background_image_as_pattern=&#8221;without_pattern&#8221;][vc_column][qode_elements_holder background_color=&#8221;f6f6f6&#8243; number_of_columns=&#8221;two_columns&#8221;][qode_elements_holder_item background_color=&#8221;#ffffff&#8221; vertical_alignment=&#8221;middle&#8221; advanced_animations=&#8221;no&#8221;][vc_single_image image=&#8221;818&#8243; img_size=&#8221;full&#8221; alignment=&#8221;center&#8221; qode_css_animation=&#8221;&#8221;][\/qode_elements_holder_item][qode_elements_holder_item background_color=&#8221;#ffffff&#8221; item_padding=&#8221;20% 20%&#8221; vertical_alignment=&#8221;middle&#8221; advanced_animations=&#8221;no&#8221; item_padding_1024_1280=&#8221;19% 23%&#8221; item_padding_768_1024=&#8221;21%&#8221; item_padding_600_768=&#8221;20% 23%&#8221; item_padding_480_600=&#8221;20% 18%&#8221; item_padding_480=&#8221;20% 12% 24%&#8221;][vc_column_text]<\/p>\n<h1><span style=\"color: #64cfa9;\">Upgrading<\/span><\/h1>\n<h1><span style=\"color: #64cfa9;\">Organizations<\/span><\/h1>\n<p>[\/vc_column_text][vc_empty_space height=&#8221;7px&#8221;][vc_column_text]Organizational culture includes everything that defines the essence of a company, such as its personality, its leadership style and its strategy, through its mission, vision, values and many other aspects that make it different to the rest.[\/vc_column_text][vc_empty_space height=&#8221;22px&#8221;]<a  itemprop=\"url\" href=\"https:\/\/consult.taga.net\/culture\/\" target=\"_self\" data-hover-background-color=#ffffff data-hover-border-color=#948175 data-hover-color=#948175 class=\"qbutton  default\" style=\"color: #64cfa9; border-color: #64cfa9; background-color: #ffffff;\">more information<\/a>[\/qode_elements_holder_item][\/qode_elements_holder][\/vc_column][\/vc_row][vc_row css_animation=&#8221;&#8221; row_type=&#8221;row&#8221; use_row_as_full_screen_section=&#8221;no&#8221; type=&#8221;grid&#8221; angled_section=&#8221;no&#8221; text_align=&#8221;left&#8221; background_image_as_pattern=&#8221;without_pattern&#8221; css=&#8221;.vc_custom_1487344983618{padding-top: 50px !important;padding-bottom: 100px !important;}&#8221;][vc_column]<div class='qode_carousels_holder clearfix'><div class='qode_carousels' data-number-of-visible-items='5'><ul class='slides'><li class='item'><div class=\"carousel_item_holder\"><span class='first_image_holder '><img itemprop=\"image\" src=\"https:\/\/consult.taga.net\/wp-content\/uploads\/2017\/04\/ALMIRALL21.png\" alt=\"carousel image\" \/><\/span><\/div><\/li><li class='item'><div class=\"carousel_item_holder\"><span class='first_image_holder '><img itemprop=\"image\" src=\"https:\/\/consult.taga.net\/wp-content\/uploads\/2017\/04\/ABERTIS21.png\" alt=\"carousel image\" \/><\/span><\/div><\/li><li class='item'><div class=\"carousel_item_holder\"><span class='first_image_holder '><img itemprop=\"image\" src=\"https:\/\/consult.taga.net\/wp-content\/uploads\/2017\/04\/BANC-SABADELL21.png\" alt=\"carousel image\" \/><\/span><\/div><\/li><li class='item'><div class=\"carousel_item_holder\"><span class='first_image_holder '><img itemprop=\"image\" src=\"https:\/\/consult.taga.net\/wp-content\/uploads\/2017\/04\/INSTITUT-CAT-SALUT21.png\" alt=\"carousel image\" \/><\/span><\/div><\/li><li class='item'><div class=\"carousel_item_holder\"><span class='first_image_holder '><img itemprop=\"image\" src=\"https:\/\/consult.taga.net\/wp-content\/uploads\/2017\/04\/GENCAT21.png\" alt=\"carousel image\" \/><\/span><\/div><\/li><li class='item'><div class=\"carousel_item_holder\"><span class='first_image_holder '><img itemprop=\"image\" src=\"https:\/\/consult.taga.net\/wp-content\/uploads\/2019\/11\/ajun.-terrasa.jpg\" alt=\"carousel image\" \/><\/span><\/div><\/li><li class='item'><div class=\"carousel_item_holder\"><span class='first_image_holder '><img itemprop=\"image\" src=\"https:\/\/consult.taga.net\/wp-content\/uploads\/2017\/04\/OLIVA-TORRAS21.png\" alt=\"carousel image\" \/><\/span><\/div><\/li><li class='item'><div class=\"carousel_item_holder\"><span class='first_image_holder '><img itemprop=\"image\" src=\"https:\/\/consult.taga.net\/wp-content\/uploads\/2019\/11\/mango.jpg\" alt=\"carousel image\" \/><\/span><\/div><\/li><li class='item'><div class=\"carousel_item_holder\"><span class='first_image_holder '><img itemprop=\"image\" src=\"https:\/\/consult.taga.net\/wp-content\/uploads\/2017\/04\/TCC21.png\" alt=\"carousel image\" \/><\/span><\/div><\/li><li class='item'><div class=\"carousel_item_holder\"><span class='first_image_holder '><img itemprop=\"image\" src=\"https:\/\/consult.taga.net\/wp-content\/uploads\/2017\/04\/BIENES-Y-BIENES21.png\" alt=\"carousel image\" \/><\/span><\/div><\/li><li class='item'><div class=\"carousel_item_holder\"><span class='first_image_holder '><img itemprop=\"image\" src=\"https:\/\/consult.taga.net\/wp-content\/uploads\/2019\/11\/Falk-1.jpg\" alt=\"carousel image\" \/><\/span><\/div><\/li><li class='item'><div class=\"carousel_item_holder\"><span class='first_image_holder '><img itemprop=\"image\" src=\"https:\/\/consult.taga.net\/wp-content\/uploads\/2017\/04\/CAMARA-COLOMBIANA-INFRAESTRUCTURA21.png\" alt=\"carousel image\" \/><\/span><\/div><\/li><\/ul><\/div><\/div>[vc_column_text]<\/p>\n<p style=\"text-align: center;\"><a href=\"https:\/\/consult.taga.net\/clients\/\">more information<\/a><\/p>\n<p>[\/vc_column_text][\/vc_column][\/vc_row]<\/p>","protected":false},"excerpt":{"rendered":"<p>[vc_row css_animation=&#8221;&#8221; row_type=&#8221;row&#8221; use_row_as_full_screen_section=&#8221;no&#8221; type=&#8221;grid&#8221; angled_section=&#8221;no&#8221; text_align=&#8221;center&#8221; background_image_as_pattern=&#8221;without_pattern&#8221; css=&#8221;.vc_custom_1496049407333{padding-top: 110px !important;}&#8221;][vc_column width=&#8221;1\/6&#8243;][\/vc_column][vc_column width=&#8221;2\/3&#8243;][vc_column_text]We ease and empower the transformation processes within organisations in an ever-changing, technological, modern and vibrant environment through Change Management methodologies and Leadership for Change. &nbsp; We decisively contribute to the human side of change, aiming to achieve a faster and deeper transformation,&#8230;<\/p>\n","protected":false},"author":1,"featured_media":0,"parent":0,"menu_order":0,"comment_status":"closed","ping_status":"closed","template":"full_width.php","meta":{"_mi_skip_tracking":false,"_monsterinsights_sitenote_active":false,"_monsterinsights_sitenote_note":"","_monsterinsights_sitenote_category":0},"yoast_head":"<!-- This site is optimized with the Yoast SEO plugin v20.12 - https:\/\/yoast.com\/wordpress\/plugins\/seo\/ -->\n<title>Home - Taga - Change Management &amp; Digital Transformation Consulting<\/title>\n<meta name=\"description\" content=\"Facilitem els processos de transformaci\u00f3 en un entorn canviant i tecnol\u00f2gic a trav\u00e9s de les metodologies de Gesti\u00f3 del Canvi i el Lideratge pel Canvi.\" \/>\n<meta name=\"robots\" content=\"index, follow, max-snippet:-1, max-image-preview:large, max-video-preview:-1\" \/>\n<link rel=\"canonical\" href=\"https:\/\/consult.taga.net\/ca\/\" \/>\n<meta property=\"og:locale\" content=\"en_US\" \/>\n<meta property=\"og:type\" content=\"article\" \/>\n<meta property=\"og:title\" content=\"Home - Taga - Change Management &amp; Digital Transformation Consulting\" \/>\n<meta property=\"og:description\" content=\"Facilitem els processos de transformaci\u00f3 en un entorn canviant i tecnol\u00f2gic a trav\u00e9s de les metodologies de Gesti\u00f3 del Canvi i el Lideratge pel Canvi.\" \/>\n<meta property=\"og:url\" content=\"https:\/\/consult.taga.net\/ca\/\" \/>\n<meta property=\"og:site_name\" content=\"Taga\" \/>\n<meta property=\"article:modified_time\" content=\"2020-07-10T10:29:11+00:00\" \/>\n<meta property=\"og:image\" content=\"https:\/\/consult.taga.net\/wp-content\/uploads\/2019\/11\/Change-Management-1.jpg\" \/>\n<meta name=\"twitter:card\" content=\"summary_large_image\" \/>\n<meta name=\"twitter:label1\" content=\"Est. reading time\" \/>\n\t<meta name=\"twitter:data1\" content=\"14 minutes\" \/>\n<script type=\"application\/ld+json\" class=\"yoast-schema-graph\">{\"@context\":\"https:\/\/schema.org\",\"@graph\":[{\"@type\":\"WebPage\",\"@id\":\"https:\/\/consult.taga.net\/ca\/\",\"url\":\"https:\/\/consult.taga.net\/ca\/\",\"name\":\"Home - Taga - Change Management & Digital Transformation Consulting\",\"isPartOf\":{\"@id\":\"https:\/\/consult.taga.net\/ca\/#website\"},\"datePublished\":\"2016-06-22T10:04:51+00:00\",\"dateModified\":\"2020-07-10T10:29:11+00:00\",\"description\":\"Facilitem els processos de transformaci\u00f3 en un entorn canviant i tecnol\u00f2gic a trav\u00e9s de les metodologies de Gesti\u00f3 del Canvi i el Lideratge pel Canvi.\",\"breadcrumb\":{\"@id\":\"https:\/\/consult.taga.net\/ca\/#breadcrumb\"},\"inLanguage\":\"en-US\",\"potentialAction\":[{\"@type\":\"ReadAction\",\"target\":[\"https:\/\/consult.taga.net\/ca\/\"]}]},{\"@type\":\"BreadcrumbList\",\"@id\":\"https:\/\/consult.taga.net\/ca\/#breadcrumb\",\"itemListElement\":[{\"@type\":\"ListItem\",\"position\":1,\"name\":\"Inici\",\"item\":\"https:\/\/consult.taga.net\/ca\/\"},{\"@type\":\"ListItem\",\"position\":2,\"name\":\"Home\"}]},{\"@type\":\"WebSite\",\"@id\":\"https:\/\/consult.taga.net\/ca\/#website\",\"url\":\"https:\/\/consult.taga.net\/ca\/\",\"name\":\"Taga\",\"description\":\"Leadership, Strategy, Culture\",\"publisher\":{\"@id\":\"https:\/\/consult.taga.net\/ca\/#organization\"},\"potentialAction\":[{\"@type\":\"SearchAction\",\"target\":{\"@type\":\"EntryPoint\",\"urlTemplate\":\"https:\/\/consult.taga.net\/ca\/?s={search_term_string}\"},\"query-input\":\"required name=search_term_string\"}],\"inLanguage\":\"en-US\"},{\"@type\":\"Organization\",\"@id\":\"https:\/\/consult.taga.net\/ca\/#organization\",\"name\":\"Taga - Change Management\",\"url\":\"https:\/\/consult.taga.net\/ca\/\",\"logo\":{\"@type\":\"ImageObject\",\"inLanguage\":\"en-US\",\"@id\":\"https:\/\/consult.taga.net\/ca\/#\/schema\/logo\/image\/\",\"url\":\"https:\/\/consult.taga.net\/wp-content\/uploads\/2019\/11\/Logo_change-management.png\",\"contentUrl\":\"https:\/\/consult.taga.net\/wp-content\/uploads\/2019\/11\/Logo_change-management.png\",\"width\":122,\"height\":68,\"caption\":\"Taga - Change Management\"},\"image\":{\"@id\":\"https:\/\/consult.taga.net\/ca\/#\/schema\/logo\/image\/\"}}]}<\/script>\n<!-- \/ Yoast SEO plugin. -->","yoast_head_json":{"title":"Home - Taga - Change Management & Digital Transformation Consulting","description":"Facilitem els processos de transformaci\u00f3 en un entorn canviant i tecnol\u00f2gic a trav\u00e9s de les metodologies de Gesti\u00f3 del Canvi i el Lideratge pel Canvi.","robots":{"index":"index","follow":"follow","max-snippet":"max-snippet:-1","max-image-preview":"max-image-preview:large","max-video-preview":"max-video-preview:-1"},"canonical":"https:\/\/consult.taga.net\/ca\/","og_locale":"en_US","og_type":"article","og_title":"Home - Taga - Change Management & Digital Transformation Consulting","og_description":"Facilitem els processos de transformaci\u00f3 en un entorn canviant i tecnol\u00f2gic a trav\u00e9s de les metodologies de Gesti\u00f3 del Canvi i el Lideratge pel Canvi.","og_url":"https:\/\/consult.taga.net\/ca\/","og_site_name":"Taga","article_modified_time":"2020-07-10T10:29:11+00:00","og_image":[{"url":"https:\/\/consult.taga.net\/wp-content\/uploads\/2019\/11\/Change-Management-1.jpg"}],"twitter_card":"summary_large_image","twitter_misc":{"Est. reading time":"14 minutes"},"schema":{"@context":"https:\/\/schema.org","@graph":[{"@type":"WebPage","@id":"https:\/\/consult.taga.net\/ca\/","url":"https:\/\/consult.taga.net\/ca\/","name":"Home - Taga - Change Management & Digital Transformation Consulting","isPartOf":{"@id":"https:\/\/consult.taga.net\/ca\/#website"},"datePublished":"2016-06-22T10:04:51+00:00","dateModified":"2020-07-10T10:29:11+00:00","description":"Facilitem els processos de transformaci\u00f3 en un entorn canviant i tecnol\u00f2gic a trav\u00e9s de les metodologies de Gesti\u00f3 del Canvi i el Lideratge pel Canvi.","breadcrumb":{"@id":"https:\/\/consult.taga.net\/ca\/#breadcrumb"},"inLanguage":"en-US","potentialAction":[{"@type":"ReadAction","target":["https:\/\/consult.taga.net\/ca\/"]}]},{"@type":"BreadcrumbList","@id":"https:\/\/consult.taga.net\/ca\/#breadcrumb","itemListElement":[{"@type":"ListItem","position":1,"name":"Inici","item":"https:\/\/consult.taga.net\/ca\/"},{"@type":"ListItem","position":2,"name":"Home"}]},{"@type":"WebSite","@id":"https:\/\/consult.taga.net\/ca\/#website","url":"https:\/\/consult.taga.net\/ca\/","name":"Taga","description":"Leadership, Strategy, Culture","publisher":{"@id":"https:\/\/consult.taga.net\/ca\/#organization"},"potentialAction":[{"@type":"SearchAction","target":{"@type":"EntryPoint","urlTemplate":"https:\/\/consult.taga.net\/ca\/?s={search_term_string}"},"query-input":"required name=search_term_string"}],"inLanguage":"en-US"},{"@type":"Organization","@id":"https:\/\/consult.taga.net\/ca\/#organization","name":"Taga - Change Management","url":"https:\/\/consult.taga.net\/ca\/","logo":{"@type":"ImageObject","inLanguage":"en-US","@id":"https:\/\/consult.taga.net\/ca\/#\/schema\/logo\/image\/","url":"https:\/\/consult.taga.net\/wp-content\/uploads\/2019\/11\/Logo_change-management.png","contentUrl":"https:\/\/consult.taga.net\/wp-content\/uploads\/2019\/11\/Logo_change-management.png","width":122,"height":68,"caption":"Taga - Change Management"},"image":{"@id":"https:\/\/consult.taga.net\/ca\/#\/schema\/logo\/image\/"}}]}},"_links":{"self":[{"href":"https:\/\/consult.taga.net\/en\/wp-json\/wp\/v2\/pages\/365"}],"collection":[{"href":"https:\/\/consult.taga.net\/en\/wp-json\/wp\/v2\/pages"}],"about":[{"href":"https:\/\/consult.taga.net\/en\/wp-json\/wp\/v2\/types\/page"}],"author":[{"embeddable":true,"href":"https:\/\/consult.taga.net\/en\/wp-json\/wp\/v2\/users\/1"}],"replies":[{"embeddable":true,"href":"https:\/\/consult.taga.net\/en\/wp-json\/wp\/v2\/comments?post=365"}],"version-history":[{"count":112,"href":"https:\/\/consult.taga.net\/en\/wp-json\/wp\/v2\/pages\/365\/revisions"}],"predecessor-version":[{"id":2810,"href":"https:\/\/consult.taga.net\/en\/wp-json\/wp\/v2\/pages\/365\/revisions\/2810"}],"wp:attachment":[{"href":"https:\/\/consult.taga.net\/en\/wp-json\/wp\/v2\/media?parent=365"}],"curies":[{"name":"wp","href":"https:\/\/api.w.org\/{rel}","templated":true}]}}