{"id":1365,"date":"2017-03-06T11:49:54","date_gmt":"2017-03-06T10:49:54","guid":{"rendered":"http:\/\/consult.taga.net\/?page_id=1365"},"modified":"2017-06-19T15:49:01","modified_gmt":"2017-06-19T14:49:01","slug":"publicacions","status":"publish","type":"page","link":"https:\/\/consult.taga.net\/es\/publicacions\/","title":{"rendered":"Publicaciones"},"content":{"rendered":"<p>[vc_row css_animation=\u00bb\u00bb row_type=\u00bbrow\u00bb use_row_as_full_screen_section=\u00bbno\u00bb type=\u00bbgrid\u00bb angled_section=\u00bbno\u00bb text_align=\u00bbleft\u00bb background_image_as_pattern=\u00bbwithout_pattern\u00bb css=\u00bb.vc_custom_1466604420616{padding-top: 96px !important;padding-bottom: 83px !important;}\u00bb][vc_column][qode_elements_holder number_of_columns=\u00bbtwo_columns\u00bb alignment_one_column=\u00bbleft\u00bb][qode_elements_holder_item vertical_alignment=\u00bbmiddle\u00bb advanced_animations=\u00bbno\u00bb item_padding_600_768=\u00bb0 0 7% 0&#8243; item_padding_480_600=\u00bb0 0 9% 0&#8243; item_padding_480=\u00bb0 0 10% 0&#8243;][vc_single_image image=\u00bb1370&#8243; img_size=\u00bbfull\u00bb alignment=\u00bbcenter\u00bb qode_css_animation=\u00bb\u00bb][\/qode_elements_holder_item][qode_elements_holder_item vertical_alignment=\u00bbmiddle\u00bb advanced_animations=\u00bbno\u00bb][vc_column_text]<\/p>\n<h1 class=\"headline align-center\"><span style=\"color: #69509a;\">Organizational energy, 7 Pillars of Business Excellence (2\u00aa edici\u00f3n)<\/span><\/h1>\n<p>[\/vc_column_text][vc_empty_space height=\u00bb12px\u00bb][vc_column_text]Este libro corresponde a la versi\u00f3n inglesa de ENERG\u00cdA ORGANIZACIONAL, 7 PILARES DE EXCELENCIA EMPRESARIAL (Editorial Profit, 2012). Aprovechando la ocasi\u00f3n, en esta segunda edici\u00f3n (2014) los autores han hecho una revisi\u00f3n exhaustiva y han incorporado testimonios de referencia dentro del mundo empresarial anglosaj\u00f3n.<\/p>\n<p>&nbsp;<\/p>\n<p>Con esta publicaci\u00f3n, los fundadores de Pinea3 Living Organizations, Enric Bernal, Joan Cos y Xavier Tarr\u00e9, han querido actualizar determinados conceptos y hacer m\u00e1s accesible una metodolog\u00eda innovadora basada en la inteligencia sist\u00e9mica, que comprende la empresa como un organismo vivo y con una energ\u00eda propia.[\/vc_column_text][\/qode_elements_holder_item][\/qode_elements_holder][\/vc_column][\/vc_row][vc_row css_animation=\u00bb\u00bb row_type=\u00bbrow\u00bb use_row_as_full_screen_section=\u00bbno\u00bb type=\u00bbgrid\u00bb angled_section=\u00bbno\u00bb text_align=\u00bbleft\u00bb background_image_as_pattern=\u00bbwithout_pattern\u00bb css=\u00bb.vc_custom_1488801451706{padding-bottom: 83px !important;}\u00bb][vc_column][qode_elements_holder number_of_columns=\u00bbtwo_columns\u00bb alignment_one_column=\u00bbleft\u00bb][qode_elements_holder_item vertical_alignment=\u00bbmiddle\u00bb advanced_animations=\u00bbno\u00bb item_padding_600_768=\u00bb0 0 7% 0&#8243; item_padding_480_600=\u00bb0 0 9% 0&#8243; item_padding_480=\u00bb0 0 10% 0&#8243;][vc_column_text]<\/p>\n<h1 class=\"headline align-center\"><span style=\"color: #69509a;\">El coraz\u00f3n de la Matrioska<\/span><\/h1>\n<p>[\/vc_column_text][vc_empty_space height=\u00bb12px\u00bb][vc_column_text]<em>El coraz\u00f3n de la matrioska<\/em> es un cuento breve sobre las tres dimensiones fundamentales del ser humano: la dimensi\u00f3n mental, la dimensi\u00f3n f\u00edsica y emocional y\u00a0 la dimensi\u00f3n espiritual o trascendente.<\/p>\n<p>&nbsp;<\/p>\n<p>A trav\u00e9s de una narraci\u00f3n fant\u00e1stica, Tarr\u00e9 recoge su visi\u00f3n sobre el \u00e9xito y el fracaso y hace evidente la importancia de considerar y desarrollar cada una de estas tres dimensiones a la hora de llevar a cabo cualquier proyecto humano.[\/vc_column_text][\/qode_elements_holder_item][qode_elements_holder_item vertical_alignment=\u00bbmiddle\u00bb advanced_animations=\u00bbno\u00bb][vc_single_image image=\u00bb1369&#8243; img_size=\u00bbfull\u00bb alignment=\u00bbcenter\u00bb qode_css_animation=\u00bb\u00bb][\/qode_elements_holder_item][\/qode_elements_holder][\/vc_column][\/vc_row][vc_row css_animation=\u00bb\u00bb row_type=\u00bbrow\u00bb use_row_as_full_screen_section=\u00bbno\u00bb type=\u00bbgrid\u00bb angled_section=\u00bbno\u00bb text_align=\u00bbleft\u00bb background_image_as_pattern=\u00bbwithout_pattern\u00bb css=\u00bb.vc_custom_1488801627054{padding-bottom: 83px !important;}\u00bb][vc_column][qode_elements_holder number_of_columns=\u00bbtwo_columns\u00bb alignment_one_column=\u00bbleft\u00bb][qode_elements_holder_item vertical_alignment=\u00bbmiddle\u00bb advanced_animations=\u00bbno\u00bb item_padding_600_768=\u00bb0 0 7% 0&#8243; item_padding_480_600=\u00bb0 0 9% 0&#8243; item_padding_480=\u00bb0 0 10% 0&#8243;][vc_single_image image=\u00bb1372&#8243; img_size=\u00bbfull\u00bb alignment=\u00bbcenter\u00bb qode_css_animation=\u00bb\u00bb][\/qode_elements_holder_item][qode_elements_holder_item vertical_alignment=\u00bbmiddle\u00bb advanced_animations=\u00bbno\u00bb][vc_column_text]<\/p>\n<h1 class=\"headline align-center\"><span style=\"color: #69509a;\">Salud Organizacional para un modelo de ayuntamiento humanista<\/span><\/h1>\n<p>[\/vc_column_text][vc_empty_space height=\u00bb12px\u00bb][vc_column_text]En este cap\u00edtulo del libro \u201c<em>Las pol\u00edticas y los servicios de proximidad en el \u00e1mbito local: una oportunidad para la innovaci\u00f3n social, la actividad econ\u00f3mica y la gobernanza<\/em> (Fundaci\u00f3n Kaleidos, red de entidades locales 2015), Xavier Tarr\u00e9 y Joan Cos presentan, junto con sus socios, como se ha aplicado y desarrollado la metodolog\u00eda Energ\u00eda Organizacional\u00ae en el consistorio de Sant Boi de Llobregat (Barcelona), as\u00ed como cu\u00e1les han estado los resultados y las conclusiones finales.<\/p>\n<p>&nbsp;<\/p>\n<p>En el caso del Ayuntamiento de Sant Boi de Llobregat, este proceso ha permitido conocer mejor las necesidades del municipio y de las diversas \u00e1reas que conforman el consistorio, descubrir nuevos talentos y perfiles profesionales, mejorar la definici\u00f3n y ejecuci\u00f3n de los programas de desarrollo local y realizar un seguimiento integral y \u00fatil del progreso en cada \u00e1mbito.[\/vc_column_text][\/qode_elements_holder_item][\/qode_elements_holder][\/vc_column][\/vc_row][vc_row css_animation=\u00bb\u00bb row_type=\u00bbrow\u00bb use_row_as_full_screen_section=\u00bbno\u00bb type=\u00bbgrid\u00bb angled_section=\u00bbno\u00bb text_align=\u00bbleft\u00bb background_image_as_pattern=\u00bbwithout_pattern\u00bb css=\u00bb.vc_custom_1488801451706{padding-bottom: 83px !important;}\u00bb][vc_column][qode_elements_holder number_of_columns=\u00bbtwo_columns\u00bb alignment_one_column=\u00bbleft\u00bb][qode_elements_holder_item vertical_alignment=\u00bbmiddle\u00bb advanced_animations=\u00bbno\u00bb item_padding_600_768=\u00bb0 0 7% 0&#8243; item_padding_480_600=\u00bb0 0 9% 0&#8243; item_padding_480=\u00bb0 0 10% 0&#8243;][vc_column_text]<\/p>\n<h1 class=\"headline align-center\"><span style=\"color: #69509a;\">Energia Organizacional<br \/>\n<\/span><\/h1>\n<p>[\/vc_column_text][vc_empty_space height=\u00bb12px\u00bb][vc_column_text]Xavier Tarr\u00e9 y Joan Cos son coautores del libro ENERG\u00cdA ORGANIZACIONAL: 7 PILARES DE EXCELENCIA EMPRESARIAL (Editorial Profit, 2012) . En este libro, los cofundadores de Pinea3 Living Organizations presentan una metodolog\u00eda de transformaci\u00f3n empresarial probada con \u00e9xito que permite tomar consciencia de los comportamientos de nuestras organizaciones.<\/p>\n<p>&nbsp;<\/p>\n<p>Despu\u00e9s de d\u00e9cadas de trabajo entorno al desarrollo organizacional y, desde un enfoque sist\u00e9mico y humanista, los autores proponen una forma operativa de mejorar la salud y la productividad de empresas p\u00fablicas y privadas.[\/vc_column_text][vc_empty_space height=\u00bb50px\u00bb]<a  itemprop=\"url\" href=\"https:\/\/books.google.es\/books\/about\/ENERGIA_ORGANIZACIONAL.html?id=WLmXqCBBif8C&amp;redir_esc=y&amp;hl=es\" target=\"_blank\" data-hover-background-color=#ffffff data-hover-border-color=#958275 data-hover-color=#958275 class=\"qbutton  center default\" style=\"color: #69509a; border-color: #69509a; background-color: #ffffff;\">comprar en Google Books<\/a>[\/qode_elements_holder_item][qode_elements_holder_item vertical_alignment=\u00bbmiddle\u00bb advanced_animations=\u00bbno\u00bb][vc_single_image image=\u00bb1371&#8243; img_size=\u00bbfull\u00bb alignment=\u00bbcenter\u00bb qode_css_animation=\u00bb\u00bb][\/qode_elements_holder_item][\/qode_elements_holder][\/vc_column][\/vc_row][vc_row css_animation=\u00bb\u00bb row_type=\u00bbrow\u00bb use_row_as_full_screen_section=\u00bbno\u00bb type=\u00bbgrid\u00bb angled_section=\u00bbno\u00bb text_align=\u00bbleft\u00bb background_image_as_pattern=\u00bbwithout_pattern\u00bb css=\u00bb.vc_custom_1488802265097{padding-bottom: 100px !important;}\u00bb][vc_column][qode_elements_holder number_of_columns=\u00bbtwo_columns\u00bb alignment_one_column=\u00bbleft\u00bb][qode_elements_holder_item vertical_alignment=\u00bbmiddle\u00bb advanced_animations=\u00bbno\u00bb item_padding_600_768=\u00bb0 0 7% 0&#8243; item_padding_480_600=\u00bb0 0 9% 0&#8243; item_padding_480=\u00bb0 0 10% 0&#8243;][vc_single_image image=\u00bb1368&#8243; img_size=\u00bbfull\u00bb alignment=\u00bbcenter\u00bb qode_css_animation=\u00bb\u00bb][\/qode_elements_holder_item][qode_elements_holder_item vertical_alignment=\u00bbmiddle\u00bb advanced_animations=\u00bbno\u00bb][vc_column_text]<\/p>\n<h1><span style=\"color: #69509a;\">\u00bfTrabajas o colaboras?<\/span><\/h1>\n<p>[\/vc_column_text][vc_empty_space height=\u00bb12px\u00bb][vc_column_text]Xavier Tarr\u00e9 y Joan Cos son coautores de \u00bfTrabajas o colaboras? Team Beat- La eficacia de la cooperaci\u00f3n (Editorial Profit 2011), una iniciativa del Centro de Innovaci\u00f3n de EADA (Barcelona).<\/p>\n<p>&nbsp;<\/p>\n<p>Este libro parte de la base que todo equipo es un sistema vivo. En este sentido, nos ofrece los recursos necesarios para gestionar el poder de su diversidad, reforzar la confianza entre sus miembros, definir una toma de decisiones equilibrada, desarrollar la capacidad de innovaci\u00f3n y el aprendizaje continuo, o bien gestionar la energ\u00eda que es intr\u00ednseca.[\/vc_column_text][\/qode_elements_holder_item][\/qode_elements_holder][\/vc_column][\/vc_row]<\/p>","protected":false},"excerpt":{"rendered":"<p>[vc_row css_animation=\u00bb\u00bb row_type=\u00bbrow\u00bb use_row_as_full_screen_section=\u00bbno\u00bb type=\u00bbgrid\u00bb angled_section=\u00bbno\u00bb text_align=\u00bbleft\u00bb background_image_as_pattern=\u00bbwithout_pattern\u00bb css=\u00bb.vc_custom_1466604420616{padding-top: 96px !important;padding-bottom: 83px !important;}\u00bb][vc_column][qode_elements_holder number_of_columns=\u00bbtwo_columns\u00bb alignment_one_column=\u00bbleft\u00bb][qode_elements_holder_item vertical_alignment=\u00bbmiddle\u00bb advanced_animations=\u00bbno\u00bb item_padding_600_768=\u00bb0 0 7% 0&#8243; item_padding_480_600=\u00bb0 0 9% 0&#8243; item_padding_480=\u00bb0 0 10% 0&#8243;][vc_single_image image=\u00bb1370&#8243; img_size=\u00bbfull\u00bb alignment=\u00bbcenter\u00bb qode_css_animation=\u00bb\u00bb][\/qode_elements_holder_item][qode_elements_holder_item vertical_alignment=\u00bbmiddle\u00bb advanced_animations=\u00bbno\u00bb][vc_column_text] Organizational energy, 7 Pillars of Business Excellence (2\u00aa edici\u00f3n) [\/vc_column_text][vc_empty_space height=\u00bb12px\u00bb][vc_column_text]Este libro corresponde a la versi\u00f3n inglesa de ENERG\u00cdA ORGANIZACIONAL,&#8230;<\/p>\n","protected":false},"author":1,"featured_media":0,"parent":0,"menu_order":0,"comment_status":"closed","ping_status":"closed","template":"full_width.php","meta":{"_mi_skip_tracking":false,"_monsterinsights_sitenote_active":false,"_monsterinsights_sitenote_note":"","_monsterinsights_sitenote_category":0},"yoast_head":"<!-- This site is optimized with the Yoast SEO plugin v20.12 - https:\/\/yoast.com\/wordpress\/plugins\/seo\/ -->\n<title>Publicaciones - Taga<\/title>\n<meta name=\"robots\" content=\"index, follow, max-snippet:-1, max-image-preview:large, max-video-preview:-1\" \/>\n<link rel=\"canonical\" href=\"https:\/\/consult.taga.net\/ca\/publicacions\/\" \/>\n<meta property=\"og:locale\" content=\"es_ES\" \/>\n<meta property=\"og:type\" content=\"article\" \/>\n<meta property=\"og:title\" content=\"[:ca]Publicacions[:es]Publicaciones[:en]Publications[:] - Taga\" \/>\n<meta property=\"og:description\" content=\"[vc_row css_animation=\u00bb\u00bb row_type=\u00bbrow\u00bb use_row_as_full_screen_section=\u00bbno\u00bb type=\u00bbgrid\u00bb angled_section=\u00bbno\u00bb text_align=\u00bbleft\u00bb background_image_as_pattern=\u00bbwithout_pattern\u00bb css=\u00bb.vc_custom_1466604420616{padding-top: 96px !important;padding-bottom: 83px !important;}\u00bb][vc_column][qode_elements_holder number_of_columns=\u00bbtwo_columns\u00bb alignment_one_column=\u00bbleft\u00bb][qode_elements_holder_item vertical_alignment=\u00bbmiddle\u00bb advanced_animations=\u00bbno\u00bb item_padding_600_768=\u00bb0 0 7% 0&#8243; item_padding_480_600=\u00bb0 0 9% 0&#8243; item_padding_480=\u00bb0 0 10% 0&#8243;][vc_single_image image=\u00bb1370&#8243; img_size=\u00bbfull\u00bb alignment=\u00bbcenter\u00bb qode_css_animation=\u00bb\u00bb][\/qode_elements_holder_item][qode_elements_holder_item vertical_alignment=\u00bbmiddle\u00bb advanced_animations=\u00bbno\u00bb][vc_column_text] Organizational energy, 7 Pillars of Business Excellence (2\u00aa edici\u00f3n) [\/vc_column_text][vc_empty_space height=\u00bb12px\u00bb][vc_column_text]Este libro corresponde a la versi\u00f3n inglesa de ENERG\u00cdA ORGANIZACIONAL,...\" \/>\n<meta property=\"og:url\" content=\"https:\/\/consult.taga.net\/ca\/publicacions\/\" \/>\n<meta property=\"og:site_name\" content=\"Taga\" \/>\n<meta property=\"article:modified_time\" content=\"2017-06-19T14:49:01+00:00\" \/>\n<meta name=\"twitter:card\" content=\"summary_large_image\" \/>\n<meta name=\"twitter:label1\" content=\"Tiempo de lectura\" \/>\n\t<meta name=\"twitter:data1\" content=\"17 minutos\" \/>\n<script type=\"application\/ld+json\" class=\"yoast-schema-graph\">{\"@context\":\"https:\/\/schema.org\",\"@graph\":[{\"@type\":\"WebPage\",\"@id\":\"https:\/\/consult.taga.net\/ca\/publicacions\/\",\"url\":\"https:\/\/consult.taga.net\/ca\/publicacions\/\",\"name\":\"[:ca]Publicacions[:es]Publicaciones[:en]Publications[:] - Taga\",\"isPartOf\":{\"@id\":\"https:\/\/consult.taga.net\/ca\/#website\"},\"datePublished\":\"2017-03-06T10:49:54+00:00\",\"dateModified\":\"2017-06-19T14:49:01+00:00\",\"breadcrumb\":{\"@id\":\"https:\/\/consult.taga.net\/ca\/publicacions\/#breadcrumb\"},\"inLanguage\":\"es\",\"potentialAction\":[{\"@type\":\"ReadAction\",\"target\":[\"https:\/\/consult.taga.net\/ca\/publicacions\/\"]}]},{\"@type\":\"BreadcrumbList\",\"@id\":\"https:\/\/consult.taga.net\/ca\/publicacions\/#breadcrumb\",\"itemListElement\":[{\"@type\":\"ListItem\",\"position\":1,\"name\":\"Inici\",\"item\":\"https:\/\/consult.taga.net\/ca\/\"},{\"@type\":\"ListItem\",\"position\":2,\"name\":\"Publicacions\"}]},{\"@type\":\"WebSite\",\"@id\":\"https:\/\/consult.taga.net\/ca\/#website\",\"url\":\"https:\/\/consult.taga.net\/ca\/\",\"name\":\"Taga\",\"description\":\"Leadership, Strategy, Culture\",\"publisher\":{\"@id\":\"https:\/\/consult.taga.net\/ca\/#organization\"},\"potentialAction\":[{\"@type\":\"SearchAction\",\"target\":{\"@type\":\"EntryPoint\",\"urlTemplate\":\"https:\/\/consult.taga.net\/ca\/?s={search_term_string}\"},\"query-input\":\"required name=search_term_string\"}],\"inLanguage\":\"es\"},{\"@type\":\"Organization\",\"@id\":\"https:\/\/consult.taga.net\/ca\/#organization\",\"name\":\"Taga - Change Management\",\"url\":\"https:\/\/consult.taga.net\/ca\/\",\"logo\":{\"@type\":\"ImageObject\",\"inLanguage\":\"es\",\"@id\":\"https:\/\/consult.taga.net\/ca\/#\/schema\/logo\/image\/\",\"url\":\"https:\/\/consult.taga.net\/wp-content\/uploads\/2019\/11\/Logo_change-management.png\",\"contentUrl\":\"https:\/\/consult.taga.net\/wp-content\/uploads\/2019\/11\/Logo_change-management.png\",\"width\":122,\"height\":68,\"caption\":\"Taga - Change Management\"},\"image\":{\"@id\":\"https:\/\/consult.taga.net\/ca\/#\/schema\/logo\/image\/\"}}]}<\/script>\n<!-- \/ Yoast SEO plugin. -->","yoast_head_json":{"title":"[:ca]Publicacions[:es]Publicaciones[:en]Publications[:] - Taga","robots":{"index":"index","follow":"follow","max-snippet":"max-snippet:-1","max-image-preview":"max-image-preview:large","max-video-preview":"max-video-preview:-1"},"canonical":"https:\/\/consult.taga.net\/ca\/publicacions\/","og_locale":"es_ES","og_type":"article","og_title":"[:ca]Publicacions[:es]Publicaciones[:en]Publications[:] - Taga","og_description":"[vc_row css_animation=\u00bb\u00bb row_type=\u00bbrow\u00bb use_row_as_full_screen_section=\u00bbno\u00bb type=\u00bbgrid\u00bb angled_section=\u00bbno\u00bb text_align=\u00bbleft\u00bb background_image_as_pattern=\u00bbwithout_pattern\u00bb css=\u00bb.vc_custom_1466604420616{padding-top: 96px !important;padding-bottom: 83px !important;}\u00bb][vc_column][qode_elements_holder number_of_columns=\u00bbtwo_columns\u00bb alignment_one_column=\u00bbleft\u00bb][qode_elements_holder_item vertical_alignment=\u00bbmiddle\u00bb advanced_animations=\u00bbno\u00bb item_padding_600_768=\u00bb0 0 7% 0&#8243; item_padding_480_600=\u00bb0 0 9% 0&#8243; item_padding_480=\u00bb0 0 10% 0&#8243;][vc_single_image image=\u00bb1370&#8243; img_size=\u00bbfull\u00bb alignment=\u00bbcenter\u00bb qode_css_animation=\u00bb\u00bb][\/qode_elements_holder_item][qode_elements_holder_item vertical_alignment=\u00bbmiddle\u00bb advanced_animations=\u00bbno\u00bb][vc_column_text] Organizational energy, 7 Pillars of Business Excellence (2\u00aa edici\u00f3n) [\/vc_column_text][vc_empty_space height=\u00bb12px\u00bb][vc_column_text]Este libro corresponde a la versi\u00f3n inglesa de ENERG\u00cdA ORGANIZACIONAL,...","og_url":"https:\/\/consult.taga.net\/ca\/publicacions\/","og_site_name":"Taga","article_modified_time":"2017-06-19T14:49:01+00:00","twitter_card":"summary_large_image","twitter_misc":{"Tiempo de lectura":"17 minutos"},"schema":{"@context":"https:\/\/schema.org","@graph":[{"@type":"WebPage","@id":"https:\/\/consult.taga.net\/ca\/publicacions\/","url":"https:\/\/consult.taga.net\/ca\/publicacions\/","name":"[:ca]Publicacions[:es]Publicaciones[:en]Publications[:] - Taga","isPartOf":{"@id":"https:\/\/consult.taga.net\/ca\/#website"},"datePublished":"2017-03-06T10:49:54+00:00","dateModified":"2017-06-19T14:49:01+00:00","breadcrumb":{"@id":"https:\/\/consult.taga.net\/ca\/publicacions\/#breadcrumb"},"inLanguage":"es","potentialAction":[{"@type":"ReadAction","target":["https:\/\/consult.taga.net\/ca\/publicacions\/"]}]},{"@type":"BreadcrumbList","@id":"https:\/\/consult.taga.net\/ca\/publicacions\/#breadcrumb","itemListElement":[{"@type":"ListItem","position":1,"name":"Inici","item":"https:\/\/consult.taga.net\/ca\/"},{"@type":"ListItem","position":2,"name":"Publicacions"}]},{"@type":"WebSite","@id":"https:\/\/consult.taga.net\/ca\/#website","url":"https:\/\/consult.taga.net\/ca\/","name":"Taga","description":"Leadership, Strategy, Culture","publisher":{"@id":"https:\/\/consult.taga.net\/ca\/#organization"},"potentialAction":[{"@type":"SearchAction","target":{"@type":"EntryPoint","urlTemplate":"https:\/\/consult.taga.net\/ca\/?s={search_term_string}"},"query-input":"required name=search_term_string"}],"inLanguage":"es"},{"@type":"Organization","@id":"https:\/\/consult.taga.net\/ca\/#organization","name":"Taga - Change Management","url":"https:\/\/consult.taga.net\/ca\/","logo":{"@type":"ImageObject","inLanguage":"es","@id":"https:\/\/consult.taga.net\/ca\/#\/schema\/logo\/image\/","url":"https:\/\/consult.taga.net\/wp-content\/uploads\/2019\/11\/Logo_change-management.png","contentUrl":"https:\/\/consult.taga.net\/wp-content\/uploads\/2019\/11\/Logo_change-management.png","width":122,"height":68,"caption":"Taga - Change Management"},"image":{"@id":"https:\/\/consult.taga.net\/ca\/#\/schema\/logo\/image\/"}}]}},"_links":{"self":[{"href":"https:\/\/consult.taga.net\/es\/wp-json\/wp\/v2\/pages\/1365"}],"collection":[{"href":"https:\/\/consult.taga.net\/es\/wp-json\/wp\/v2\/pages"}],"about":[{"href":"https:\/\/consult.taga.net\/es\/wp-json\/wp\/v2\/types\/page"}],"author":[{"embeddable":true,"href":"https:\/\/consult.taga.net\/es\/wp-json\/wp\/v2\/users\/1"}],"replies":[{"embeddable":true,"href":"https:\/\/consult.taga.net\/es\/wp-json\/wp\/v2\/comments?post=1365"}],"version-history":[{"count":21,"href":"https:\/\/consult.taga.net\/es\/wp-json\/wp\/v2\/pages\/1365\/revisions"}],"predecessor-version":[{"id":2109,"href":"https:\/\/consult.taga.net\/es\/wp-json\/wp\/v2\/pages\/1365\/revisions\/2109"}],"wp:attachment":[{"href":"https:\/\/consult.taga.net\/es\/wp-json\/wp\/v2\/media?parent=1365"}],"curies":[{"name":"wp","href":"https:\/\/api.w.org\/{rel}","templated":true}]}}