{"id":365,"date":"2016-06-22T10:04:51","date_gmt":"2016-06-22T10:04:51","guid":{"rendered":"http:\/\/bridge54.qodeinteractive.com\/?page_id=5"},"modified":"2020-07-10T11:29:11","modified_gmt":"2020-07-10T10:29:11","slug":"home","status":"publish","type":"page","link":"https:\/\/consult.taga.net\/es\/","title":{"rendered":"Home"},"content":{"rendered":"<p>[vc_row css_animation=\u00bb\u00bb row_type=\u00bbrow\u00bb use_row_as_full_screen_section=\u00bbno\u00bb type=\u00bbgrid\u00bb angled_section=\u00bbno\u00bb text_align=\u00bbcenter\u00bb background_image_as_pattern=\u00bbwithout_pattern\u00bb css=\u00bb.vc_custom_1496049407333{padding-top: 110px !important;}\u00bb][vc_column width=\u00bb1\/6&#8243;][\/vc_column][vc_column width=\u00bb2\/3&#8243;][vc_column_text]Facilitamos a organizaciones y empresas los procesos de transformaci\u00f3n en un entorno cambiante, tecnol\u00f3gico, moderno y vibrante a trav\u00e9s de las metodolog\u00edas de Gesti\u00f3n del Cambio y el Liderazgo por el Cambio.<\/p>\n<p>&nbsp;<\/p>\n<p>Contribuimos decisivamente en la parte humana del cambio para que las organizaciones y empresas implementen sus proyectos de forma m\u00e1s r\u00e1pida, m\u00e1s profunda y con mayor adopci\u00f3n, a la vez que reducimos los sobrecostes de proyectos, las resistencias al cambio y el impacto negativo en las personas.<\/p>\n<p>&nbsp;<\/p>\n<p>Nuestro trabajo mejora la eficacia y el ROI de los proyectos de cambio tales como la transformaci\u00f3n digital, la implantaci\u00f3n de herramientas de gesti\u00f3n empresarial, el redise\u00f1o organizacional y de procesos, nuevos modelos de negocio o estrat\u00e9gicos y la transformaci\u00f3n cultural, entre otros.<\/p>\n<p>&nbsp;<\/p>\n<p>Tambi\u00e9n contribuimos de manera decisiva en operaciones de alianzas, fusiones y adquisiciones, as\u00ed como en procesos de relevo generacional en equipos directivos y en \u00f3rganos de gobierno.<\/p>\n<p>&nbsp;<\/p>\n<p>Acompa\u00f1amos a la Alta Direcci\u00f3n y sus equipos para que afronten estos retos eficazmente desde el Liderazgo por el Cambio, la Estrategia del Cambio y la transformaci\u00f3n de la Cultura Organizacional.<\/p>\n<p>&nbsp;<\/p>\n<p><img decoding=\"async\" loading=\"lazy\" class=\"wp-image-2424 aligncenter\" src=\"https:\/\/consult.taga.net\/wp-content\/uploads\/2019\/11\/Change-Management-1.jpg\" alt=\"\" width=\"300\" height=\"59\" srcset=\"https:\/\/consult.taga.net\/wp-content\/uploads\/2019\/11\/Change-Management-1.jpg 1194w, https:\/\/consult.taga.net\/wp-content\/uploads\/2019\/11\/Change-Management-1-300x59.jpg 300w, https:\/\/consult.taga.net\/wp-content\/uploads\/2019\/11\/Change-Management-1-768x151.jpg 768w, https:\/\/consult.taga.net\/wp-content\/uploads\/2019\/11\/Change-Management-1-1024x202.jpg 1024w, https:\/\/consult.taga.net\/wp-content\/uploads\/2019\/11\/Change-Management-1-700x138.jpg 700w\" sizes=\"(max-width: 300px) 100vw, 300px\" \/><\/p>\n<p>[\/vc_column_text][vc_empty_space height=\u00bb50px\u00bb][\/vc_column][vc_column width=\u00bb1\/6&#8243;][\/vc_column][\/vc_row][vc_row css_animation=\u00bb\u00bb row_type=\u00bbrow\u00bb use_row_as_full_screen_section=\u00bbno\u00bb type=\u00bbfull_width\u00bb angled_section=\u00bbno\u00bb text_align=\u00bbleft\u00bb background_image_as_pattern=\u00bbwithout_pattern\u00bb][vc_column][qode_elements_holder background_color=\u00bbf6f6f6&#8243; number_of_columns=\u00bbtwo_columns\u00bb][qode_elements_holder_item background_color=\u00bb#ffffff\u00bb vertical_alignment=\u00bbmiddle\u00bb advanced_animations=\u00bbno\u00bb][vc_single_image image=\u00bb811&#8243; img_size=\u00bbfull\u00bb alignment=\u00bbcenter\u00bb qode_css_animation=\u00bb\u00bb][\/qode_elements_holder_item][qode_elements_holder_item background_color=\u00bb#ffffff\u00bb item_padding=\u00bb20% 20%\u00bb vertical_alignment=\u00bbmiddle\u00bb advanced_animations=\u00bbno\u00bb item_padding_1024_1280=\u00bb19% 23%\u00bb item_padding_768_1024=\u00bb21%\u00bb item_padding_600_768=\u00bb20% 23%\u00bb item_padding_480_600=\u00bb20% 18%\u00bb item_padding_480=\u00bb20% 12% 24%\u00bb][vc_column_text]<\/p>\n<h1><span style=\"color: #69509a;\">Rising<\/span><\/h1>\n<h1><span style=\"color: #69509a;\">Leaders<\/span><\/h1>\n<p>[\/vc_column_text][vc_empty_space height=\u00bb7px\u00bb][vc_column_text]Los CEOs, junto con sus equipos de Alta Direcci\u00f3n, son los aut\u00e9nticos promotores de la transformaci\u00f3n en las organizaciones. Es por ello que su estilo de liderazgo resulta tan relevante para la organizaci\u00f3n.[\/vc_column_text][vc_empty_space height=\u00bb22px\u00bb]<a  itemprop=\"url\" href=\"https:\/\/consult.taga.net\/leadership\/\" target=\"_self\" data-hover-background-color=#ffffff data-hover-border-color=#948175 data-hover-color=#948175 class=\"qbutton  default\" style=\"color: #69509a; border-color: #69509a; background-color: #ffffff;\">+ informaci\u00f3n<\/a>[\/qode_elements_holder_item][\/qode_elements_holder][\/vc_column][\/vc_row][vc_row css_animation=\u00bb\u00bb row_type=\u00bbrow\u00bb use_row_as_full_screen_section=\u00bbno\u00bb type=\u00bbfull_width\u00bb angled_section=\u00bbno\u00bb text_align=\u00bbleft\u00bb background_image_as_pattern=\u00bbwithout_pattern\u00bb][vc_column][qode_elements_holder background_color=\u00bb#ffffff\u00bb number_of_columns=\u00bbtwo_columns\u00bb][qode_elements_holder_item background_color=\u00bb#ffffff\u00bb item_padding=\u00bb20% 20%\u00bb vertical_alignment=\u00bbmiddle\u00bb advanced_animations=\u00bbno\u00bb item_padding_1024_1280=\u00bb19% 23%\u00bb item_padding_768_1024=\u00bb21%\u00bb item_padding_600_768=\u00bb20% 23%\u00bb item_padding_480_600=\u00bb20% 18%\u00bb item_padding_480=\u00bb20% 12% 24%\u00bb][vc_column_text]<\/p>\n<h1><span style=\"color: #ff5f40;\">Evolving<\/span><\/h1>\n<h1><span style=\"color: #ff5f40;\">Strategies<\/span><\/h1>\n<p>[\/vc_column_text][vc_empty_space height=\u00bb7px\u00bb][vc_column_text]La elecci\u00f3n y el desarrollo de una estrategia excelente debe capturar las oportunidades de futuro para la organizaci\u00f3n y, especialmente, debe transmitir la direcci\u00f3n y la fuerza que \u00e9sta necesita para movilizar recursos y personas.[\/vc_column_text][vc_empty_space height=\u00bb22px\u00bb]<a  itemprop=\"url\" href=\"https:\/\/consult.taga.net\/strategy\/\" target=\"_self\" data-hover-background-color=#ffffff data-hover-border-color=#948175 data-hover-color=#948175 class=\"qbutton  default\" style=\"color: #ff5f40; border-color: #ff5f40; background-color: #ffffff;\">+ informaci\u00f3n<\/a>[\/qode_elements_holder_item][qode_elements_holder_item background_color=\u00bb#ffffff\u00bb vertical_alignment=\u00bbmiddle\u00bb advanced_animations=\u00bbno\u00bb][vc_single_image image=\u00bb815&#8243; img_size=\u00bbfull\u00bb alignment=\u00bbcenter\u00bb qode_css_animation=\u00bb\u00bb][\/qode_elements_holder_item][\/qode_elements_holder][\/vc_column][\/vc_row][vc_row css_animation=\u00bb\u00bb row_type=\u00bbrow\u00bb use_row_as_full_screen_section=\u00bbno\u00bb type=\u00bbfull_width\u00bb angled_section=\u00bbno\u00bb text_align=\u00bbleft\u00bb background_image_as_pattern=\u00bbwithout_pattern\u00bb][vc_column][qode_elements_holder background_color=\u00bbf6f6f6&#8243; number_of_columns=\u00bbtwo_columns\u00bb][qode_elements_holder_item background_color=\u00bb#ffffff\u00bb vertical_alignment=\u00bbmiddle\u00bb advanced_animations=\u00bbno\u00bb][vc_single_image image=\u00bb818&#8243; img_size=\u00bbfull\u00bb alignment=\u00bbcenter\u00bb qode_css_animation=\u00bb\u00bb][\/qode_elements_holder_item][qode_elements_holder_item background_color=\u00bb#ffffff\u00bb item_padding=\u00bb20% 20%\u00bb vertical_alignment=\u00bbmiddle\u00bb advanced_animations=\u00bbno\u00bb item_padding_1024_1280=\u00bb19% 23%\u00bb item_padding_768_1024=\u00bb21%\u00bb item_padding_600_768=\u00bb20% 23%\u00bb item_padding_480_600=\u00bb20% 18%\u00bb item_padding_480=\u00bb20% 12% 24%\u00bb][vc_column_text]<\/p>\n<h1><span style=\"color: #64cfa9;\">Upgrading<\/span><\/h1>\n<h1><span style=\"color: #64cfa9;\">Organizations<\/span><\/h1>\n<p>[\/vc_column_text][vc_empty_space height=\u00bb7px\u00bb][vc_column_text]La Cultura Organizacional comprende todo aquello que define la forma de ser de la empresa, su personalidad, desde su estilo de liderazgo y de su estrategia, pasando por su misi\u00f3n, visi\u00f3n y valores, y otros muchos aspectos que la hacen diferente de las dem\u00e1s.[\/vc_column_text][vc_empty_space height=\u00bb22px\u00bb]<a  itemprop=\"url\" href=\"https:\/\/consult.taga.net\/culture\/\" target=\"_self\" data-hover-background-color=#ffffff data-hover-border-color=#948175 data-hover-color=#948175 class=\"qbutton  default\" style=\"color: #64cfa9; border-color: #64cfa9; background-color: #ffffff;\">+ informaci\u00f3n<\/a>[\/qode_elements_holder_item][\/qode_elements_holder][\/vc_column][\/vc_row][vc_row css_animation=\u00bb\u00bb row_type=\u00bbrow\u00bb use_row_as_full_screen_section=\u00bbno\u00bb type=\u00bbgrid\u00bb angled_section=\u00bbno\u00bb text_align=\u00bbleft\u00bb background_image_as_pattern=\u00bbwithout_pattern\u00bb css=\u00bb.vc_custom_1487344983618{padding-top: 50px !important;padding-bottom: 100px !important;}\u00bb][vc_column]<div class='qode_carousels_holder clearfix'><div class='qode_carousels' data-number-of-visible-items='5'><ul class='slides'><li class='item'><div class=\"carousel_item_holder\"><span class='first_image_holder '><img itemprop=\"image\" src=\"https:\/\/consult.taga.net\/wp-content\/uploads\/2017\/04\/ALMIRALL21.png\" alt=\"carousel image\" \/><\/span><\/div><\/li><li class='item'><div class=\"carousel_item_holder\"><span class='first_image_holder '><img itemprop=\"image\" src=\"https:\/\/consult.taga.net\/wp-content\/uploads\/2017\/04\/ABERTIS21.png\" alt=\"carousel image\" \/><\/span><\/div><\/li><li class='item'><div class=\"carousel_item_holder\"><span class='first_image_holder '><img itemprop=\"image\" src=\"https:\/\/consult.taga.net\/wp-content\/uploads\/2017\/04\/BANC-SABADELL21.png\" alt=\"carousel image\" \/><\/span><\/div><\/li><li class='item'><div class=\"carousel_item_holder\"><span class='first_image_holder '><img itemprop=\"image\" src=\"https:\/\/consult.taga.net\/wp-content\/uploads\/2017\/04\/INSTITUT-CAT-SALUT21.png\" alt=\"carousel image\" \/><\/span><\/div><\/li><li class='item'><div class=\"carousel_item_holder\"><span class='first_image_holder '><img itemprop=\"image\" src=\"https:\/\/consult.taga.net\/wp-content\/uploads\/2017\/04\/GENCAT21.png\" alt=\"carousel image\" \/><\/span><\/div><\/li><li class='item'><div class=\"carousel_item_holder\"><span class='first_image_holder '><img itemprop=\"image\" src=\"https:\/\/consult.taga.net\/wp-content\/uploads\/2019\/11\/ajun.-terrasa.jpg\" alt=\"carousel image\" \/><\/span><\/div><\/li><li class='item'><div class=\"carousel_item_holder\"><span class='first_image_holder '><img itemprop=\"image\" src=\"https:\/\/consult.taga.net\/wp-content\/uploads\/2017\/04\/OLIVA-TORRAS21.png\" alt=\"carousel image\" \/><\/span><\/div><\/li><li class='item'><div class=\"carousel_item_holder\"><span class='first_image_holder '><img itemprop=\"image\" src=\"https:\/\/consult.taga.net\/wp-content\/uploads\/2019\/11\/mango.jpg\" alt=\"carousel image\" \/><\/span><\/div><\/li><li class='item'><div class=\"carousel_item_holder\"><span class='first_image_holder '><img itemprop=\"image\" src=\"https:\/\/consult.taga.net\/wp-content\/uploads\/2017\/04\/TCC21.png\" alt=\"carousel image\" \/><\/span><\/div><\/li><li class='item'><div class=\"carousel_item_holder\"><span class='first_image_holder '><img itemprop=\"image\" src=\"https:\/\/consult.taga.net\/wp-content\/uploads\/2017\/04\/BIENES-Y-BIENES21.png\" alt=\"carousel image\" \/><\/span><\/div><\/li><li class='item'><div class=\"carousel_item_holder\"><span class='first_image_holder '><img itemprop=\"image\" src=\"https:\/\/consult.taga.net\/wp-content\/uploads\/2019\/11\/Falk-1.jpg\" alt=\"carousel image\" \/><\/span><\/div><\/li><li class='item'><div class=\"carousel_item_holder\"><span class='first_image_holder '><img itemprop=\"image\" src=\"https:\/\/consult.taga.net\/wp-content\/uploads\/2017\/04\/CAMARA-COLOMBIANA-INFRAESTRUCTURA21.png\" alt=\"carousel image\" \/><\/span><\/div><\/li><\/ul><\/div><\/div>[vc_column_text]<\/p>\n<p style=\"text-align: center;\"><a href=\"https:\/\/consult.taga.net\/clients\/\">ver m\u00e1s clientes<\/a><\/p>\n<p>[\/vc_column_text][\/vc_column][\/vc_row]<\/p>","protected":false},"excerpt":{"rendered":"<p>[vc_row css_animation=\u00bb\u00bb row_type=\u00bbrow\u00bb use_row_as_full_screen_section=\u00bbno\u00bb type=\u00bbgrid\u00bb angled_section=\u00bbno\u00bb text_align=\u00bbcenter\u00bb background_image_as_pattern=\u00bbwithout_pattern\u00bb css=\u00bb.vc_custom_1496049407333{padding-top: 110px !important;}\u00bb][vc_column width=\u00bb1\/6&#8243;][\/vc_column][vc_column width=\u00bb2\/3&#8243;][vc_column_text]Facilitamos a organizaciones y empresas los procesos de transformaci\u00f3n en un entorno cambiante, tecnol\u00f3gico, moderno y vibrante a trav\u00e9s de las metodolog\u00edas de Gesti\u00f3n del Cambio y el Liderazgo por el Cambio. &nbsp; Contribuimos decisivamente en la parte humana del cambio para que&#8230;<\/p>\n","protected":false},"author":1,"featured_media":0,"parent":0,"menu_order":0,"comment_status":"closed","ping_status":"closed","template":"full_width.php","meta":{"_mi_skip_tracking":false,"_monsterinsights_sitenote_active":false,"_monsterinsights_sitenote_note":"","_monsterinsights_sitenote_category":0},"yoast_head":"<!-- This site is optimized with the Yoast SEO plugin v20.12 - https:\/\/yoast.com\/wordpress\/plugins\/seo\/ -->\n<title>Home - Taga - Change Management &amp; Digital Transformation Consulting<\/title>\n<meta name=\"description\" content=\"Facilitem els processos de transformaci\u00f3 en un entorn canviant i tecnol\u00f2gic a trav\u00e9s de les metodologies de Gesti\u00f3 del Canvi i el Lideratge pel Canvi.\" \/>\n<meta name=\"robots\" content=\"index, follow, max-snippet:-1, max-image-preview:large, max-video-preview:-1\" \/>\n<link rel=\"canonical\" href=\"https:\/\/consult.taga.net\/ca\/\" \/>\n<meta property=\"og:locale\" content=\"es_ES\" \/>\n<meta property=\"og:type\" content=\"article\" \/>\n<meta property=\"og:title\" content=\"Home - Taga - Change Management &amp; Digital Transformation Consulting\" \/>\n<meta property=\"og:description\" content=\"Facilitem els processos de transformaci\u00f3 en un entorn canviant i tecnol\u00f2gic a trav\u00e9s de les metodologies de Gesti\u00f3 del Canvi i el Lideratge pel Canvi.\" \/>\n<meta property=\"og:url\" content=\"https:\/\/consult.taga.net\/ca\/\" \/>\n<meta property=\"og:site_name\" content=\"Taga\" \/>\n<meta property=\"article:modified_time\" content=\"2020-07-10T10:29:11+00:00\" \/>\n<meta property=\"og:image\" content=\"https:\/\/consult.taga.net\/wp-content\/uploads\/2019\/11\/Change-Management-1.jpg\" \/>\n<meta name=\"twitter:card\" content=\"summary_large_image\" \/>\n<meta name=\"twitter:label1\" content=\"Tiempo de lectura\" \/>\n\t<meta name=\"twitter:data1\" content=\"14 minutos\" \/>\n<script type=\"application\/ld+json\" class=\"yoast-schema-graph\">{\"@context\":\"https:\/\/schema.org\",\"@graph\":[{\"@type\":\"WebPage\",\"@id\":\"https:\/\/consult.taga.net\/ca\/\",\"url\":\"https:\/\/consult.taga.net\/ca\/\",\"name\":\"Home - Taga - Change Management & Digital Transformation Consulting\",\"isPartOf\":{\"@id\":\"https:\/\/consult.taga.net\/ca\/#website\"},\"datePublished\":\"2016-06-22T10:04:51+00:00\",\"dateModified\":\"2020-07-10T10:29:11+00:00\",\"description\":\"Facilitem els processos de transformaci\u00f3 en un entorn canviant i tecnol\u00f2gic a trav\u00e9s de les metodologies de Gesti\u00f3 del Canvi i el Lideratge pel Canvi.\",\"breadcrumb\":{\"@id\":\"https:\/\/consult.taga.net\/ca\/#breadcrumb\"},\"inLanguage\":\"es\",\"potentialAction\":[{\"@type\":\"ReadAction\",\"target\":[\"https:\/\/consult.taga.net\/ca\/\"]}]},{\"@type\":\"BreadcrumbList\",\"@id\":\"https:\/\/consult.taga.net\/ca\/#breadcrumb\",\"itemListElement\":[{\"@type\":\"ListItem\",\"position\":1,\"name\":\"Inici\",\"item\":\"https:\/\/consult.taga.net\/ca\/\"},{\"@type\":\"ListItem\",\"position\":2,\"name\":\"Home\"}]},{\"@type\":\"WebSite\",\"@id\":\"https:\/\/consult.taga.net\/ca\/#website\",\"url\":\"https:\/\/consult.taga.net\/ca\/\",\"name\":\"Taga\",\"description\":\"Leadership, Strategy, Culture\",\"publisher\":{\"@id\":\"https:\/\/consult.taga.net\/ca\/#organization\"},\"potentialAction\":[{\"@type\":\"SearchAction\",\"target\":{\"@type\":\"EntryPoint\",\"urlTemplate\":\"https:\/\/consult.taga.net\/ca\/?s={search_term_string}\"},\"query-input\":\"required name=search_term_string\"}],\"inLanguage\":\"es\"},{\"@type\":\"Organization\",\"@id\":\"https:\/\/consult.taga.net\/ca\/#organization\",\"name\":\"Taga - Change Management\",\"url\":\"https:\/\/consult.taga.net\/ca\/\",\"logo\":{\"@type\":\"ImageObject\",\"inLanguage\":\"es\",\"@id\":\"https:\/\/consult.taga.net\/ca\/#\/schema\/logo\/image\/\",\"url\":\"https:\/\/consult.taga.net\/wp-content\/uploads\/2019\/11\/Logo_change-management.png\",\"contentUrl\":\"https:\/\/consult.taga.net\/wp-content\/uploads\/2019\/11\/Logo_change-management.png\",\"width\":122,\"height\":68,\"caption\":\"Taga - Change Management\"},\"image\":{\"@id\":\"https:\/\/consult.taga.net\/ca\/#\/schema\/logo\/image\/\"}}]}<\/script>\n<!-- \/ Yoast SEO plugin. -->","yoast_head_json":{"title":"Home - Taga - Change Management & Digital Transformation Consulting","description":"Facilitem els processos de transformaci\u00f3 en un entorn canviant i tecnol\u00f2gic a trav\u00e9s de les metodologies de Gesti\u00f3 del Canvi i el Lideratge pel Canvi.","robots":{"index":"index","follow":"follow","max-snippet":"max-snippet:-1","max-image-preview":"max-image-preview:large","max-video-preview":"max-video-preview:-1"},"canonical":"https:\/\/consult.taga.net\/ca\/","og_locale":"es_ES","og_type":"article","og_title":"Home - Taga - Change Management & Digital Transformation Consulting","og_description":"Facilitem els processos de transformaci\u00f3 en un entorn canviant i tecnol\u00f2gic a trav\u00e9s de les metodologies de Gesti\u00f3 del Canvi i el Lideratge pel Canvi.","og_url":"https:\/\/consult.taga.net\/ca\/","og_site_name":"Taga","article_modified_time":"2020-07-10T10:29:11+00:00","og_image":[{"url":"https:\/\/consult.taga.net\/wp-content\/uploads\/2019\/11\/Change-Management-1.jpg"}],"twitter_card":"summary_large_image","twitter_misc":{"Tiempo de lectura":"14 minutos"},"schema":{"@context":"https:\/\/schema.org","@graph":[{"@type":"WebPage","@id":"https:\/\/consult.taga.net\/ca\/","url":"https:\/\/consult.taga.net\/ca\/","name":"Home - Taga - Change Management & Digital Transformation Consulting","isPartOf":{"@id":"https:\/\/consult.taga.net\/ca\/#website"},"datePublished":"2016-06-22T10:04:51+00:00","dateModified":"2020-07-10T10:29:11+00:00","description":"Facilitem els processos de transformaci\u00f3 en un entorn canviant i tecnol\u00f2gic a trav\u00e9s de les metodologies de Gesti\u00f3 del Canvi i el Lideratge pel Canvi.","breadcrumb":{"@id":"https:\/\/consult.taga.net\/ca\/#breadcrumb"},"inLanguage":"es","potentialAction":[{"@type":"ReadAction","target":["https:\/\/consult.taga.net\/ca\/"]}]},{"@type":"BreadcrumbList","@id":"https:\/\/consult.taga.net\/ca\/#breadcrumb","itemListElement":[{"@type":"ListItem","position":1,"name":"Inici","item":"https:\/\/consult.taga.net\/ca\/"},{"@type":"ListItem","position":2,"name":"Home"}]},{"@type":"WebSite","@id":"https:\/\/consult.taga.net\/ca\/#website","url":"https:\/\/consult.taga.net\/ca\/","name":"Taga","description":"Leadership, Strategy, Culture","publisher":{"@id":"https:\/\/consult.taga.net\/ca\/#organization"},"potentialAction":[{"@type":"SearchAction","target":{"@type":"EntryPoint","urlTemplate":"https:\/\/consult.taga.net\/ca\/?s={search_term_string}"},"query-input":"required name=search_term_string"}],"inLanguage":"es"},{"@type":"Organization","@id":"https:\/\/consult.taga.net\/ca\/#organization","name":"Taga - Change Management","url":"https:\/\/consult.taga.net\/ca\/","logo":{"@type":"ImageObject","inLanguage":"es","@id":"https:\/\/consult.taga.net\/ca\/#\/schema\/logo\/image\/","url":"https:\/\/consult.taga.net\/wp-content\/uploads\/2019\/11\/Logo_change-management.png","contentUrl":"https:\/\/consult.taga.net\/wp-content\/uploads\/2019\/11\/Logo_change-management.png","width":122,"height":68,"caption":"Taga - Change Management"},"image":{"@id":"https:\/\/consult.taga.net\/ca\/#\/schema\/logo\/image\/"}}]}},"_links":{"self":[{"href":"https:\/\/consult.taga.net\/es\/wp-json\/wp\/v2\/pages\/365"}],"collection":[{"href":"https:\/\/consult.taga.net\/es\/wp-json\/wp\/v2\/pages"}],"about":[{"href":"https:\/\/consult.taga.net\/es\/wp-json\/wp\/v2\/types\/page"}],"author":[{"embeddable":true,"href":"https:\/\/consult.taga.net\/es\/wp-json\/wp\/v2\/users\/1"}],"replies":[{"embeddable":true,"href":"https:\/\/consult.taga.net\/es\/wp-json\/wp\/v2\/comments?post=365"}],"version-history":[{"count":112,"href":"https:\/\/consult.taga.net\/es\/wp-json\/wp\/v2\/pages\/365\/revisions"}],"predecessor-version":[{"id":2810,"href":"https:\/\/consult.taga.net\/es\/wp-json\/wp\/v2\/pages\/365\/revisions\/2810"}],"wp:attachment":[{"href":"https:\/\/consult.taga.net\/es\/wp-json\/wp\/v2\/media?parent=365"}],"curies":[{"name":"wp","href":"https:\/\/api.w.org\/{rel}","templated":true}]}}