{"id":587,"date":"2017-02-14T11:13:55","date_gmt":"2017-02-14T10:13:55","guid":{"rendered":"http:\/\/consult.taga.net\/?page_id=587"},"modified":"2017-12-13T12:28:59","modified_gmt":"2017-12-13T11:28:59","slug":"strategy","status":"publish","type":"page","link":"https:\/\/consult.taga.net\/es\/strategy\/","title":{"rendered":"Strategy"},"content":{"rendered":"<p>[vc_row css_animation=\u00bb\u00bb row_type=\u00bbrow\u00bb use_row_as_full_screen_section=\u00bbno\u00bb type=\u00bbgrid\u00bb angled_section=\u00bbno\u00bb text_align=\u00bbleft\u00bb background_image_as_pattern=\u00bbwithout_pattern\u00bb css=\u00bb.vc_custom_1487263205527{padding-top: 100px !important;padding-bottom: 100px !important;}\u00bb][vc_column][qode_elements_holder number_of_columns=\u00bbtwo_columns\u00bb alignment_one_column=\u00bbleft\u00bb][qode_elements_holder_item vertical_alignment=\u00bbmiddle\u00bb advanced_animations=\u00bbno\u00bb item_padding_600_768=\u00bb0 0 7% 0&#8243; item_padding_480_600=\u00bb0 0 9% 0&#8243; item_padding_480=\u00bb0 0 10% 0&#8243;][vc_column_text]<\/p>\n<h1><span style=\"color: #ff5f40;\">Evolving Strategies<\/span><\/h1>\n<p>[\/vc_column_text][vc_empty_space height=\u00bb12px\u00bb][vc_column_text]La elecci\u00f3n y el desarrollo de una estrategia excelente debe capturar las oportunidades de futuro para la organizaci\u00f3n y, especialmente, debe transmitir la direcci\u00f3n y la fuerza que \u00e9sta necesita para movilizar recursos y personas.<\/p>\n<p>&nbsp;<\/p>\n<p>Despu\u00e9s de la formulaci\u00f3n de una estrategia exitosa, el siguiente reto es su implementaci\u00f3n mediante equipos motivados y empoderados. Adem\u00e1s, es importante contar con un sistema de indicadores estrat\u00e9gicos que comuniquen claramente el objetivo y que aporten informaci\u00f3n sobre la direcci\u00f3n y la velocidad del proceso estrat\u00e9gico.<\/p>\n<p>&nbsp;<\/p>\n<p>Dentro del \u00e1mbito de la estrategia, TAGA propone diversos programas de trabajo y servicios dirigidos a los equipos directivos:[\/vc_column_text][vc_empty_space height=\u00bb15px\u00bb][\/qode_elements_holder_item][qode_elements_holder_item vertical_alignment=\u00bbmiddle\u00bb advanced_animations=\u00bbno\u00bb][vc_single_image image=\u00bb589&#8243; img_size=\u00bbfull\u00bb alignment=\u00bbcenter\u00bb qode_css_animation=\u00bb\u00bb][\/qode_elements_holder_item][\/qode_elements_holder][\/vc_column][\/vc_row][vc_row css_animation=\u00bb\u00bb row_type=\u00bbrow\u00bb use_row_as_full_screen_section=\u00bbno\u00bb type=\u00bbgrid\u00bb angled_section=\u00bbno\u00bb text_align=\u00bbleft\u00bb background_image_as_pattern=\u00bbwithout_pattern\u00bb background_color=\u00bb#f8f8f8&#8243; css=\u00bb.vc_custom_1492768668804{padding-top: 130px !important;padding-bottom: 130px !important;}\u00bb][vc_column][vc_tabs style=\u00bbvertical_left\u00bb][vc_tab title=\u00bbMVVE | Misi\u00f3n, Visi\u00f3n, Valores y Estrategia\u00bb tab_id=\u00bbc6eecd3e-2042-0&#8243;][vc_single_image image=\u00bb593&#8243; img_size=\u00bbfull\u00bb qode_css_animation=\u00bb\u00bb][vc_column_text]<\/p>\n<h4>MVVE<\/h4>\n<p>[\/vc_column_text][vc_empty_space][vc_column_text]<\/p>\n<h1><span style=\"color: #ff5f40;\">Misi\u00f3n, Visi\u00f3n, Valores y Estrategia<\/span><\/h1>\n<p>[\/vc_column_text][vc_separator type=\u00bbsmall\u00bb position=\u00bbleft\u00bb color=\u00bb#ff5f40&#8243; thickness=\u00bb2&#8243;][vc_column_text]<strong>PROGRAMA EXPERIENCIAL DE\u00a0DESARROLLO ESTRAT\u00c9GICO<\/strong><\/p>\n<p>&nbsp;<\/p>\n<p>Programa que dota de contenido a las bases de la estrategia a trav\u00e9s de los elementos b\u00e1sicos que forman parte de la cultura de una organizaci\u00f3n: Misi\u00f3n, Visi\u00f3n, Valores y Estrategia.<\/p>\n<p>&nbsp;<\/p>\n<p>Damos apoyo a las empresas para llevar a cabo un trabajo de reflexi\u00f3n profunda sobre la formulaci\u00f3n propia de su MISI\u00d3N, VISI\u00d3N, VALORES y ESTRATEGIA.[\/vc_column_text][vc_empty_space height=\u00bb40px\u00bb][vc_single_image image=\u00bb1789&#8243; img_size=\u00bbfull\u00bb alignment=\u00bbcenter\u00bb qode_css_animation=\u00bb\u00bb][\/vc_tab][vc_tab title=\u00bbCESH | Consultor\u00eda Estrat\u00e9gica Sist\u00e9mica y Humanista\u00bb tab_id=\u00bb1492766143227-1-7&#8243;][vc_single_image image=\u00bb593&#8243; img_size=\u00bbfull\u00bb qode_css_animation=\u00bb\u00bb][vc_column_text]<\/p>\n<h4>CESH<\/h4>\n<p>[\/vc_column_text][vc_empty_space][vc_column_text]<\/p>\n<h1><span style=\"color: #ff5f40;\">Consultor\u00eda Estrat\u00e9gica Sist\u00e9mica y Humanista<\/span><\/h1>\n<p>[\/vc_column_text][vc_separator type=\u00bbsmall\u00bb position=\u00bbleft\u00bb color=\u00bb#ff5f40&#8243; thickness=\u00bb2&#8243;][vc_column_text]<strong>METODOLOG\u00cdA SIST\u00c9MICA Y HUMANISTA DE AN\u00c1LISIS Y DESARROLLO ESTRAT\u00c9GICO.<\/strong><\/p>\n<p>&nbsp;<\/p>\n<p>Las principales palancas del cambio son el Liderazgo, la Estrategia y la Cultura. Sin embargo, existen algunas m\u00e1s que merecen tenerlas en consideraci\u00f3n para conseguir los objetivos. Son, principalmente, la innovaci\u00f3n, el dise\u00f1o organizacional, la colaboraci\u00f3n, la comunicaci\u00f3n, la gesti\u00f3n de equipos y personas y el desarrollo del Talento.[\/vc_column_text][vc_empty_space height=\u00bb40px\u00bb][vc_single_image image=\u00bb1787&#8243; img_size=\u00bbfull\u00bb alignment=\u00bbcenter\u00bb qode_css_animation=\u00bb\u00bb][\/vc_tab][vc_tab title=\u00bbIESH | Inteligencia Empresarial Sist\u00e9mica y Humanista\u00bb tab_id=\u00bb1492767973660-2-9&#8243;][vc_single_image image=\u00bb593&#8243; img_size=\u00bbfull\u00bb qode_css_animation=\u00bb\u00bb][vc_column_text]<\/p>\n<h4>IESH<\/h4>\n<p>[\/vc_column_text][vc_empty_space][vc_column_text]<\/p>\n<h1><span style=\"color: #ff5f40;\">Inteligencia Empresarial Sist\u00e9mica y Humanista<\/span><\/h1>\n<p>[\/vc_column_text][vc_separator type=\u00bbsmall\u00bb position=\u00bbleft\u00bb color=\u00bb#ff5f40&#8243; thickness=\u00bb2&#8243;][vc_column_text]<strong>HERRAMIENTA SIST\u00c9MICA Y HUMANISTA PARA LA TOMA DE DECISIONES ESTRAT\u00c9GICAS<\/strong><\/p>\n<p>&nbsp;<\/p>\n<p>La inteligencia empresarial sist\u00e9mica aporta los instrumentos necesarios para la comprensi\u00f3n y el desarrollo integral y sostenible de la organizaci\u00f3n en su conjunto, asegurando as\u00ed su permanencia y mejorando su productividad.<\/p>\n<p>&nbsp;<\/p>\n<p>Uno de los objetivos que cumple esta herramienta es el desarrollo de la INTELIGENCIA EMOCIONAL.[\/vc_column_text][vc_empty_space height=\u00bb40px\u00bb][vc_single_image image=\u00bb1788&#8243; img_size=\u00bbfull\u00bb alignment=\u00bbcenter\u00bb qode_css_animation=\u00bb\u00bb][\/vc_tab][vc_tab title=\u00bbAEOP | Alianzas Estrat\u00e9gicas Optimizadas\u00bb tab_id=\u00bb1492768111936-3-1&#8243;][vc_single_image image=\u00bb593&#8243; img_size=\u00bbfull\u00bb qode_css_animation=\u00bb\u00bb][vc_column_text]<\/p>\n<h4>AEOP<\/h4>\n<p>[\/vc_column_text][vc_empty_space][vc_column_text]<\/p>\n<h1><span style=\"color: #ff5f40;\">Alianzas Estrat\u00e9gicas Optimizadas<\/span><\/h1>\n<p>[\/vc_column_text][vc_separator type=\u00bbsmall\u00bb position=\u00bbleft\u00bb color=\u00bb#ff5f40&#8243; thickness=\u00bb2&#8243;][vc_column_text]<strong>MODELO DE NEGOCIACI\u00d3N SIST\u00c9MICA PARA ALIANZAS ESTRAT\u00c9GICAS \u00d3PTIMAS<\/strong><\/p>\n<p>&nbsp;<\/p>\n<p>Este modelo de trabajo facilita la negociaci\u00f3n de un partenariado entre dos o m\u00e1s empresas \u00a0que comparten ciertos objetivos e intereses a medio y largo plazo.<\/p>\n<p>&nbsp;<\/p>\n<p>A trav\u00e9s de un proceso de an\u00e1lisis espec\u00edfico se consigue , con el menor esfuerzo posible, determinar cu\u00e1l es el tipo de relaci\u00f3n \u00f3ptimo para la consecuci\u00f3n de los objetivos propuestos.<\/p>\n<p>&nbsp;<\/p>\n<p>Esta metodolog\u00eda:<\/p>\n<p>\u00b7 Revela las <strong>razones aut\u00e9nticas<\/strong> que hay detr\u00e1s del deseo de partenariado de cada una de las partes.<\/p>\n<p>\u00b7 <strong>Analiza las condiciones<\/strong> que facilitan la cooperaci\u00f3n.<\/p>\n<p>\u00b7 Define de forma clara <strong>qu\u00e9 actividades deber\u00e1n ser llevadas a cabo<\/strong> por parte de las diferentes personas de la empresa para implementar la relaci\u00f3n.<\/p>\n<p>\u00b7 Establece r\u00e1pidamente la <strong>zona de entendimiento mutuo<\/strong> y el compromiso requerido para conseguir el \u00e9xito.<\/p>\n<p>\u00b7 Proporciona una estructura para <strong>medir los resultados.<\/strong>[\/vc_column_text][vc_empty_space height=\u00bb40px\u00bb][vc_single_image image=\u00bb1786&#8243; img_size=\u00bbfull\u00bb alignment=\u00bbcenter\u00bb qode_css_animation=\u00bb\u00bb][\/vc_tab][\/vc_tabs][\/vc_column][\/vc_row][vc_row css_animation=\u00bb\u00bb row_type=\u00bbrow\u00bb use_row_as_full_screen_section=\u00bbno\u00bb type=\u00bbgrid\u00bb angled_section=\u00bbno\u00bb text_align=\u00bbcenter\u00bb background_image_as_pattern=\u00bbwithout_pattern\u00bb css=\u00bb.vc_custom_1487157228208{padding-top: 100px !important;padding-bottom: 100px !important;}\u00bb][vc_column width=\u00bb1\/2&#8243;][vc_single_image image=\u00bb546&#8243; img_size=\u00bbfull\u00bb alignment=\u00bbcenter\u00bb qode_css_animation=\u00bb\u00bb][vc_empty_space height=\u00bb20px\u00bb][vc_column_text]<\/p>\n<h3><span style=\"color: #69509a;\">Rising Leaders<br \/>\n<\/span><\/h3>\n<p>[\/vc_column_text][vc_empty_space height=\u00bb20px\u00bb][vc_column_text]<span style=\"color: #684f9a;\">Los CEOs, junto con sus equipos de Alta Direcci\u00f3n, son los aut\u00e9nticos promotores de la transformaci\u00f3n\u2026<\/span>[\/vc_column_text][vc_empty_space height=\u00bb30px\u00bb]<a  itemprop=\"url\" href=\"https:\/\/consult.taga.net\/leadership\/\" target=\"_self\" data-hover-background-color=#ffffff data-hover-border-color=#958275 data-hover-color=#958275 class=\"qbutton  center default\" style=\"color: #684f9a; border-color: #684f9a; background-color: #ffffff;\">+ informaci\u00f3n<\/a>[vc_empty_space height=\u00bb30px\u00bb][\/vc_column][vc_column width=\u00bb1\/2&#8243;][vc_single_image image=\u00bb619&#8243; img_size=\u00bbfull\u00bb alignment=\u00bbcenter\u00bb qode_css_animation=\u00bb\u00bb][vc_empty_space height=\u00bb20px\u00bb][vc_column_text]<\/p>\n<h3><span style=\"color: #69509a;\"><strong><span style=\"color: #64cfa9;\">Upgrading Organizations<\/span><br \/>\n<\/strong><\/span><\/h3>\n<p>[\/vc_column_text][vc_empty_space height=\u00bb20px\u00bb][vc_column_text]<span style=\"color: #64cfa9;\">La cultura organizacional define la forma de ser de la empresa, su personalidad, su estilo de liderazgo y su estrategia\u2026<\/span>[\/vc_column_text][vc_empty_space height=\u00bb30px\u00bb]<a  itemprop=\"url\" href=\"https:\/\/consult.taga.net\/culture\/\" target=\"_self\" data-hover-background-color=#ffffff data-hover-border-color=#958275 data-hover-color=#958275 class=\"qbutton  center default\" style=\"color: #64cfa9; border-color: #64cfa9; background-color: #ffffff;\">+ informaci\u00f3n<\/a>[vc_empty_space height=\u00bb30px\u00bb][\/vc_column][\/vc_row]<\/p>","protected":false},"excerpt":{"rendered":"<p>[vc_row css_animation=\u00bb\u00bb row_type=\u00bbrow\u00bb use_row_as_full_screen_section=\u00bbno\u00bb type=\u00bbgrid\u00bb angled_section=\u00bbno\u00bb text_align=\u00bbleft\u00bb background_image_as_pattern=\u00bbwithout_pattern\u00bb css=\u00bb.vc_custom_1487263205527{padding-top: 100px !important;padding-bottom: 100px !important;}\u00bb][vc_column][qode_elements_holder number_of_columns=\u00bbtwo_columns\u00bb alignment_one_column=\u00bbleft\u00bb][qode_elements_holder_item vertical_alignment=\u00bbmiddle\u00bb advanced_animations=\u00bbno\u00bb item_padding_600_768=\u00bb0 0 7% 0&#8243; item_padding_480_600=\u00bb0 0 9% 0&#8243; item_padding_480=\u00bb0 0 10% 0&#8243;][vc_column_text] Evolving Strategies [\/vc_column_text][vc_empty_space height=\u00bb12px\u00bb][vc_column_text]La elecci\u00f3n y el desarrollo de una estrategia excelente debe capturar las oportunidades de futuro para la organizaci\u00f3n y, especialmente, debe transmitir la&#8230;<\/p>\n","protected":false},"author":1,"featured_media":0,"parent":0,"menu_order":0,"comment_status":"closed","ping_status":"closed","template":"full_width.php","meta":{"_mi_skip_tracking":false,"_monsterinsights_sitenote_active":false,"_monsterinsights_sitenote_note":"","_monsterinsights_sitenote_category":0},"yoast_head":"<!-- This site is optimized with the Yoast SEO plugin v20.12 - https:\/\/yoast.com\/wordpress\/plugins\/seo\/ -->\n<title>Strategy - Taga<\/title>\n<meta name=\"robots\" content=\"index, follow, max-snippet:-1, max-image-preview:large, max-video-preview:-1\" \/>\n<link rel=\"canonical\" href=\"https:\/\/consult.taga.net\/ca\/strategy\/\" \/>\n<meta property=\"og:locale\" content=\"es_ES\" \/>\n<meta property=\"og:type\" content=\"article\" \/>\n<meta property=\"og:title\" content=\"Strategy - Taga\" \/>\n<meta property=\"og:description\" content=\"[vc_row css_animation=\u00bb\u00bb row_type=\u00bbrow\u00bb use_row_as_full_screen_section=\u00bbno\u00bb type=\u00bbgrid\u00bb angled_section=\u00bbno\u00bb text_align=\u00bbleft\u00bb background_image_as_pattern=\u00bbwithout_pattern\u00bb css=\u00bb.vc_custom_1487263205527{padding-top: 100px !important;padding-bottom: 100px !important;}\u00bb][vc_column][qode_elements_holder number_of_columns=\u00bbtwo_columns\u00bb alignment_one_column=\u00bbleft\u00bb][qode_elements_holder_item vertical_alignment=\u00bbmiddle\u00bb advanced_animations=\u00bbno\u00bb item_padding_600_768=\u00bb0 0 7% 0&#8243; item_padding_480_600=\u00bb0 0 9% 0&#8243; item_padding_480=\u00bb0 0 10% 0&#8243;][vc_column_text] Evolving Strategies [\/vc_column_text][vc_empty_space height=\u00bb12px\u00bb][vc_column_text]La elecci\u00f3n y el desarrollo de una estrategia excelente debe capturar las oportunidades de futuro para la organizaci\u00f3n y, especialmente, debe transmitir la...\" \/>\n<meta property=\"og:url\" content=\"https:\/\/consult.taga.net\/ca\/strategy\/\" \/>\n<meta property=\"og:site_name\" content=\"Taga\" \/>\n<meta property=\"article:modified_time\" content=\"2017-12-13T11:28:59+00:00\" \/>\n<meta name=\"twitter:card\" content=\"summary_large_image\" \/>\n<meta name=\"twitter:label1\" content=\"Tiempo de lectura\" \/>\n\t<meta name=\"twitter:data1\" content=\"18 minutos\" \/>\n<script type=\"application\/ld+json\" class=\"yoast-schema-graph\">{\"@context\":\"https:\/\/schema.org\",\"@graph\":[{\"@type\":\"WebPage\",\"@id\":\"https:\/\/consult.taga.net\/ca\/strategy\/\",\"url\":\"https:\/\/consult.taga.net\/ca\/strategy\/\",\"name\":\"Strategy - Taga\",\"isPartOf\":{\"@id\":\"https:\/\/consult.taga.net\/ca\/#website\"},\"datePublished\":\"2017-02-14T10:13:55+00:00\",\"dateModified\":\"2017-12-13T11:28:59+00:00\",\"breadcrumb\":{\"@id\":\"https:\/\/consult.taga.net\/ca\/strategy\/#breadcrumb\"},\"inLanguage\":\"es\",\"potentialAction\":[{\"@type\":\"ReadAction\",\"target\":[\"https:\/\/consult.taga.net\/ca\/strategy\/\"]}]},{\"@type\":\"BreadcrumbList\",\"@id\":\"https:\/\/consult.taga.net\/ca\/strategy\/#breadcrumb\",\"itemListElement\":[{\"@type\":\"ListItem\",\"position\":1,\"name\":\"Inici\",\"item\":\"https:\/\/consult.taga.net\/ca\/\"},{\"@type\":\"ListItem\",\"position\":2,\"name\":\"Strategy\"}]},{\"@type\":\"WebSite\",\"@id\":\"https:\/\/consult.taga.net\/ca\/#website\",\"url\":\"https:\/\/consult.taga.net\/ca\/\",\"name\":\"Taga\",\"description\":\"Leadership, Strategy, Culture\",\"publisher\":{\"@id\":\"https:\/\/consult.taga.net\/ca\/#organization\"},\"potentialAction\":[{\"@type\":\"SearchAction\",\"target\":{\"@type\":\"EntryPoint\",\"urlTemplate\":\"https:\/\/consult.taga.net\/ca\/?s={search_term_string}\"},\"query-input\":\"required name=search_term_string\"}],\"inLanguage\":\"es\"},{\"@type\":\"Organization\",\"@id\":\"https:\/\/consult.taga.net\/ca\/#organization\",\"name\":\"Taga - Change Management\",\"url\":\"https:\/\/consult.taga.net\/ca\/\",\"logo\":{\"@type\":\"ImageObject\",\"inLanguage\":\"es\",\"@id\":\"https:\/\/consult.taga.net\/ca\/#\/schema\/logo\/image\/\",\"url\":\"https:\/\/consult.taga.net\/wp-content\/uploads\/2019\/11\/Logo_change-management.png\",\"contentUrl\":\"https:\/\/consult.taga.net\/wp-content\/uploads\/2019\/11\/Logo_change-management.png\",\"width\":122,\"height\":68,\"caption\":\"Taga - Change Management\"},\"image\":{\"@id\":\"https:\/\/consult.taga.net\/ca\/#\/schema\/logo\/image\/\"}}]}<\/script>\n<!-- \/ Yoast SEO plugin. -->","yoast_head_json":{"title":"Strategy - Taga","robots":{"index":"index","follow":"follow","max-snippet":"max-snippet:-1","max-image-preview":"max-image-preview:large","max-video-preview":"max-video-preview:-1"},"canonical":"https:\/\/consult.taga.net\/ca\/strategy\/","og_locale":"es_ES","og_type":"article","og_title":"Strategy - Taga","og_description":"[vc_row css_animation=\u00bb\u00bb row_type=\u00bbrow\u00bb use_row_as_full_screen_section=\u00bbno\u00bb type=\u00bbgrid\u00bb angled_section=\u00bbno\u00bb text_align=\u00bbleft\u00bb background_image_as_pattern=\u00bbwithout_pattern\u00bb css=\u00bb.vc_custom_1487263205527{padding-top: 100px !important;padding-bottom: 100px !important;}\u00bb][vc_column][qode_elements_holder number_of_columns=\u00bbtwo_columns\u00bb alignment_one_column=\u00bbleft\u00bb][qode_elements_holder_item vertical_alignment=\u00bbmiddle\u00bb advanced_animations=\u00bbno\u00bb item_padding_600_768=\u00bb0 0 7% 0&#8243; item_padding_480_600=\u00bb0 0 9% 0&#8243; item_padding_480=\u00bb0 0 10% 0&#8243;][vc_column_text] Evolving Strategies [\/vc_column_text][vc_empty_space height=\u00bb12px\u00bb][vc_column_text]La elecci\u00f3n y el desarrollo de una estrategia excelente debe capturar las oportunidades de futuro para la organizaci\u00f3n y, especialmente, debe transmitir la...","og_url":"https:\/\/consult.taga.net\/ca\/strategy\/","og_site_name":"Taga","article_modified_time":"2017-12-13T11:28:59+00:00","twitter_card":"summary_large_image","twitter_misc":{"Tiempo de lectura":"18 minutos"},"schema":{"@context":"https:\/\/schema.org","@graph":[{"@type":"WebPage","@id":"https:\/\/consult.taga.net\/ca\/strategy\/","url":"https:\/\/consult.taga.net\/ca\/strategy\/","name":"Strategy - Taga","isPartOf":{"@id":"https:\/\/consult.taga.net\/ca\/#website"},"datePublished":"2017-02-14T10:13:55+00:00","dateModified":"2017-12-13T11:28:59+00:00","breadcrumb":{"@id":"https:\/\/consult.taga.net\/ca\/strategy\/#breadcrumb"},"inLanguage":"es","potentialAction":[{"@type":"ReadAction","target":["https:\/\/consult.taga.net\/ca\/strategy\/"]}]},{"@type":"BreadcrumbList","@id":"https:\/\/consult.taga.net\/ca\/strategy\/#breadcrumb","itemListElement":[{"@type":"ListItem","position":1,"name":"Inici","item":"https:\/\/consult.taga.net\/ca\/"},{"@type":"ListItem","position":2,"name":"Strategy"}]},{"@type":"WebSite","@id":"https:\/\/consult.taga.net\/ca\/#website","url":"https:\/\/consult.taga.net\/ca\/","name":"Taga","description":"Leadership, Strategy, Culture","publisher":{"@id":"https:\/\/consult.taga.net\/ca\/#organization"},"potentialAction":[{"@type":"SearchAction","target":{"@type":"EntryPoint","urlTemplate":"https:\/\/consult.taga.net\/ca\/?s={search_term_string}"},"query-input":"required name=search_term_string"}],"inLanguage":"es"},{"@type":"Organization","@id":"https:\/\/consult.taga.net\/ca\/#organization","name":"Taga - Change Management","url":"https:\/\/consult.taga.net\/ca\/","logo":{"@type":"ImageObject","inLanguage":"es","@id":"https:\/\/consult.taga.net\/ca\/#\/schema\/logo\/image\/","url":"https:\/\/consult.taga.net\/wp-content\/uploads\/2019\/11\/Logo_change-management.png","contentUrl":"https:\/\/consult.taga.net\/wp-content\/uploads\/2019\/11\/Logo_change-management.png","width":122,"height":68,"caption":"Taga - Change Management"},"image":{"@id":"https:\/\/consult.taga.net\/ca\/#\/schema\/logo\/image\/"}}]}},"_links":{"self":[{"href":"https:\/\/consult.taga.net\/es\/wp-json\/wp\/v2\/pages\/587"}],"collection":[{"href":"https:\/\/consult.taga.net\/es\/wp-json\/wp\/v2\/pages"}],"about":[{"href":"https:\/\/consult.taga.net\/es\/wp-json\/wp\/v2\/types\/page"}],"author":[{"embeddable":true,"href":"https:\/\/consult.taga.net\/es\/wp-json\/wp\/v2\/users\/1"}],"replies":[{"embeddable":true,"href":"https:\/\/consult.taga.net\/es\/wp-json\/wp\/v2\/comments?post=587"}],"version-history":[{"count":113,"href":"https:\/\/consult.taga.net\/es\/wp-json\/wp\/v2\/pages\/587\/revisions"}],"predecessor-version":[{"id":2289,"href":"https:\/\/consult.taga.net\/es\/wp-json\/wp\/v2\/pages\/587\/revisions\/2289"}],"wp:attachment":[{"href":"https:\/\/consult.taga.net\/es\/wp-json\/wp\/v2\/media?parent=587"}],"curies":[{"name":"wp","href":"https:\/\/api.w.org\/{rel}","templated":true}]}}