{"id":632,"date":"2017-02-14T17:46:18","date_gmt":"2017-02-14T16:46:18","guid":{"rendered":"http:\/\/consult.taga.net\/?page_id=632"},"modified":"2017-12-13T12:21:03","modified_gmt":"2017-12-13T11:21:03","slug":"que-hacemos","status":"publish","type":"page","link":"https:\/\/consult.taga.net\/es\/que-hacemos\/","title":{"rendered":"Qu\u00e9 hacemos"},"content":{"rendered":"<p>[vc_row css_animation=\u00bb\u00bb row_type=\u00bbrow\u00bb use_row_as_full_screen_section=\u00bbno\u00bb type=\u00bbgrid\u00bb angled_section=\u00bbno\u00bb text_align=\u00bbleft\u00bb background_image_as_pattern=\u00bbwithout_pattern\u00bb css=\u00bb.vc_custom_1466604420616{padding-top: 96px !important;padding-bottom: 83px !important;}\u00bb][vc_column][qode_elements_holder number_of_columns=\u00bbtwo_columns\u00bb alignment_one_column=\u00bbleft\u00bb][qode_elements_holder_item vertical_alignment=\u00bbmiddle\u00bb advanced_animations=\u00bbno\u00bb item_padding_600_768=\u00bb0 0 7% 0&#8243; item_padding_480_600=\u00bb0 0 9% 0&#8243; item_padding_480=\u00bb0 0 10% 0&#8243;][vc_column_text]<\/p>\n<h1><span style=\"color: #69509a;\"><span style=\"color: #948175;\">Leadership, Strategy, Culture.<\/span><br \/>\n<\/span><\/h1>\n<p>[\/vc_column_text][vc_empty_space height=\u00bb12px\u00bb][vc_column_text]Promovemos, facilitamos y acompa\u00f1amos las empresas en sus procesos de transformaci\u00f3n en tres grandes \u00e1reas: el Liderazgo, la Estrategia y la Cultura Organizacional.<\/p>\n<p>&nbsp;<\/p>\n<p>Y lo llevamos a cabo conjuntamente con los CEOs y sus equipos de Alta Direcci\u00f3n, a fin de que sean ellos los iniciadores y responsables de hacer perdurar dicho proceso de transformaci\u00f3n organizacional.<\/p>\n<p>&nbsp;<\/p>\n<p>Nuestro objetivo es que la empresa pueda alcanzar resultados tangibles que mejoren las personas que forman parte de ella y, por lo tanto, la organizaci\u00f3n en si misma.[\/vc_column_text][vc_empty_space height=\u00bb15px\u00bb][\/qode_elements_holder_item][qode_elements_holder_item vertical_alignment=\u00bbmiddle\u00bb advanced_animations=\u00bbno\u00bb][vc_single_image image=\u00bb659&#8243; img_size=\u00bbfull\u00bb alignment=\u00bbcenter\u00bb qode_css_animation=\u00bb\u00bb][\/qode_elements_holder_item][\/qode_elements_holder][\/vc_column][\/vc_row][vc_row css_animation=\u00bb\u00bb row_type=\u00bbrow\u00bb use_row_as_full_screen_section=\u00bbno\u00bb type=\u00bbgrid\u00bb angled_section=\u00bbno\u00bb text_align=\u00bbleft\u00bb background_image_as_pattern=\u00bbwithout_pattern\u00bb][vc_column][vc_separator type=\u00bbnormal\u00bb color=\u00bb#948175&#8243; thickness=\u00bb2&#8243;][\/vc_column][\/vc_row][vc_row css_animation=\u00bb\u00bb row_type=\u00bbrow\u00bb use_row_as_full_screen_section=\u00bbno\u00bb type=\u00bbgrid\u00bb angled_section=\u00bbno\u00bb text_align=\u00bbcenter\u00bb background_image_as_pattern=\u00bbwithout_pattern\u00bb css=\u00bb.vc_custom_1488469543820{padding-top: 100px !important;}\u00bb][vc_column][vc_column_text]<\/p>\n<h1>\u00bfC\u00f3mo lo hacemos?<\/h1>\n<p>[\/vc_column_text][vc_empty_space height=\u00bb20px\u00bb][vc_column_text]Lo realizamos conjuntamente con los CEOs y sus equipos de Alta Direcci\u00f3n, a fin que sean ellos mismos los iniciadores y responsables de hacer perdurar dicho proceso de transformaci\u00f3n organizacional.[\/vc_column_text][vc_empty_space height=\u00bb20px\u00bb][\/vc_column][\/vc_row][vc_row css_animation=\u00bb\u00bb row_type=\u00bbrow\u00bb use_row_as_full_screen_section=\u00bbno\u00bb type=\u00bbgrid\u00bb angled_section=\u00bbno\u00bb text_align=\u00bbcenter\u00bb background_image_as_pattern=\u00bbwithout_pattern\u00bb][vc_column width=\u00bb1\/3&#8243;]<div class=\"q_image_with_text_over\"><div class=\"shader\" style = \"background-color: rgba(255,255,255,0.01)\"><\/div><img itemprop=\"image\" src=\"https:\/\/consult.taga.net\/wp-content\/uploads\/2017\/03\/leadership_int_banners-bg-transp-H.png\" alt=\"Comprendemos\" \/><div class=\"text\"><table><tr><td><i class=\"icon_holder fa fa-search fa-lg \" style='color: #948175; border-color: rgba(148,129,117,0.6);'><\/i><h2 class=\"caption \" style=\"color: #948175;font-size: 40px;\">Comprendemos<\/h2><\/td><\/tr><\/table><table><tr><td><div class=\"desc\">[vc_separator type=\u00bbsmall\u00bb position=\u00bbcenter\u00bb color=\u00bb#948175&#8243; thickness=\u00bb2&#8243;]<\/p>\n<p><span style=\"color: #948175;\">Comprendemos que tratamos con organizaciones vivas, que nacen, crecen y se transforman a lo largo del tiempo.<\/span><\/div><\/td><\/tr><\/table><\/div><\/div>[\/vc_column][vc_column width=\u00bb1\/3&#8243;]<div class=\"q_image_with_text_over\"><div class=\"shader\" style = \"background-color: rgba(255,255,255,0.01)\"><\/div><img itemprop=\"image\" src=\"https:\/\/consult.taga.net\/wp-content\/uploads\/2017\/03\/leadership_int_banners-bg-transp-H.png\" alt=\"Posibilitamos\" \/><div class=\"text\"><table><tr><td><i class=\"icon_holder fa fa-search fa-lg \" style='color: #948175; border-color: rgba(148,129,117,0.6);'><\/i><h2 class=\"caption \" style=\"color: #948175;font-size: 40px;\">Posibilitamos<\/h2><\/td><\/tr><\/table><table><tr><td><div class=\"desc\">[vc_separator type=\u00bbsmall\u00bb position=\u00bbcenter\u00bb color=\u00bb#948175&#8243; thickness=\u00bb2&#8243;]<\/p>\n<p><span style=\"color: #948175;\">Posibilitamos simult\u00e1neamente el desarrollo organizacional y personal, potenciando el impacto y los resultados.<\/span><\/div><\/td><\/tr><\/table><\/div><\/div>[\/vc_column][vc_column width=\u00bb1\/3&#8243;]<div class=\"q_image_with_text_over\"><div class=\"shader\" style = \"background-color: rgba(255,255,255,0.01)\"><\/div><img itemprop=\"image\" src=\"https:\/\/consult.taga.net\/wp-content\/uploads\/2017\/03\/leadership_int_banners-bg-transp-H.png\" alt=\"Aplicamos\" \/><div class=\"text\"><table><tr><td><i class=\"icon_holder fa fa-search fa-lg \" style='color: #948175; border-color: rgba(148,129,117,0.6);'><\/i><h2 class=\"caption \" style=\"color: #948175;font-size: 40px;\">Aplicamos<\/h2><\/td><\/tr><\/table><table><tr><td><div class=\"desc\">[vc_separator type=\u00bbsmall\u00bb position=\u00bbcenter\u00bb color=\u00bb#948175&#8243; thickness=\u00bb2&#8243;]<\/p>\n<p><span style=\"color: #948175;\">Aplicamos metodolog\u00edas sist\u00e9micas y humanistas que aportan a la organizaci\u00f3n m\u00e1s capacidades y herramientas para evolucionar de forma coherente y perdurable.<\/span><\/div><\/td><\/tr><\/table><\/div><\/div>[\/vc_column][\/vc_row][vc_row css_animation=\u00bb\u00bb row_type=\u00bbrow\u00bb use_row_as_full_screen_section=\u00bbno\u00bb type=\u00bbgrid\u00bb angled_section=\u00bbno\u00bb text_align=\u00bbcenter\u00bb background_image_as_pattern=\u00bbwithout_pattern\u00bb][vc_column width=\u00bb1\/3&#8243;]<div class=\"q_image_with_text_over\"><div class=\"shader\" style = \"background-color: rgba(255,255,255,0.01)\"><\/div><img itemprop=\"image\" src=\"https:\/\/consult.taga.net\/wp-content\/uploads\/2017\/03\/leadership_int_banners-bg-transp-H.png\" alt=\"Conseguimos\" \/><div class=\"text\"><table><tr><td><i class=\"icon_holder fa fa-search fa-lg \" style='color: #948175; border-color: rgba(148,129,117,0.6);'><\/i><h2 class=\"caption \" style=\"color: #948175;font-size: 40px;\">Conseguimos<\/h2><\/td><\/tr><\/table><table><tr><td><div class=\"desc\">[vc_separator type=\u00bbsmall\u00bb position=\u00bbcenter\u00bb color=\u00bb#948175&#8243; thickness=\u00bb2&#8243;]<\/p>\n<p><span style=\"color: #948175;\">Conseguimos que estos procesos comporten un compromiso y un prop\u00f3sito basado en los valores de la empresa.<\/span><\/div><\/td><\/tr><\/table><\/div><\/div>[\/vc_column][vc_column width=\u00bb1\/3&#8243;]<div class=\"q_image_with_text_over\"><div class=\"shader\" style = \"background-color: rgba(255,255,255,0.01)\"><\/div><img itemprop=\"image\" src=\"https:\/\/consult.taga.net\/wp-content\/uploads\/2017\/03\/leadership_int_banners-bg-transp-H.png\" alt=\"Nos comprometemos\" \/><div class=\"text\"><table><tr><td><i class=\"icon_holder fa fa-search fa-lg \" style='color: #948175; border-color: rgba(148,129,117,0.6);'><\/i><h2 class=\"caption \" style=\"color: #948175;font-size: 40px;\">Nos comprometemos<\/h2><\/td><\/tr><\/table><table><tr><td><div class=\"desc\">[vc_separator type=\u00bbsmall\u00bb position=\u00bbcenter\u00bb color=\u00bb#948175&#8243; thickness=\u00bb2&#8243;]<\/p>\n<p><span style=\"color: #948175;\">Nos comprometemos con la calidad y el desarrollo del conocimiento y generamos iniciativas y alianzas con agentes dedicados a estas cuestiones.<\/span><\/div><\/td><\/tr><\/table><\/div><\/div>[\/vc_column][vc_column width=\u00bb1\/3&#8243;]<div class=\"q_image_with_text_over\"><div class=\"shader\" style = \"background-color: rgba(255,255,255,0.01)\"><\/div><img itemprop=\"image\" src=\"https:\/\/consult.taga.net\/wp-content\/uploads\/2017\/03\/leadership_int_banners-bg-transp-H.png\" alt=\"Obtenemos\" \/><div class=\"text\"><table><tr><td><i class=\"icon_holder fa fa-search fa-lg \" style='color: #948175; border-color: rgba(148,129,117,0.6);'><\/i><h2 class=\"caption \" style=\"color: #948175;font-size: 40px;\">Obtenemos<\/h2><\/td><\/tr><\/table><table><tr><td><div class=\"desc\">[vc_separator type=\u00bbsmall\u00bb position=\u00bbcenter\u00bb color=\u00bb#948175&#8243; thickness=\u00bb2&#8243;]<\/p>\n<p><span style=\"color: #948175;\">Obtenemos resultados verdaderamente transformadores en las personas y en las organizaciones que perdurar\u00e1n en el tiempo.<\/span><\/div><\/td><\/tr><\/table><\/div><\/div>[\/vc_column][\/vc_row][vc_row css_animation=\u00bb\u00bb row_type=\u00bbrow\u00bb use_row_as_full_screen_section=\u00bbno\u00bb type=\u00bbgrid\u00bb angled_section=\u00bbno\u00bb text_align=\u00bbleft\u00bb background_image_as_pattern=\u00bbwithout_pattern\u00bb css=\u00bb.vc_custom_1488539440804{padding-top: 50px !important;}\u00bb][vc_column][vc_separator type=\u00bbnormal\u00bb color=\u00bb#948175&#8243; thickness=\u00bb2&#8243;][\/vc_column][\/vc_row][vc_row css_animation=\u00bb\u00bb row_type=\u00bbrow\u00bb use_row_as_full_screen_section=\u00bbno\u00bb type=\u00bbgrid\u00bb angled_section=\u00bbno\u00bb text_align=\u00bbcenter\u00bb background_image_as_pattern=\u00bbwithout_pattern\u00bb css=\u00bb.vc_custom_1487157228208{padding-top: 100px !important;padding-bottom: 100px !important;}\u00bb][vc_column width=\u00bb1\/3&#8243;][vc_single_image image=\u00bb546&#8243; img_size=\u00bbfull\u00bb alignment=\u00bbcenter\u00bb qode_css_animation=\u00bb\u00bb][vc_empty_space height=\u00bb20px\u00bb][vc_column_text]<\/p>\n<h3><span style=\"color: #69509a;\">Rising Leaders<br \/>\n<\/span><\/h3>\n<p>[\/vc_column_text][vc_empty_space height=\u00bb20px\u00bb][vc_column_text]<span style=\"color: #684f9a;\">Los CEOs, junto con sus equipos de Alta Direcci\u00f3n, son los aut\u00e9nticos promotores de la transformaci\u00f3n\u2026<\/span>[\/vc_column_text][vc_empty_space height=\u00bb30px\u00bb]<a  itemprop=\"url\" href=\"https:\/\/consult.taga.net\/leadership\/\" target=\"_self\" data-hover-background-color=#ffffff data-hover-border-color=#958275 data-hover-color=#958275 class=\"qbutton  center default\" style=\"color: #684f9a; border-color: #684f9a; background-color: #ffffff;\">+ informaci\u00f3n<\/a>[vc_empty_space height=\u00bb30px\u00bb][\/vc_column][vc_column width=\u00bb1\/3&#8243;][vc_single_image image=\u00bb593&#8243; img_size=\u00bbfull\u00bb alignment=\u00bbcenter\u00bb qode_css_animation=\u00bb\u00bb][vc_empty_space height=\u00bb20px\u00bb][vc_column_text]<\/p>\n<h3><span style=\"color: #69509a;\"><strong><span style=\"color: #ff5f40;\">Evolving Strategies<\/span><br \/>\n<\/strong><\/span><\/h3>\n<p>[\/vc_column_text][vc_empty_space height=\u00bb20px\u00bb][vc_column_text]<span style=\"color: #ff5f40;\">La elecci\u00f3n y el desarrollo de una estrategia excelente ha de capturar las oportunidades de futuro\u2026<\/span><\/p>\n<p>[\/vc_column_text][vc_empty_space height=\u00bb30px\u00bb]<a  itemprop=\"url\" href=\"https:\/\/consult.taga.net\/strategy\/\" target=\"_self\" data-hover-background-color=#ffffff data-hover-border-color=#958275 data-hover-color=#958275 class=\"qbutton  center default\" style=\"color: #ff5f40; border-color: #ff5f40; background-color: #ffffff;\">+ informaci\u00f3n<\/a>[vc_empty_space height=\u00bb30px\u00bb][\/vc_column][vc_column width=\u00bb1\/3&#8243;][vc_single_image image=\u00bb619&#8243; img_size=\u00bbfull\u00bb alignment=\u00bbcenter\u00bb qode_css_animation=\u00bb\u00bb][vc_empty_space height=\u00bb20px\u00bb][vc_column_text]<\/p>\n<h3><span style=\"color: #69509a;\"><strong><span style=\"color: #64cfa9;\">Upgrading Organizations<\/span><br \/>\n<\/strong><\/span><\/h3>\n<p>[\/vc_column_text][vc_empty_space height=\u00bb20px\u00bb][vc_column_text]<span style=\"color: #64cfa9;\">La cultura organizacional define la forma de ser de la empresa, su personalidad, su estilo de liderazgo y su estrategia\u2026<\/span>[\/vc_column_text][vc_empty_space height=\u00bb30px\u00bb]<a  itemprop=\"url\" href=\"https:\/\/consult.taga.net\/culture\/\" target=\"_self\" data-hover-background-color=#ffffff data-hover-border-color=#958275 data-hover-color=#958275 class=\"qbutton  center default\" style=\"color: #64cfa9; border-color: #64cfa9; background-color: #ffffff;\">+ informaci\u00f3n<\/a>[vc_empty_space height=\u00bb30px\u00bb][\/vc_column][\/vc_row]<\/p>","protected":false},"excerpt":{"rendered":"<p>[vc_row css_animation=\u00bb\u00bb row_type=\u00bbrow\u00bb use_row_as_full_screen_section=\u00bbno\u00bb type=\u00bbgrid\u00bb angled_section=\u00bbno\u00bb text_align=\u00bbleft\u00bb background_image_as_pattern=\u00bbwithout_pattern\u00bb css=\u00bb.vc_custom_1466604420616{padding-top: 96px !important;padding-bottom: 83px !important;}\u00bb][vc_column][qode_elements_holder number_of_columns=\u00bbtwo_columns\u00bb alignment_one_column=\u00bbleft\u00bb][qode_elements_holder_item vertical_alignment=\u00bbmiddle\u00bb advanced_animations=\u00bbno\u00bb item_padding_600_768=\u00bb0 0 7% 0&#8243; item_padding_480_600=\u00bb0 0 9% 0&#8243; item_padding_480=\u00bb0 0 10% 0&#8243;][vc_column_text] Leadership, Strategy, Culture. [\/vc_column_text][vc_empty_space height=\u00bb12px\u00bb][vc_column_text]Promovemos, facilitamos y acompa\u00f1amos las empresas en sus procesos de transformaci\u00f3n en tres grandes \u00e1reas: el Liderazgo, la Estrategia y la Cultura&#8230;<\/p>\n","protected":false},"author":1,"featured_media":0,"parent":0,"menu_order":0,"comment_status":"closed","ping_status":"closed","template":"full_width.php","meta":{"_mi_skip_tracking":false,"_monsterinsights_sitenote_active":false,"_monsterinsights_sitenote_note":"","_monsterinsights_sitenote_category":0},"yoast_head":"<!-- This site is optimized with the Yoast SEO plugin v20.12 - https:\/\/yoast.com\/wordpress\/plugins\/seo\/ -->\n<title>Qu\u00e9 hacemos - Taga<\/title>\n<meta name=\"robots\" content=\"index, follow, max-snippet:-1, max-image-preview:large, max-video-preview:-1\" \/>\n<link rel=\"canonical\" href=\"https:\/\/consult.taga.net\/ca\/que-hacemos\/\" \/>\n<meta property=\"og:locale\" content=\"es_ES\" \/>\n<meta property=\"og:type\" content=\"article\" \/>\n<meta property=\"og:title\" content=\"[:ca]Qu\u00e8 fem[:es]Qu\u00e9 hacemos[:en]What we do[:] - Taga\" \/>\n<meta property=\"og:description\" content=\"[vc_row css_animation=\u00bb\u00bb row_type=\u00bbrow\u00bb use_row_as_full_screen_section=\u00bbno\u00bb type=\u00bbgrid\u00bb angled_section=\u00bbno\u00bb text_align=\u00bbleft\u00bb background_image_as_pattern=\u00bbwithout_pattern\u00bb css=\u00bb.vc_custom_1466604420616{padding-top: 96px !important;padding-bottom: 83px !important;}\u00bb][vc_column][qode_elements_holder number_of_columns=\u00bbtwo_columns\u00bb alignment_one_column=\u00bbleft\u00bb][qode_elements_holder_item vertical_alignment=\u00bbmiddle\u00bb advanced_animations=\u00bbno\u00bb item_padding_600_768=\u00bb0 0 7% 0&#8243; item_padding_480_600=\u00bb0 0 9% 0&#8243; item_padding_480=\u00bb0 0 10% 0&#8243;][vc_column_text] Leadership, Strategy, Culture. [\/vc_column_text][vc_empty_space height=\u00bb12px\u00bb][vc_column_text]Promovemos, facilitamos y acompa\u00f1amos las empresas en sus procesos de transformaci\u00f3n en tres grandes \u00e1reas: el Liderazgo, la Estrategia y la Cultura...\" \/>\n<meta property=\"og:url\" content=\"https:\/\/consult.taga.net\/ca\/que-hacemos\/\" \/>\n<meta property=\"og:site_name\" content=\"Taga\" \/>\n<meta property=\"article:modified_time\" content=\"2017-12-13T11:21:03+00:00\" \/>\n<meta name=\"twitter:card\" content=\"summary_large_image\" \/>\n<meta name=\"twitter:label1\" content=\"Tiempo de lectura\" \/>\n\t<meta name=\"twitter:data1\" content=\"17 minutos\" \/>\n<script type=\"application\/ld+json\" class=\"yoast-schema-graph\">{\"@context\":\"https:\/\/schema.org\",\"@graph\":[{\"@type\":\"WebPage\",\"@id\":\"https:\/\/consult.taga.net\/ca\/que-hacemos\/\",\"url\":\"https:\/\/consult.taga.net\/ca\/que-hacemos\/\",\"name\":\"[:ca]Qu\u00e8 fem[:es]Qu\u00e9 hacemos[:en]What we do[:] - Taga\",\"isPartOf\":{\"@id\":\"https:\/\/consult.taga.net\/ca\/#website\"},\"datePublished\":\"2017-02-14T16:46:18+00:00\",\"dateModified\":\"2017-12-13T11:21:03+00:00\",\"breadcrumb\":{\"@id\":\"https:\/\/consult.taga.net\/ca\/que-hacemos\/#breadcrumb\"},\"inLanguage\":\"es\",\"potentialAction\":[{\"@type\":\"ReadAction\",\"target\":[\"https:\/\/consult.taga.net\/ca\/que-hacemos\/\"]}]},{\"@type\":\"BreadcrumbList\",\"@id\":\"https:\/\/consult.taga.net\/ca\/que-hacemos\/#breadcrumb\",\"itemListElement\":[{\"@type\":\"ListItem\",\"position\":1,\"name\":\"Inici\",\"item\":\"https:\/\/consult.taga.net\/ca\/\"},{\"@type\":\"ListItem\",\"position\":2,\"name\":\"Qu\u00e8 fem\"}]},{\"@type\":\"WebSite\",\"@id\":\"https:\/\/consult.taga.net\/ca\/#website\",\"url\":\"https:\/\/consult.taga.net\/ca\/\",\"name\":\"Taga\",\"description\":\"Leadership, Strategy, Culture\",\"publisher\":{\"@id\":\"https:\/\/consult.taga.net\/ca\/#organization\"},\"potentialAction\":[{\"@type\":\"SearchAction\",\"target\":{\"@type\":\"EntryPoint\",\"urlTemplate\":\"https:\/\/consult.taga.net\/ca\/?s={search_term_string}\"},\"query-input\":\"required name=search_term_string\"}],\"inLanguage\":\"es\"},{\"@type\":\"Organization\",\"@id\":\"https:\/\/consult.taga.net\/ca\/#organization\",\"name\":\"Taga - Change Management\",\"url\":\"https:\/\/consult.taga.net\/ca\/\",\"logo\":{\"@type\":\"ImageObject\",\"inLanguage\":\"es\",\"@id\":\"https:\/\/consult.taga.net\/ca\/#\/schema\/logo\/image\/\",\"url\":\"https:\/\/consult.taga.net\/wp-content\/uploads\/2019\/11\/Logo_change-management.png\",\"contentUrl\":\"https:\/\/consult.taga.net\/wp-content\/uploads\/2019\/11\/Logo_change-management.png\",\"width\":122,\"height\":68,\"caption\":\"Taga - Change Management\"},\"image\":{\"@id\":\"https:\/\/consult.taga.net\/ca\/#\/schema\/logo\/image\/\"}}]}<\/script>\n<!-- \/ Yoast SEO plugin. -->","yoast_head_json":{"title":"[:ca]Qu\u00e8 fem[:es]Qu\u00e9 hacemos[:en]What we do[:] - Taga","robots":{"index":"index","follow":"follow","max-snippet":"max-snippet:-1","max-image-preview":"max-image-preview:large","max-video-preview":"max-video-preview:-1"},"canonical":"https:\/\/consult.taga.net\/ca\/que-hacemos\/","og_locale":"es_ES","og_type":"article","og_title":"[:ca]Qu\u00e8 fem[:es]Qu\u00e9 hacemos[:en]What we do[:] - Taga","og_description":"[vc_row css_animation=\u00bb\u00bb row_type=\u00bbrow\u00bb use_row_as_full_screen_section=\u00bbno\u00bb type=\u00bbgrid\u00bb angled_section=\u00bbno\u00bb text_align=\u00bbleft\u00bb background_image_as_pattern=\u00bbwithout_pattern\u00bb css=\u00bb.vc_custom_1466604420616{padding-top: 96px !important;padding-bottom: 83px !important;}\u00bb][vc_column][qode_elements_holder number_of_columns=\u00bbtwo_columns\u00bb alignment_one_column=\u00bbleft\u00bb][qode_elements_holder_item vertical_alignment=\u00bbmiddle\u00bb advanced_animations=\u00bbno\u00bb item_padding_600_768=\u00bb0 0 7% 0&#8243; item_padding_480_600=\u00bb0 0 9% 0&#8243; item_padding_480=\u00bb0 0 10% 0&#8243;][vc_column_text] Leadership, Strategy, Culture. [\/vc_column_text][vc_empty_space height=\u00bb12px\u00bb][vc_column_text]Promovemos, facilitamos y acompa\u00f1amos las empresas en sus procesos de transformaci\u00f3n en tres grandes \u00e1reas: el Liderazgo, la Estrategia y la Cultura...","og_url":"https:\/\/consult.taga.net\/ca\/que-hacemos\/","og_site_name":"Taga","article_modified_time":"2017-12-13T11:21:03+00:00","twitter_card":"summary_large_image","twitter_misc":{"Tiempo de lectura":"17 minutos"},"schema":{"@context":"https:\/\/schema.org","@graph":[{"@type":"WebPage","@id":"https:\/\/consult.taga.net\/ca\/que-hacemos\/","url":"https:\/\/consult.taga.net\/ca\/que-hacemos\/","name":"[:ca]Qu\u00e8 fem[:es]Qu\u00e9 hacemos[:en]What we do[:] - Taga","isPartOf":{"@id":"https:\/\/consult.taga.net\/ca\/#website"},"datePublished":"2017-02-14T16:46:18+00:00","dateModified":"2017-12-13T11:21:03+00:00","breadcrumb":{"@id":"https:\/\/consult.taga.net\/ca\/que-hacemos\/#breadcrumb"},"inLanguage":"es","potentialAction":[{"@type":"ReadAction","target":["https:\/\/consult.taga.net\/ca\/que-hacemos\/"]}]},{"@type":"BreadcrumbList","@id":"https:\/\/consult.taga.net\/ca\/que-hacemos\/#breadcrumb","itemListElement":[{"@type":"ListItem","position":1,"name":"Inici","item":"https:\/\/consult.taga.net\/ca\/"},{"@type":"ListItem","position":2,"name":"Qu\u00e8 fem"}]},{"@type":"WebSite","@id":"https:\/\/consult.taga.net\/ca\/#website","url":"https:\/\/consult.taga.net\/ca\/","name":"Taga","description":"Leadership, Strategy, Culture","publisher":{"@id":"https:\/\/consult.taga.net\/ca\/#organization"},"potentialAction":[{"@type":"SearchAction","target":{"@type":"EntryPoint","urlTemplate":"https:\/\/consult.taga.net\/ca\/?s={search_term_string}"},"query-input":"required name=search_term_string"}],"inLanguage":"es"},{"@type":"Organization","@id":"https:\/\/consult.taga.net\/ca\/#organization","name":"Taga - Change Management","url":"https:\/\/consult.taga.net\/ca\/","logo":{"@type":"ImageObject","inLanguage":"es","@id":"https:\/\/consult.taga.net\/ca\/#\/schema\/logo\/image\/","url":"https:\/\/consult.taga.net\/wp-content\/uploads\/2019\/11\/Logo_change-management.png","contentUrl":"https:\/\/consult.taga.net\/wp-content\/uploads\/2019\/11\/Logo_change-management.png","width":122,"height":68,"caption":"Taga - Change Management"},"image":{"@id":"https:\/\/consult.taga.net\/ca\/#\/schema\/logo\/image\/"}}]}},"_links":{"self":[{"href":"https:\/\/consult.taga.net\/es\/wp-json\/wp\/v2\/pages\/632"}],"collection":[{"href":"https:\/\/consult.taga.net\/es\/wp-json\/wp\/v2\/pages"}],"about":[{"href":"https:\/\/consult.taga.net\/es\/wp-json\/wp\/v2\/types\/page"}],"author":[{"embeddable":true,"href":"https:\/\/consult.taga.net\/es\/wp-json\/wp\/v2\/users\/1"}],"replies":[{"embeddable":true,"href":"https:\/\/consult.taga.net\/es\/wp-json\/wp\/v2\/comments?post=632"}],"version-history":[{"count":104,"href":"https:\/\/consult.taga.net\/es\/wp-json\/wp\/v2\/pages\/632\/revisions"}],"predecessor-version":[{"id":2287,"href":"https:\/\/consult.taga.net\/es\/wp-json\/wp\/v2\/pages\/632\/revisions\/2287"}],"wp:attachment":[{"href":"https:\/\/consult.taga.net\/es\/wp-json\/wp\/v2\/media?parent=632"}],"curies":[{"name":"wp","href":"https:\/\/api.w.org\/{rel}","templated":true}]}}