{"id":831,"date":"2017-02-17T17:15:59","date_gmt":"2017-02-17T16:15:59","guid":{"rendered":"http:\/\/consult.taga.net\/?page_id=831"},"modified":"2019-11-18T12:13:02","modified_gmt":"2019-11-18T11:13:02","slug":"xavier-tarre","status":"publish","type":"page","link":"https:\/\/consult.taga.net\/es\/xavier-tarre\/","title":{"rendered":"Xavier Tarr\u00e9"},"content":{"rendered":"<p>[vc_row css_animation=\u00bb\u00bb row_type=\u00bbrow\u00bb use_row_as_full_screen_section=\u00bbno\u00bb type=\u00bbgrid\u00bb angled_section=\u00bbno\u00bb text_align=\u00bbcenter\u00bb background_image_as_pattern=\u00bbwithout_pattern\u00bb css=\u00bb.vc_custom_1487351343116{padding-top: 100px !important;}\u00bb][vc_column][qode_elements_holder number_of_columns=\u00bbtwo_columns\u00bb alignment_one_column=\u00bbleft\u00bb][qode_elements_holder_item vertical_alignment=\u00bbmiddle\u00bb advanced_animations=\u00bbno\u00bb][vc_single_image image=\u00bb1127&#8243; img_size=\u00bbfull\u00bb alignment=\u00bbcenter\u00bb qode_css_animation=\u00bb\u00bb][vc_empty_space height=\u00bb20px\u00bb]<span class='q_social_icon_holder normal_social' data-color=#69509a data-hover-color=#948175><a itemprop='url' href='https:\/\/www.linkedin.com\/in\/xaviertarre\/' target='_blank'><i class=\"qode_icon_font_awesome fa fa-linkedin fa-lg simple_social\" style=\"color: #69509a;\" ><\/i><\/a><\/span>[vc_column_text]<span style=\"color: #69509a;\">xavier.tarre@taga.net<\/span>[\/vc_column_text][\/qode_elements_holder_item][qode_elements_holder_item vertical_alignment=\u00bbmiddle\u00bb advanced_animations=\u00bbno\u00bb item_padding_600_768=\u00bb0 0 7% 0&#8243; item_padding_480_600=\u00bb0 0 9% 0&#8243; item_padding_480=\u00bb0 0 10% 0&#8243;][vc_column_text]<\/p>\n<h1 style=\"text-align: left;\"><span style=\"color: #69509a;\">Founder &amp;<\/span><\/h1>\n<h1 style=\"text-align: left;\"><span style=\"color: #69509a;\">Co-Director<br \/>\n<\/span><\/h1>\n<p>[\/vc_column_text][vc_empty_space height=\u00bb12px\u00bb][vc_column_text]<\/p>\n<p style=\"text-align: left;\">Xavier Tarr\u00e9 es Socio Fundador y Co-Director de la empresa TAGA, dedicada al desarrollo del Liderazgo, de la Estrategia y del Cambio Cultural, con base en Barcelona y Medell\u00edn. Tambi\u00e9n es Co-Fundador y Socio de Pinea3 Living Organizations, centro para el desarrollo y promoci\u00f3n de\u00a0 las organizaciones desde una perspectiva sist\u00e9mica y una actitud humanista.<\/p>\n<p style=\"text-align: left;\"><span style=\"color: #ffffff;\">&#8211;<\/span><\/p>\n<p style=\"text-align: left;\">Durante m\u00e1s de 25 a\u00f1os Xavier ha trabajado con gran entusiasmo y ha vivido intensamente en Asia, Europa y Am\u00e9rica, dedic\u00e1ndose con pasi\u00f3n a mejorar los resultados de negocio de las empresas y ayudando a transformar positivamente\u00a0 un amplio y relevante abanico de corporaciones, PIMEs, negocios familiares y empresas del sector p\u00fablico.<\/p>\n<p style=\"text-align: left;\"><span style=\"color: #ffffff;\">&#8211;<\/span><\/p>\n<p style=\"text-align: left;\">Xavier estudi\u00f3 Ingenier\u00eda de Organizaci\u00f3n Industrial\u00a0 (UPC), Marketing estrat\u00e9gico (ESADE) , Sostenibilidad (WWF) i ha seguido form\u00e1ndose consistentemente, de la mano de expertos mundiales, en una gran variedad de capacidades para la transformaci\u00f3n de negocios, Coaching ejecutivo y personal.<\/p>\n<p style=\"text-align: left;\"><span style=\"color: #ffffff;\">&#8211;<\/span><\/p>\n<p style=\"text-align: left;\">Es autor de diversos libros: TEAM BEAT (2010), ENERG\u00cdA ORGANIZACIONAL (2012) y EL CORAZ\u00d3N DE LA MATRIOSKA (2014). Regularmente realiza conferencias y colabora con diversas universidades y escuelas de negocios tanto en Europa como en Am\u00e9rica Latina.<\/p>\n<p style=\"text-align: left;\"><span style=\"color: #ffffff;\">Actualmente Xavier vive cerca de Barcelona, le encanta la naturaleza, los deportes, est\u00e1 felizmente casado y tienen un hijo y una hija mayores de edad.<br \/>\n<\/span><\/p>\n<p>[\/vc_column_text][vc_empty_space height=\u00bb15px\u00bb][\/qode_elements_holder_item][\/qode_elements_holder][\/vc_column][\/vc_row][vc_row css_animation=\u00bb\u00bb row_type=\u00bbrow\u00bb use_row_as_full_screen_section=\u00bbno\u00bb type=\u00bbgrid\u00bb angled_section=\u00bbno\u00bb text_align=\u00bbleft\u00bb background_image_as_pattern=\u00bbwithout_pattern\u00bb css=\u00bb.vc_custom_1487351597957{padding-top: 50px !important;padding-bottom: 50px !important;}\u00bb][vc_column][vc_separator type=\u00bbnormal\u00bb color=\u00bb#69509a\u00bb thickness=\u00bb2&#8243;][\/vc_column][\/vc_row][vc_row css_animation=\u00bb\u00bb row_type=\u00bbrow\u00bb use_row_as_full_screen_section=\u00bbno\u00bb type=\u00bbgrid\u00bb angled_section=\u00bbno\u00bb text_align=\u00bbcenter\u00bb background_image_as_pattern=\u00bbwithout_pattern\u00bb css=\u00bb.vc_custom_1488448088922{padding-bottom: 50px !important;}\u00bb][vc_column width=\u00bb1\/4&#8243;]<div class='image_hover ' style='' data-transition-delay=''><div class='images_holder'><a itemprop='url' href='https:\/\/consult.taga.net\/joan-cos\/' target='_self'><img itemprop='image' class='active_image ' src='https:\/\/consult.taga.net\/wp-content\/uploads\/2017\/02\/foto-bio-joan_2.1.jpg' alt='' style='' \/><img itemprop='image' class='hover_image' src='https:\/\/consult.taga.net\/wp-content\/uploads\/2017\/02\/foto-bio-joan_2.jpg' alt='' style='' \/><\/a><\/div><\/div>[vc_column_text]<\/p>\n<h3><span style=\"color: #ff5f40;\"><a style=\"color: #ff5f40;\" href=\"https:\/\/consult.taga.net\/joan-cos\/\">Joan Cos<\/a><\/span><\/h3>\n<p>[\/vc_column_text][vc_column_text]Partner &amp; Co-director[\/vc_column_text][vc_column_text]<span style=\"color: #ff5f40;\">joan.cos@taga.net<\/span>[\/vc_column_text]<span class='q_social_icon_holder normal_social' data-color=#ff5f40 data-hover-color=#948175><a itemprop='url' href='https:\/\/www.linkedin.com\/in\/joan-cos-codina-27a4a6\/' target='_blank'><i class=\"qode_icon_font_awesome fa fa-linkedin fa-lg simple_social\" style=\"color: #ff5f40;\" ><\/i><\/a><\/span>[\/vc_column][vc_column width=\u00bb1\/4&#8243;]<div class='image_hover ' style='' data-transition-delay=''><div class='images_holder'><a itemprop='url' href='https:\/\/consult.taga.net\/trini-rodriguez\/' target='_self'><img itemprop='image' class='active_image ' src='https:\/\/consult.taga.net\/wp-content\/uploads\/2017\/02\/fotos-bio-trini-5.jpg' alt='' style='' \/><img itemprop='image' class='hover_image' src='https:\/\/consult.taga.net\/wp-content\/uploads\/2017\/02\/fotos-bio-trini-4.jpg' alt='' style='' \/><\/a><\/div><\/div>[vc_column_text]<\/p>\n<h3><span style=\"color: #64cfa9;\"><a style=\"color: #64cfa9;\" href=\"https:\/\/consult.taga.net\/trini-rodriguez\/\">Trini Rodr\u00edguez<\/a><\/span><\/h3>\n<p>[\/vc_column_text][vc_column_text]Managing Director[\/vc_column_text][vc_column_text]<span style=\"color: #64cfa9;\">trini.rodriguez@taga.net<\/span>[\/vc_column_text]<span class='q_social_icon_holder normal_social' data-color=#64cfa9 data-hover-color=#948175><a itemprop='url' href='https:\/\/www.linkedin.com\/in\/trini-rodr%C3%ADguez-57613717\/' target='_blank'><i class=\"qode_icon_font_awesome fa fa-linkedin fa-lg simple_social\" style=\"color: #64cfa9;\" ><\/i><\/a><\/span>[\/vc_column][vc_column width=\u00bb1\/4&#8243;]<div class='image_hover ' style='' data-transition-delay=''><div class='images_holder'><a itemprop='url' href='https:\/\/consult.taga.net\/olga-cecilia-olaya\/' target='_self'><img itemprop='image' class='active_image ' src='https:\/\/consult.taga.net\/wp-content\/uploads\/2017\/02\/BIO-olga2.jpg' alt='' style='' \/><img itemprop='image' class='hover_image' src='https:\/\/consult.taga.net\/wp-content\/uploads\/2017\/02\/BIO-olga.jpg' alt='' style='' \/><\/a><\/div><\/div>[vc_column_text]<\/p>\n<h3><span style=\"color: #64cfa9;\"><a style=\"color: #64cfa9;\" href=\"https:\/\/consult.taga.net\/olga-cecilia-olaya\/\">Olga Cecilia Olaya R\u00edos<\/a><\/span><\/h3>\n<p>[\/vc_column_text][vc_column_text]<\/p>\n<div class=\"wpb_text_column wpb_content_element \">\n<div class=\"wpb_wrapper\">\n<p>Partner Colombia | Co-Directora<\/p>\n<\/div>\n<\/div>\n<p>[\/vc_column_text][vc_column_text]<span style=\"color: #64cfa9;\">olgacecilia.olaya@taga.net<\/span>[\/vc_column_text]<span class='q_social_icon_holder normal_social' data-color=#64cfa9 data-hover-color=#948175><a itemprop='url' href='https:\/\/www.linkedin.com\/in\/olgaceciliaolayarios\/' target='_blank'><i class=\"qode_icon_font_awesome fa fa-linkedin fa-lg simple_social\" style=\"color: #64cfa9;\" ><\/i><\/a><\/span>[\/vc_column][vc_column width=\u00bb1\/4&#8243;]<div class='image_hover ' style='' data-transition-delay=''><div class='images_holder'><a itemprop='url' href='https:\/\/consult.taga.net\/jordi-del-bas\/' target='_self'><img itemprop='image' class='active_image ' src='https:\/\/consult.taga.net\/wp-content\/uploads\/2017\/02\/BIO-jordi2.jpg' alt='' style='' \/><img itemprop='image' class='hover_image' src='https:\/\/consult.taga.net\/wp-content\/uploads\/2017\/02\/BIO-jordi.jpg' alt='' style='' \/><\/a><\/div><\/div>[vc_column_text]<\/p>\n<h3><span style=\"color: #ff5f40;\"><a style=\"color: #ff5f40;\" href=\"https:\/\/consult.taga.net\/jordi-del-bas\/\">Jordi del Bas<\/a><\/span><\/h3>\n<p>[\/vc_column_text][vc_column_text]<\/p>\n<div class=\"wpb_text_column wpb_content_element \">\n<div class=\"wpb_wrapper\">\n<p>Partner | Development &amp; Evaluation<\/p>\n<\/div>\n<\/div>\n<p>[\/vc_column_text][vc_column_text]<span style=\"color: #ff5f40;\">jordi.delbas@taga.net<\/span>[\/vc_column_text]<span class='q_social_icon_holder normal_social' data-color=#ff5f40 data-hover-color=#948175><a itemprop='url' href='https:\/\/www.linkedin.com\/in\/jordi-del-bas-80869a2\/' target='_blank'><i class=\"qode_icon_font_awesome fa fa-linkedin fa-lg simple_social\" style=\"color: #ff5f40;\" ><\/i><\/a><\/span>[\/vc_column][\/vc_row][vc_row css_animation=\u00bb\u00bb row_type=\u00bbrow\u00bb use_row_as_full_screen_section=\u00bbno\u00bb type=\u00bbgrid\u00bb angled_section=\u00bbno\u00bb text_align=\u00bbcenter\u00bb background_image_as_pattern=\u00bbwithout_pattern\u00bb padding_bottom=\u00bb100&#8243;][vc_column width=\u00bb1\/4&#8243;]<div class='image_hover ' style='' data-transition-delay=''><div class='images_holder'><a itemprop='url' href='https:\/\/consult.taga.net\/elisabet-freixa\/' target='_self'><img itemprop='image' class='active_image ' src='https:\/\/consult.taga.net\/wp-content\/uploads\/2017\/02\/BIO-elisabet3.jpg' alt='' style='' \/><img itemprop='image' class='hover_image' src='https:\/\/consult.taga.net\/wp-content\/uploads\/2017\/02\/BIO-elisabet2.jpg' alt='' style='' \/><\/a><\/div><\/div>[vc_column_text]<\/p>\n<h3><span style=\"color: #64cfa9;\"><a style=\"color: #64cfa9;\" href=\"https:\/\/consult.taga.net\/elisabet-freixa\/\">Elisabet Freixa<\/a><\/span><\/h3>\n<p>[\/vc_column_text][vc_column_text]Development Partner[\/vc_column_text][vc_column_text]<span style=\"color: #64cfa9;\">elisabet.freixa@taga.net<\/span>[\/vc_column_text]<span class='q_social_icon_holder normal_social' data-color=#64cfa9 data-hover-color=#948175><a itemprop='url' href='https:\/\/www.linkedin.com\/in\/elisabet-freixa-a7530221\/' target='_blank'><i class=\"qode_icon_font_awesome fa fa-linkedin fa-lg simple_social\" style=\"color: #64cfa9;\" ><\/i><\/a><\/span>[\/vc_column][vc_column width=\u00bb1\/4&#8243;]<div class='image_hover ' style='' data-transition-delay=''><div class='images_holder'><a itemprop='url' href='https:\/\/consult.taga.net\/nuria-torras\/' target='_self'><img itemprop='image' class='active_image ' src='https:\/\/consult.taga.net\/wp-content\/uploads\/2017\/02\/foto-bio-Nu\u0301ria_2.jpg' alt='' style='' \/><img itemprop='image' class='hover_image' src='https:\/\/consult.taga.net\/wp-content\/uploads\/2017\/02\/foto-bio-Nu\u0301ria.jpg' alt='' style='' \/><\/a><\/div><\/div>[vc_column_text]<\/p>\n<h3><span style=\"color: #64cfa9;\"><a style=\"color: #64cfa9;\" href=\"https:\/\/consult.taga.net\/nuria-torras\/\">N\u00faria Torras<\/a><\/span><\/h3>\n<p>[\/vc_column_text][vc_column_text]<\/p>\n<div class=\"wpb_text_column wpb_content_element \">\n<div class=\"wpb_wrapper\">\n<div class=\"wpb_text_column wpb_content_element \">\n<div class=\"wpb_wrapper\">\n<p>Administration &amp; Office Manager<\/p>\n<\/div>\n<\/div>\n<\/div>\n<\/div>\n<p>[\/vc_column_text][vc_column_text]<span style=\"color: #64cfa9;\">admin@taga.net<\/span>[\/vc_column_text]<span class='q_social_icon_holder normal_social' data-color=#64cfa9 data-hover-color=#948175><a itemprop='url' href='https:\/\/www.linkedin.com\/in\/nuriatorraspernas\/' target='_blank'><i class=\"qode_icon_font_awesome fa fa-linkedin fa-lg simple_social\" style=\"color: #64cfa9;\" ><\/i><\/a><\/span>[\/vc_column][vc_column width=\u00bb1\/4&#8243;]<div class='image_hover ' style='' data-transition-delay=''><div class='images_holder'><a itemprop='url' href='https:\/\/consult.taga.net\/alicia-marin\/' target='_self'><img itemprop='image' class='active_image ' src='https:\/\/consult.taga.net\/wp-content\/uploads\/2017\/02\/foto-bio-Alicia_2.jpg' alt='' style='' \/><img itemprop='image' class='hover_image' src='https:\/\/consult.taga.net\/wp-content\/uploads\/2017\/02\/foto-bio-Alicia.jpg' alt='' style='' \/><\/a><\/div><\/div>[vc_column_text]<\/p>\n<h3><span style=\"color: #64cfa9;\"><a style=\"color: #64cfa9;\" href=\"https:\/\/consult.taga.net\/alicia-marin\/\">Alicia Mar\u00edn Muniesa<\/a><\/span><\/h3>\n<p>[\/vc_column_text][vc_column_text]<\/p>\n<div class=\"wpb_text_column wpb_content_element \">\n<div class=\"wpb_wrapper\">\n<p>Project Director &amp; Coach<\/p>\n<\/div>\n<\/div>\n<p>[\/vc_column_text][vc_column_text]<span style=\"color: #64cfa9;\">alicia.marin@taga.net<\/span>[\/vc_column_text]<span class='q_social_icon_holder normal_social' data-color=#64cfa9 data-hover-color=#948175><a itemprop='url' href='https:\/\/www.linkedin.com\/in\/aliciamarinmuniesa\/' target='_blank'><i class=\"qode_icon_font_awesome fa fa-linkedin fa-lg simple_social\" style=\"color: #64cfa9;\" ><\/i><\/a><\/span>[\/vc_column][vc_column width=\u00bb1\/4&#8243;]<div class='image_hover ' style='' data-transition-delay=''><div class='images_holder'><a itemprop='url' href='https:\/\/consult.taga.net\/juan-carlos-lopez\/' target='_self'><img itemprop='image' class='active_image ' src='https:\/\/consult.taga.net\/wp-content\/uploads\/2017\/02\/BIO-juancar3.jpg' alt='' style='' \/><img itemprop='image' class='hover_image' src='https:\/\/consult.taga.net\/wp-content\/uploads\/2017\/02\/BIO-juan.jpg' alt='' style='' \/><\/a><\/div><\/div>[vc_column_text]<\/p>\n<h3><span style=\"color: #ff5f40;\"><a style=\"color: #ff5f40;\" href=\"https:\/\/consult.taga.net\/juan-carlos-lopez\/\">Juan Carlos L\u00f3pez<\/a><\/span><\/h3>\n<p>[\/vc_column_text][vc_column_text]<\/p>\n<div class=\"wpb_text_column wpb_content_element \">\n<div class=\"wpb_wrapper\">\n<div class=\"wpb_text_column wpb_content_element \">\n<div class=\"wpb_wrapper\">\n<p>Partner Colombia | Director de Proyectos<\/p>\n<\/div>\n<\/div>\n<\/div>\n<\/div>\n<p>[\/vc_column_text][vc_column_text]<span style=\"color: #ff5f40;\">juancarlos.lopez@taga.net<\/span>[\/vc_column_text][\/vc_column][\/vc_row]<\/p>","protected":false},"excerpt":{"rendered":"<p>[vc_row css_animation=\u00bb\u00bb row_type=\u00bbrow\u00bb use_row_as_full_screen_section=\u00bbno\u00bb type=\u00bbgrid\u00bb angled_section=\u00bbno\u00bb text_align=\u00bbcenter\u00bb background_image_as_pattern=\u00bbwithout_pattern\u00bb css=\u00bb.vc_custom_1487351343116{padding-top: 100px !important;}\u00bb][vc_column][qode_elements_holder number_of_columns=\u00bbtwo_columns\u00bb alignment_one_column=\u00bbleft\u00bb][qode_elements_holder_item vertical_alignment=\u00bbmiddle\u00bb advanced_animations=\u00bbno\u00bb][vc_single_image image=\u00bb1127&#8243; img_size=\u00bbfull\u00bb alignment=\u00bbcenter\u00bb qode_css_animation=\u00bb\u00bb][vc_empty_space height=\u00bb20px\u00bb][vc_column_text]xavier.tarre@taga.net[\/vc_column_text][\/qode_elements_holder_item][qode_elements_holder_item vertical_alignment=\u00bbmiddle\u00bb advanced_animations=\u00bbno\u00bb item_padding_600_768=\u00bb0 0 7% 0&#8243; item_padding_480_600=\u00bb0 0 9% 0&#8243; item_padding_480=\u00bb0 0 10% 0&#8243;][vc_column_text] Founder &amp; Co-Director [\/vc_column_text][vc_empty_space height=\u00bb12px\u00bb][vc_column_text] Xavier Tarr\u00e9 es Socio Fundador y Co-Director de la empresa TAGA, dedicada al desarrollo del Liderazgo,&#8230;<\/p>\n","protected":false},"author":1,"featured_media":0,"parent":0,"menu_order":0,"comment_status":"closed","ping_status":"closed","template":"full_width.php","meta":{"_mi_skip_tracking":false,"_monsterinsights_sitenote_active":false,"_monsterinsights_sitenote_note":"","_monsterinsights_sitenote_category":0},"yoast_head":"<!-- This site is optimized with the Yoast SEO plugin v20.12 - https:\/\/yoast.com\/wordpress\/plugins\/seo\/ -->\n<title>Xavier Tarr\u00e9 - Taga<\/title>\n<meta name=\"robots\" content=\"index, follow, max-snippet:-1, max-image-preview:large, max-video-preview:-1\" \/>\n<link rel=\"canonical\" href=\"https:\/\/consult.taga.net\/ca\/xavier-tarre\/\" \/>\n<meta property=\"og:locale\" content=\"es_ES\" \/>\n<meta property=\"og:type\" content=\"article\" \/>\n<meta property=\"og:title\" content=\"Xavier Tarr\u00e9 - Taga\" \/>\n<meta property=\"og:description\" content=\"[vc_row css_animation=\u00bb\u00bb row_type=\u00bbrow\u00bb use_row_as_full_screen_section=\u00bbno\u00bb type=\u00bbgrid\u00bb angled_section=\u00bbno\u00bb text_align=\u00bbcenter\u00bb background_image_as_pattern=\u00bbwithout_pattern\u00bb css=\u00bb.vc_custom_1487351343116{padding-top: 100px !important;}\u00bb][vc_column][qode_elements_holder number_of_columns=\u00bbtwo_columns\u00bb alignment_one_column=\u00bbleft\u00bb][qode_elements_holder_item vertical_alignment=\u00bbmiddle\u00bb advanced_animations=\u00bbno\u00bb][vc_single_image image=\u00bb1127&#8243; img_size=\u00bbfull\u00bb alignment=\u00bbcenter\u00bb qode_css_animation=\u00bb\u00bb][vc_empty_space height=\u00bb20px\u00bb][vc_column_text]xavier.tarre@taga.net[\/vc_column_text][\/qode_elements_holder_item][qode_elements_holder_item vertical_alignment=\u00bbmiddle\u00bb advanced_animations=\u00bbno\u00bb item_padding_600_768=\u00bb0 0 7% 0&#8243; item_padding_480_600=\u00bb0 0 9% 0&#8243; item_padding_480=\u00bb0 0 10% 0&#8243;][vc_column_text] Founder &amp; Co-Director [\/vc_column_text][vc_empty_space height=\u00bb12px\u00bb][vc_column_text] Xavier Tarr\u00e9 es Socio Fundador y Co-Director de la empresa TAGA, dedicada al desarrollo del Liderazgo,...\" \/>\n<meta property=\"og:url\" content=\"https:\/\/consult.taga.net\/ca\/xavier-tarre\/\" \/>\n<meta property=\"og:site_name\" content=\"Taga\" \/>\n<meta property=\"article:modified_time\" content=\"2019-11-18T11:13:02+00:00\" \/>\n<meta name=\"twitter:card\" content=\"summary_large_image\" \/>\n<meta name=\"twitter:label1\" content=\"Tiempo de lectura\" \/>\n\t<meta name=\"twitter:data1\" content=\"17 minutos\" \/>\n<script type=\"application\/ld+json\" class=\"yoast-schema-graph\">{\"@context\":\"https:\/\/schema.org\",\"@graph\":[{\"@type\":\"WebPage\",\"@id\":\"https:\/\/consult.taga.net\/ca\/xavier-tarre\/\",\"url\":\"https:\/\/consult.taga.net\/ca\/xavier-tarre\/\",\"name\":\"Xavier Tarr\u00e9 - Taga\",\"isPartOf\":{\"@id\":\"https:\/\/consult.taga.net\/ca\/#website\"},\"datePublished\":\"2017-02-17T16:15:59+00:00\",\"dateModified\":\"2019-11-18T11:13:02+00:00\",\"breadcrumb\":{\"@id\":\"https:\/\/consult.taga.net\/ca\/xavier-tarre\/#breadcrumb\"},\"inLanguage\":\"es\",\"potentialAction\":[{\"@type\":\"ReadAction\",\"target\":[\"https:\/\/consult.taga.net\/ca\/xavier-tarre\/\"]}]},{\"@type\":\"BreadcrumbList\",\"@id\":\"https:\/\/consult.taga.net\/ca\/xavier-tarre\/#breadcrumb\",\"itemListElement\":[{\"@type\":\"ListItem\",\"position\":1,\"name\":\"Inici\",\"item\":\"https:\/\/consult.taga.net\/ca\/\"},{\"@type\":\"ListItem\",\"position\":2,\"name\":\"Xavier Tarr\u00e9\"}]},{\"@type\":\"WebSite\",\"@id\":\"https:\/\/consult.taga.net\/ca\/#website\",\"url\":\"https:\/\/consult.taga.net\/ca\/\",\"name\":\"Taga\",\"description\":\"Leadership, Strategy, Culture\",\"publisher\":{\"@id\":\"https:\/\/consult.taga.net\/ca\/#organization\"},\"potentialAction\":[{\"@type\":\"SearchAction\",\"target\":{\"@type\":\"EntryPoint\",\"urlTemplate\":\"https:\/\/consult.taga.net\/ca\/?s={search_term_string}\"},\"query-input\":\"required name=search_term_string\"}],\"inLanguage\":\"es\"},{\"@type\":\"Organization\",\"@id\":\"https:\/\/consult.taga.net\/ca\/#organization\",\"name\":\"Taga - Change Management\",\"url\":\"https:\/\/consult.taga.net\/ca\/\",\"logo\":{\"@type\":\"ImageObject\",\"inLanguage\":\"es\",\"@id\":\"https:\/\/consult.taga.net\/ca\/#\/schema\/logo\/image\/\",\"url\":\"https:\/\/consult.taga.net\/wp-content\/uploads\/2019\/11\/Logo_change-management.png\",\"contentUrl\":\"https:\/\/consult.taga.net\/wp-content\/uploads\/2019\/11\/Logo_change-management.png\",\"width\":122,\"height\":68,\"caption\":\"Taga - Change Management\"},\"image\":{\"@id\":\"https:\/\/consult.taga.net\/ca\/#\/schema\/logo\/image\/\"}}]}<\/script>\n<!-- \/ Yoast SEO plugin. -->","yoast_head_json":{"title":"Xavier Tarr\u00e9 - Taga","robots":{"index":"index","follow":"follow","max-snippet":"max-snippet:-1","max-image-preview":"max-image-preview:large","max-video-preview":"max-video-preview:-1"},"canonical":"https:\/\/consult.taga.net\/ca\/xavier-tarre\/","og_locale":"es_ES","og_type":"article","og_title":"Xavier Tarr\u00e9 - Taga","og_description":"[vc_row css_animation=\u00bb\u00bb row_type=\u00bbrow\u00bb use_row_as_full_screen_section=\u00bbno\u00bb type=\u00bbgrid\u00bb angled_section=\u00bbno\u00bb text_align=\u00bbcenter\u00bb background_image_as_pattern=\u00bbwithout_pattern\u00bb css=\u00bb.vc_custom_1487351343116{padding-top: 100px !important;}\u00bb][vc_column][qode_elements_holder number_of_columns=\u00bbtwo_columns\u00bb alignment_one_column=\u00bbleft\u00bb][qode_elements_holder_item vertical_alignment=\u00bbmiddle\u00bb advanced_animations=\u00bbno\u00bb][vc_single_image image=\u00bb1127&#8243; img_size=\u00bbfull\u00bb alignment=\u00bbcenter\u00bb qode_css_animation=\u00bb\u00bb][vc_empty_space height=\u00bb20px\u00bb][vc_column_text]xavier.tarre@taga.net[\/vc_column_text][\/qode_elements_holder_item][qode_elements_holder_item vertical_alignment=\u00bbmiddle\u00bb advanced_animations=\u00bbno\u00bb item_padding_600_768=\u00bb0 0 7% 0&#8243; item_padding_480_600=\u00bb0 0 9% 0&#8243; item_padding_480=\u00bb0 0 10% 0&#8243;][vc_column_text] Founder &amp; Co-Director [\/vc_column_text][vc_empty_space height=\u00bb12px\u00bb][vc_column_text] Xavier Tarr\u00e9 es Socio Fundador y Co-Director de la empresa TAGA, dedicada al desarrollo del Liderazgo,...","og_url":"https:\/\/consult.taga.net\/ca\/xavier-tarre\/","og_site_name":"Taga","article_modified_time":"2019-11-18T11:13:02+00:00","twitter_card":"summary_large_image","twitter_misc":{"Tiempo de lectura":"17 minutos"},"schema":{"@context":"https:\/\/schema.org","@graph":[{"@type":"WebPage","@id":"https:\/\/consult.taga.net\/ca\/xavier-tarre\/","url":"https:\/\/consult.taga.net\/ca\/xavier-tarre\/","name":"Xavier Tarr\u00e9 - Taga","isPartOf":{"@id":"https:\/\/consult.taga.net\/ca\/#website"},"datePublished":"2017-02-17T16:15:59+00:00","dateModified":"2019-11-18T11:13:02+00:00","breadcrumb":{"@id":"https:\/\/consult.taga.net\/ca\/xavier-tarre\/#breadcrumb"},"inLanguage":"es","potentialAction":[{"@type":"ReadAction","target":["https:\/\/consult.taga.net\/ca\/xavier-tarre\/"]}]},{"@type":"BreadcrumbList","@id":"https:\/\/consult.taga.net\/ca\/xavier-tarre\/#breadcrumb","itemListElement":[{"@type":"ListItem","position":1,"name":"Inici","item":"https:\/\/consult.taga.net\/ca\/"},{"@type":"ListItem","position":2,"name":"Xavier Tarr\u00e9"}]},{"@type":"WebSite","@id":"https:\/\/consult.taga.net\/ca\/#website","url":"https:\/\/consult.taga.net\/ca\/","name":"Taga","description":"Leadership, Strategy, Culture","publisher":{"@id":"https:\/\/consult.taga.net\/ca\/#organization"},"potentialAction":[{"@type":"SearchAction","target":{"@type":"EntryPoint","urlTemplate":"https:\/\/consult.taga.net\/ca\/?s={search_term_string}"},"query-input":"required name=search_term_string"}],"inLanguage":"es"},{"@type":"Organization","@id":"https:\/\/consult.taga.net\/ca\/#organization","name":"Taga - Change Management","url":"https:\/\/consult.taga.net\/ca\/","logo":{"@type":"ImageObject","inLanguage":"es","@id":"https:\/\/consult.taga.net\/ca\/#\/schema\/logo\/image\/","url":"https:\/\/consult.taga.net\/wp-content\/uploads\/2019\/11\/Logo_change-management.png","contentUrl":"https:\/\/consult.taga.net\/wp-content\/uploads\/2019\/11\/Logo_change-management.png","width":122,"height":68,"caption":"Taga - Change Management"},"image":{"@id":"https:\/\/consult.taga.net\/ca\/#\/schema\/logo\/image\/"}}]}},"_links":{"self":[{"href":"https:\/\/consult.taga.net\/es\/wp-json\/wp\/v2\/pages\/831"}],"collection":[{"href":"https:\/\/consult.taga.net\/es\/wp-json\/wp\/v2\/pages"}],"about":[{"href":"https:\/\/consult.taga.net\/es\/wp-json\/wp\/v2\/types\/page"}],"author":[{"embeddable":true,"href":"https:\/\/consult.taga.net\/es\/wp-json\/wp\/v2\/users\/1"}],"replies":[{"embeddable":true,"href":"https:\/\/consult.taga.net\/es\/wp-json\/wp\/v2\/comments?post=831"}],"version-history":[{"count":96,"href":"https:\/\/consult.taga.net\/es\/wp-json\/wp\/v2\/pages\/831\/revisions"}],"predecessor-version":[{"id":2707,"href":"https:\/\/consult.taga.net\/es\/wp-json\/wp\/v2\/pages\/831\/revisions\/2707"}],"wp:attachment":[{"href":"https:\/\/consult.taga.net\/es\/wp-json\/wp\/v2\/media?parent=831"}],"curies":[{"name":"wp","href":"https:\/\/api.w.org\/{rel}","templated":true}]}}