{"id":871,"date":"2017-02-20T18:05:43","date_gmt":"2017-02-20T17:05:43","guid":{"rendered":"http:\/\/consult.taga.net\/?page_id=871"},"modified":"2019-11-18T12:10:56","modified_gmt":"2019-11-18T11:10:56","slug":"qui-som","status":"publish","type":"page","link":"https:\/\/consult.taga.net\/es\/qui-som\/","title":{"rendered":"Qui\u00e9nes somos"},"content":{"rendered":"<p>[vc_row css_animation=\u00bb\u00bb row_type=\u00bbrow\u00bb use_row_as_full_screen_section=\u00bbno\u00bb type=\u00bbgrid\u00bb angled_section=\u00bbno\u00bb text_align=\u00bbcenter\u00bb background_image_as_pattern=\u00bbwithout_pattern\u00bb background_color=\u00bb#f8f8f8&#8243; css=\u00bb.vc_custom_1492784972837{padding-top: 100px !important;padding-bottom: 100px !important;}\u00bb][vc_column width=\u00bb1\/4&#8243;][\/vc_column][vc_column width=\u00bb1\/2&#8243;][vc_column_text]Somos una empresa internacional dedicada a facilitar a organizaciones y empresas los procesos de cambio y transformaci\u00f3n hacia una mayor prosperidad.<\/p>\n<p>&nbsp;<\/p>\n<p>Trabajamos y acompa\u00f1amos a la Alta Direcci\u00f3n y a su equipo a fin que afronten estos retos eficazmente desde el Liderazgo, la Estrategia y la transformaci\u00f3n de la Cultura Organizacional.<\/p>\n<p>&nbsp;<\/p>\n<p>Somos el colaborador estrat\u00e9gico m\u00e1s avanzado, confiable y rentable para impulsar el cambio que la organizaci\u00f3n requiere en cada momento.[\/vc_column_text][\/vc_column][vc_column width=\u00bb1\/4&#8243;][\/vc_column][\/vc_row][vc_row css_animation=\u00bb\u00bb row_type=\u00bbrow\u00bb use_row_as_full_screen_section=\u00bbno\u00bb type=\u00bbgrid\u00bb angled_section=\u00bbno\u00bb text_align=\u00bbcenter\u00bb background_image_as_pattern=\u00bbwithout_pattern\u00bb css=\u00bb.vc_custom_1492785400399{padding-top: 100px !important;padding-bottom: 50px !important;}\u00bb][vc_column width=\u00bb1\/3&#8243;]<div class='image_hover ' style='' data-transition-delay=''><div class='images_holder'><a itemprop='url' href='https:\/\/consult.taga.net\/xavier-tarre\/' target='_self'><img itemprop='image' class='active_image ' src='https:\/\/consult.taga.net\/wp-content\/uploads\/2017\/02\/fotos-bio-xavier-5.jpg' alt='' style='' \/><img itemprop='image' class='hover_image' src='https:\/\/consult.taga.net\/wp-content\/uploads\/2017\/02\/fotos-bio-xavier-3.jpg' alt='' style='' \/><\/a><\/div><\/div>[vc_column_text]<\/p>\n<h3><span style=\"color: #69509a;\"><a style=\"color: #69509a;\" href=\"https:\/\/consult.taga.net\/xavier-tarre\/\">Xavier Tarr\u00e9<\/a><\/span><\/h3>\n<p>[\/vc_column_text][vc_column_text]Founder &amp; Co-director[\/vc_column_text][vc_column_text]<span style=\"color: #69509a;\">xavier.tarre@taga.net<\/span>[\/vc_column_text]<span class='q_social_icon_holder normal_social' data-color=#69509a data-hover-color=#948175><a itemprop='url' href='#' target='_self'><i class=\"qode_icon_font_awesome fa fa-linkedin fa-lg simple_social\" style=\"color: #69509a;\" ><\/i><\/a><\/span>[\/vc_column][vc_column width=\u00bb1\/3&#8243;]<div class='image_hover ' style='' data-transition-delay=''><div class='images_holder'><a itemprop='url' href='https:\/\/consult.taga.net\/joan-cos\/' target='_self'><img itemprop='image' class='active_image ' src='https:\/\/consult.taga.net\/wp-content\/uploads\/2017\/02\/foto-bio-joan_2.1.jpg' alt='' style='' \/><img itemprop='image' class='hover_image' src='https:\/\/consult.taga.net\/wp-content\/uploads\/2017\/02\/foto-bio-joan_2.jpg' alt='' style='' \/><\/a><\/div><\/div>[vc_column_text]<\/p>\n<h3><span style=\"color: #ff5f40;\"><a style=\"color: #ff5f40;\" href=\"https:\/\/consult.taga.net\/joan-cos\/\">Joan Cos<\/a><\/span><\/h3>\n<p>[\/vc_column_text][vc_column_text]Partner &amp; Co-director[\/vc_column_text][vc_column_text]<span style=\"color: #ff5f40;\">joan.cos@taga.net<\/span>[\/vc_column_text]<span class='q_social_icon_holder normal_social' data-color=#ff5f40 data-hover-color=#948175><a itemprop='url' href='#' target='_self'><i class=\"qode_icon_font_awesome fa fa-linkedin fa-lg simple_social\" style=\"color: #ff5f40;\" ><\/i><\/a><\/span>[\/vc_column][vc_column width=\u00bb1\/3&#8243;]<div class='image_hover ' style='' data-transition-delay=''><div class='images_holder'><a itemprop='url' href='https:\/\/consult.taga.net\/trini-rodriguez\/' target='_self'><img itemprop='image' class='active_image ' src='https:\/\/consult.taga.net\/wp-content\/uploads\/2017\/02\/fotos-bio-trini-5.jpg' alt='' style='' \/><img itemprop='image' class='hover_image' src='https:\/\/consult.taga.net\/wp-content\/uploads\/2017\/02\/fotos-bio-trini-4.jpg' alt='' style='' \/><\/a><\/div><\/div>[vc_column_text]<\/p>\n<h3><span style=\"color: #64cfa9;\"><a style=\"color: #64cfa9;\" href=\"https:\/\/consult.taga.net\/trini-rodriguez\/\">Trini Rodr\u00edguez<\/a><\/span><\/h3>\n<p>[\/vc_column_text][vc_column_text]Managing Director[\/vc_column_text][vc_column_text]<span style=\"color: #64cfa9;\">trini.rodriguez@taga.net<\/span>[\/vc_column_text]<span class='q_social_icon_holder normal_social' data-color=#64cfa9 data-hover-color=#948175><a itemprop='url' href='#' target='_self'><i class=\"qode_icon_font_awesome fa fa-linkedin fa-lg simple_social\" style=\"color: #64cfa9;\" ><\/i><\/a><\/span>[\/vc_column][\/vc_row][vc_row css_animation=\u00bb\u00bb row_type=\u00bbrow\u00bb use_row_as_full_screen_section=\u00bbno\u00bb type=\u00bbgrid\u00bb angled_section=\u00bbno\u00bb text_align=\u00bbcenter\u00bb background_image_as_pattern=\u00bbwithout_pattern\u00bb css=\u00bb.vc_custom_1488448088922{padding-bottom: 50px !important;}\u00bb][vc_column width=\u00bb1\/3&#8243;]<div class='image_hover ' style='' data-transition-delay=''><div class='images_holder'><a itemprop='url' href='https:\/\/consult.taga.net\/olga-cecilia-olaya\/' target='_self'><img itemprop='image' class='active_image ' src='https:\/\/consult.taga.net\/wp-content\/uploads\/2017\/02\/BIO-olga2.jpg' alt='' style='' \/><img itemprop='image' class='hover_image' src='https:\/\/consult.taga.net\/wp-content\/uploads\/2017\/02\/BIO-olga.jpg' alt='' style='' \/><\/a><\/div><\/div>[vc_column_text]<\/p>\n<h3><span style=\"color: #64cfa9;\"><a style=\"color: #64cfa9;\" href=\"https:\/\/consult.taga.net\/xavier-tarre\/\">Olga Cecilia Olaya R\u00edos<\/a><\/span><\/h3>\n<p>[\/vc_column_text][vc_column_text]<\/p>\n<div class=\"wpb_text_column wpb_content_element \">\n<div class=\"wpb_wrapper\">\n<p>Partner Colombia | Co-Directora<\/p>\n<\/div>\n<\/div>\n<p>[\/vc_column_text][vc_column_text]<span style=\"color: #64cfa9;\">olgacecilia.olaya@taga.net<\/span>[\/vc_column_text]<span class='q_social_icon_holder normal_social' data-color=#64cfa9 data-hover-color=#948175><a itemprop='url' href='#' target='_self'><i class=\"qode_icon_font_awesome fa fa-linkedin fa-lg simple_social\" style=\"color: #64cfa9;\" ><\/i><\/a><\/span>[\/vc_column][vc_column width=\u00bb1\/3&#8243;]<div class='image_hover ' style='' data-transition-delay=''><div class='images_holder'><a itemprop='url' href='https:\/\/consult.taga.net\/jordi-del-bas\/' target='_self'><img itemprop='image' class='active_image ' src='https:\/\/consult.taga.net\/wp-content\/uploads\/2017\/02\/BIO-jordi2.jpg' alt='' style='' \/><img itemprop='image' class='hover_image' src='https:\/\/consult.taga.net\/wp-content\/uploads\/2017\/02\/BIO-jordi.jpg' alt='' style='' \/><\/a><\/div><\/div>[vc_column_text]<\/p>\n<h3><span style=\"color: #ff5f40;\"><a style=\"color: #ff5f40;\" href=\"https:\/\/consult.taga.net\/jordi-del-bas\/\">Jordi del Bas<\/a><\/span><\/h3>\n<p>[\/vc_column_text][vc_column_text]<\/p>\n<div class=\"wpb_text_column wpb_content_element \">\n<div class=\"wpb_wrapper\">\n<p>Partner | Development &amp; Evaluation<\/p>\n<\/div>\n<\/div>\n<p>[\/vc_column_text][vc_column_text]<span style=\"color: #ff5f40;\">jordi.delbas@taga.net<\/span>[\/vc_column_text]<span class='q_social_icon_holder normal_social' data-color=#ff5f40 data-hover-color=#948175><a itemprop='url' href='#' target='_self'><i class=\"qode_icon_font_awesome fa fa-linkedin fa-lg simple_social\" style=\"color: #ff5f40;\" ><\/i><\/a><\/span>[\/vc_column][vc_column width=\u00bb1\/3&#8243;]<div class='image_hover ' style='' data-transition-delay=''><div class='images_holder'><a itemprop='url' href='https:\/\/consult.taga.net\/elisabet-freixa\/' target='_self'><img itemprop='image' class='active_image ' src='https:\/\/consult.taga.net\/wp-content\/uploads\/2017\/02\/BIO-elisabet3.jpg' alt='' style='' \/><img itemprop='image' class='hover_image' src='https:\/\/consult.taga.net\/wp-content\/uploads\/2017\/02\/BIO-elisabet2.jpg' alt='' style='' \/><\/a><\/div><\/div>[vc_column_text]<\/p>\n<h3><span style=\"color: #64cfa9;\"><a style=\"color: #64cfa9;\" href=\"https:\/\/consult.taga.net\/elisabet-freixa\/\">Elisabet Freixa<\/a><\/span><\/h3>\n<p>[\/vc_column_text][vc_column_text]Development Partner[\/vc_column_text][vc_column_text]<span style=\"color: #64cfa9;\">elisabet.freixa@taga.net<\/span>[\/vc_column_text]<span class='q_social_icon_holder normal_social' data-color=#64cfa9 data-hover-color=#948175><a itemprop='url' href='#' target='_self'><i class=\"qode_icon_font_awesome fa fa-linkedin fa-lg simple_social\" style=\"color: #64cfa9;\" ><\/i><\/a><\/span>[\/vc_column][\/vc_row][vc_row css_animation=\u00bb\u00bb row_type=\u00bbrow\u00bb use_row_as_full_screen_section=\u00bbno\u00bb type=\u00bbgrid\u00bb angled_section=\u00bbno\u00bb text_align=\u00bbcenter\u00bb background_image_as_pattern=\u00bbwithout_pattern\u00bb padding_bottom=\u00bb100&#8243;][vc_column width=\u00bb1\/3&#8243;]<div class='image_hover ' style='' data-transition-delay=''><div class='images_holder'><a itemprop='url' href='https:\/\/consult.taga.net\/nuria-torras\/' target='_self'><img itemprop='image' class='active_image ' src='https:\/\/consult.taga.net\/wp-content\/uploads\/2017\/02\/foto-bio-Nu\u0301ria_2.jpg' alt='' style='' \/><img itemprop='image' class='hover_image' src='https:\/\/consult.taga.net\/wp-content\/uploads\/2017\/02\/foto-bio-Nu\u0301ria.jpg' alt='' style='' \/><\/a><\/div><\/div>[vc_column_text]<\/p>\n<h3><span style=\"color: #64cfa9;\"><a style=\"color: #64cfa9;\" href=\"https:\/\/consult.taga.net\/nuria-torras\/\">N\u00faria Torras<\/a><\/span><\/h3>\n<p>[\/vc_column_text][vc_column_text]<\/p>\n<div class=\"wpb_text_column wpb_content_element \">\n<div class=\"wpb_wrapper\">\n<div class=\"wpb_text_column wpb_content_element \">\n<div class=\"wpb_wrapper\">\n<p>Administration &amp; Office Manager<\/p>\n<\/div>\n<\/div>\n<\/div>\n<\/div>\n<p>[\/vc_column_text][vc_column_text]<span style=\"color: #64cfa9;\">admin@taga.net<\/span>[\/vc_column_text]<span class='q_social_icon_holder normal_social' data-color=#64cfa9 data-hover-color=#948175><a itemprop='url' href='https:\/\/www.linkedin.com\/in\/nuriatorraspernas\/' target='_self'><i class=\"qode_icon_font_awesome fa fa-linkedin fa-lg simple_social\" style=\"color: #64cfa9;\" ><\/i><\/a><\/span>[\/vc_column][vc_column width=\u00bb1\/3&#8243;]<div class='image_hover ' style='' data-transition-delay=''><div class='images_holder'><a itemprop='url' href='https:\/\/consult.taga.net\/alicia-marin\/' target='_self'><img itemprop='image' class='active_image ' src='https:\/\/consult.taga.net\/wp-content\/uploads\/2017\/02\/foto-bio-Alicia_2.jpg' alt='' style='' \/><img itemprop='image' class='hover_image' src='https:\/\/consult.taga.net\/wp-content\/uploads\/2017\/02\/foto-bio-Alicia.jpg' alt='' style='' \/><\/a><\/div><\/div>[vc_column_text]<\/p>\n<h3><span style=\"color: #64cfa9;\"><a style=\"color: #64cfa9;\" href=\"https:\/\/consult.taga.net\/alicia-marin\/\">Alicia Mar\u00edn Muniesa<\/a><\/span><\/h3>\n<p>[\/vc_column_text][vc_column_text]<\/p>\n<div class=\"wpb_text_column wpb_content_element \">\n<div class=\"wpb_wrapper\">\n<p>Project Director &amp; Coach<\/p>\n<\/div>\n<\/div>\n<p>[\/vc_column_text][vc_column_text]<span style=\"color: #64cfa9;\">alicia.marin@taga.net<\/span>[\/vc_column_text]<span class='q_social_icon_holder normal_social' data-color=#64cfa9 data-hover-color=#948175><a itemprop='url' href='https:\/\/www.linkedin.com\/in\/aliciamarinmuniesa\/' target='_self'><i class=\"qode_icon_font_awesome fa fa-linkedin fa-lg simple_social\" style=\"color: #64cfa9;\" ><\/i><\/a><\/span>[\/vc_column][vc_column width=\u00bb1\/3&#8243;]<div class='image_hover ' style='' data-transition-delay=''><div class='images_holder'><a itemprop='url' href='https:\/\/consult.taga.net\/juan-carlos-lopez\/' target='_self'><img itemprop='image' class='active_image ' src='https:\/\/consult.taga.net\/wp-content\/uploads\/2017\/02\/BIO-juancar3.jpg' alt='' style='' \/><img itemprop='image' class='hover_image' src='https:\/\/consult.taga.net\/wp-content\/uploads\/2017\/02\/BIO-juan.jpg' alt='' style='' \/><\/a><\/div><\/div>[vc_column_text]<\/p>\n<h3><span style=\"color: #ff5f40;\"><a style=\"color: #ff5f40;\" href=\"https:\/\/consult.taga.net\/juan-carlos-lopez\/\">Juan Carlos L\u00f3pez<\/a><\/span><\/h3>\n<p>[\/vc_column_text][vc_column_text]<\/p>\n<div class=\"wpb_text_column wpb_content_element \">\n<div class=\"wpb_wrapper\">\n<div class=\"wpb_text_column wpb_content_element \">\n<div class=\"wpb_wrapper\">\n<p>Partner Colombia | Director de Proyectos<\/p>\n<\/div>\n<\/div>\n<\/div>\n<\/div>\n<p>[\/vc_column_text][vc_column_text]<span style=\"color: #ff5f40;\">juancarlos.lopez@taga.net<\/span>[\/vc_column_text]<span class='q_social_icon_holder normal_social' data-color=#ff5f40 data-hover-color=#948175><a itemprop='url' href='#' target='_self'><i class=\"qode_icon_font_awesome fa fa-linkedin fa-lg simple_social\" style=\"color: #ff5f40;\" ><\/i><\/a><\/span>[\/vc_column][\/vc_row]<\/p>","protected":false},"excerpt":{"rendered":"<p>[vc_row css_animation=\u00bb\u00bb row_type=\u00bbrow\u00bb use_row_as_full_screen_section=\u00bbno\u00bb type=\u00bbgrid\u00bb angled_section=\u00bbno\u00bb text_align=\u00bbcenter\u00bb background_image_as_pattern=\u00bbwithout_pattern\u00bb background_color=\u00bb#f8f8f8&#8243; css=\u00bb.vc_custom_1492784972837{padding-top: 100px !important;padding-bottom: 100px !important;}\u00bb][vc_column width=\u00bb1\/4&#8243;][\/vc_column][vc_column width=\u00bb1\/2&#8243;][vc_column_text]Somos una empresa internacional dedicada a facilitar a organizaciones y empresas los procesos de cambio y transformaci\u00f3n hacia una mayor prosperidad. &nbsp; Trabajamos y acompa\u00f1amos a la Alta Direcci\u00f3n y a su equipo a fin que afronten estos retos eficazmente&#8230;<\/p>\n","protected":false},"author":1,"featured_media":0,"parent":0,"menu_order":0,"comment_status":"closed","ping_status":"closed","template":"full_width.php","meta":{"_mi_skip_tracking":false,"_monsterinsights_sitenote_active":false,"_monsterinsights_sitenote_note":"","_monsterinsights_sitenote_category":0},"yoast_head":"<!-- This site is optimized with the Yoast SEO plugin v20.12 - https:\/\/yoast.com\/wordpress\/plugins\/seo\/ -->\n<title>Qui\u00e9nes somos - Taga<\/title>\n<meta name=\"robots\" content=\"index, follow, max-snippet:-1, max-image-preview:large, max-video-preview:-1\" \/>\n<link rel=\"canonical\" href=\"https:\/\/consult.taga.net\/ca\/qui-som\/\" \/>\n<meta property=\"og:locale\" content=\"es_ES\" \/>\n<meta property=\"og:type\" content=\"article\" \/>\n<meta property=\"og:title\" content=\"[:ca]Qui som[:es]Qui\u00e9nes somos[:en]Who we are[:] - Taga\" \/>\n<meta property=\"og:description\" content=\"[vc_row css_animation=\u00bb\u00bb row_type=\u00bbrow\u00bb use_row_as_full_screen_section=\u00bbno\u00bb type=\u00bbgrid\u00bb angled_section=\u00bbno\u00bb text_align=\u00bbcenter\u00bb background_image_as_pattern=\u00bbwithout_pattern\u00bb background_color=\u00bb#f8f8f8&#8243; css=\u00bb.vc_custom_1492784972837{padding-top: 100px !important;padding-bottom: 100px !important;}\u00bb][vc_column width=\u00bb1\/4&#8243;][\/vc_column][vc_column width=\u00bb1\/2&#8243;][vc_column_text]Somos una empresa internacional dedicada a facilitar a organizaciones y empresas los procesos de cambio y transformaci\u00f3n hacia una mayor prosperidad. &nbsp; Trabajamos y acompa\u00f1amos a la Alta Direcci\u00f3n y a su equipo a fin que afronten estos retos eficazmente...\" \/>\n<meta property=\"og:url\" content=\"https:\/\/consult.taga.net\/ca\/qui-som\/\" \/>\n<meta property=\"og:site_name\" content=\"Taga\" \/>\n<meta property=\"article:modified_time\" content=\"2019-11-18T11:10:56+00:00\" \/>\n<meta name=\"twitter:card\" content=\"summary_large_image\" \/>\n<meta name=\"twitter:label1\" content=\"Tiempo de lectura\" \/>\n\t<meta name=\"twitter:data1\" content=\"13 minutos\" \/>\n<script type=\"application\/ld+json\" class=\"yoast-schema-graph\">{\"@context\":\"https:\/\/schema.org\",\"@graph\":[{\"@type\":\"WebPage\",\"@id\":\"https:\/\/consult.taga.net\/ca\/qui-som\/\",\"url\":\"https:\/\/consult.taga.net\/ca\/qui-som\/\",\"name\":\"[:ca]Qui som[:es]Qui\u00e9nes somos[:en]Who we are[:] - Taga\",\"isPartOf\":{\"@id\":\"https:\/\/consult.taga.net\/ca\/#website\"},\"datePublished\":\"2017-02-20T17:05:43+00:00\",\"dateModified\":\"2019-11-18T11:10:56+00:00\",\"breadcrumb\":{\"@id\":\"https:\/\/consult.taga.net\/ca\/qui-som\/#breadcrumb\"},\"inLanguage\":\"es\",\"potentialAction\":[{\"@type\":\"ReadAction\",\"target\":[\"https:\/\/consult.taga.net\/ca\/qui-som\/\"]}]},{\"@type\":\"BreadcrumbList\",\"@id\":\"https:\/\/consult.taga.net\/ca\/qui-som\/#breadcrumb\",\"itemListElement\":[{\"@type\":\"ListItem\",\"position\":1,\"name\":\"Inici\",\"item\":\"https:\/\/consult.taga.net\/ca\/\"},{\"@type\":\"ListItem\",\"position\":2,\"name\":\"Qui som\"}]},{\"@type\":\"WebSite\",\"@id\":\"https:\/\/consult.taga.net\/ca\/#website\",\"url\":\"https:\/\/consult.taga.net\/ca\/\",\"name\":\"Taga\",\"description\":\"Leadership, Strategy, Culture\",\"publisher\":{\"@id\":\"https:\/\/consult.taga.net\/ca\/#organization\"},\"potentialAction\":[{\"@type\":\"SearchAction\",\"target\":{\"@type\":\"EntryPoint\",\"urlTemplate\":\"https:\/\/consult.taga.net\/ca\/?s={search_term_string}\"},\"query-input\":\"required name=search_term_string\"}],\"inLanguage\":\"es\"},{\"@type\":\"Organization\",\"@id\":\"https:\/\/consult.taga.net\/ca\/#organization\",\"name\":\"Taga - Change Management\",\"url\":\"https:\/\/consult.taga.net\/ca\/\",\"logo\":{\"@type\":\"ImageObject\",\"inLanguage\":\"es\",\"@id\":\"https:\/\/consult.taga.net\/ca\/#\/schema\/logo\/image\/\",\"url\":\"https:\/\/consult.taga.net\/wp-content\/uploads\/2019\/11\/Logo_change-management.png\",\"contentUrl\":\"https:\/\/consult.taga.net\/wp-content\/uploads\/2019\/11\/Logo_change-management.png\",\"width\":122,\"height\":68,\"caption\":\"Taga - Change Management\"},\"image\":{\"@id\":\"https:\/\/consult.taga.net\/ca\/#\/schema\/logo\/image\/\"}}]}<\/script>\n<!-- \/ Yoast SEO plugin. -->","yoast_head_json":{"title":"[:ca]Qui som[:es]Qui\u00e9nes somos[:en]Who we are[:] - Taga","robots":{"index":"index","follow":"follow","max-snippet":"max-snippet:-1","max-image-preview":"max-image-preview:large","max-video-preview":"max-video-preview:-1"},"canonical":"https:\/\/consult.taga.net\/ca\/qui-som\/","og_locale":"es_ES","og_type":"article","og_title":"[:ca]Qui som[:es]Qui\u00e9nes somos[:en]Who we are[:] - Taga","og_description":"[vc_row css_animation=\u00bb\u00bb row_type=\u00bbrow\u00bb use_row_as_full_screen_section=\u00bbno\u00bb type=\u00bbgrid\u00bb angled_section=\u00bbno\u00bb text_align=\u00bbcenter\u00bb background_image_as_pattern=\u00bbwithout_pattern\u00bb background_color=\u00bb#f8f8f8&#8243; css=\u00bb.vc_custom_1492784972837{padding-top: 100px !important;padding-bottom: 100px !important;}\u00bb][vc_column width=\u00bb1\/4&#8243;][\/vc_column][vc_column width=\u00bb1\/2&#8243;][vc_column_text]Somos una empresa internacional dedicada a facilitar a organizaciones y empresas los procesos de cambio y transformaci\u00f3n hacia una mayor prosperidad. &nbsp; Trabajamos y acompa\u00f1amos a la Alta Direcci\u00f3n y a su equipo a fin que afronten estos retos eficazmente...","og_url":"https:\/\/consult.taga.net\/ca\/qui-som\/","og_site_name":"Taga","article_modified_time":"2019-11-18T11:10:56+00:00","twitter_card":"summary_large_image","twitter_misc":{"Tiempo de lectura":"13 minutos"},"schema":{"@context":"https:\/\/schema.org","@graph":[{"@type":"WebPage","@id":"https:\/\/consult.taga.net\/ca\/qui-som\/","url":"https:\/\/consult.taga.net\/ca\/qui-som\/","name":"[:ca]Qui som[:es]Qui\u00e9nes somos[:en]Who we are[:] - Taga","isPartOf":{"@id":"https:\/\/consult.taga.net\/ca\/#website"},"datePublished":"2017-02-20T17:05:43+00:00","dateModified":"2019-11-18T11:10:56+00:00","breadcrumb":{"@id":"https:\/\/consult.taga.net\/ca\/qui-som\/#breadcrumb"},"inLanguage":"es","potentialAction":[{"@type":"ReadAction","target":["https:\/\/consult.taga.net\/ca\/qui-som\/"]}]},{"@type":"BreadcrumbList","@id":"https:\/\/consult.taga.net\/ca\/qui-som\/#breadcrumb","itemListElement":[{"@type":"ListItem","position":1,"name":"Inici","item":"https:\/\/consult.taga.net\/ca\/"},{"@type":"ListItem","position":2,"name":"Qui som"}]},{"@type":"WebSite","@id":"https:\/\/consult.taga.net\/ca\/#website","url":"https:\/\/consult.taga.net\/ca\/","name":"Taga","description":"Leadership, Strategy, Culture","publisher":{"@id":"https:\/\/consult.taga.net\/ca\/#organization"},"potentialAction":[{"@type":"SearchAction","target":{"@type":"EntryPoint","urlTemplate":"https:\/\/consult.taga.net\/ca\/?s={search_term_string}"},"query-input":"required name=search_term_string"}],"inLanguage":"es"},{"@type":"Organization","@id":"https:\/\/consult.taga.net\/ca\/#organization","name":"Taga - Change Management","url":"https:\/\/consult.taga.net\/ca\/","logo":{"@type":"ImageObject","inLanguage":"es","@id":"https:\/\/consult.taga.net\/ca\/#\/schema\/logo\/image\/","url":"https:\/\/consult.taga.net\/wp-content\/uploads\/2019\/11\/Logo_change-management.png","contentUrl":"https:\/\/consult.taga.net\/wp-content\/uploads\/2019\/11\/Logo_change-management.png","width":122,"height":68,"caption":"Taga - Change Management"},"image":{"@id":"https:\/\/consult.taga.net\/ca\/#\/schema\/logo\/image\/"}}]}},"_links":{"self":[{"href":"https:\/\/consult.taga.net\/es\/wp-json\/wp\/v2\/pages\/871"}],"collection":[{"href":"https:\/\/consult.taga.net\/es\/wp-json\/wp\/v2\/pages"}],"about":[{"href":"https:\/\/consult.taga.net\/es\/wp-json\/wp\/v2\/types\/page"}],"author":[{"embeddable":true,"href":"https:\/\/consult.taga.net\/es\/wp-json\/wp\/v2\/users\/1"}],"replies":[{"embeddable":true,"href":"https:\/\/consult.taga.net\/es\/wp-json\/wp\/v2\/comments?post=871"}],"version-history":[{"count":97,"href":"https:\/\/consult.taga.net\/es\/wp-json\/wp\/v2\/pages\/871\/revisions"}],"predecessor-version":[{"id":2706,"href":"https:\/\/consult.taga.net\/es\/wp-json\/wp\/v2\/pages\/871\/revisions\/2706"}],"wp:attachment":[{"href":"https:\/\/consult.taga.net\/es\/wp-json\/wp\/v2\/media?parent=871"}],"curies":[{"name":"wp","href":"https:\/\/api.w.org\/{rel}","templated":true}]}}