{"id":905,"date":"2017-02-21T12:14:11","date_gmt":"2017-02-21T11:14:11","guid":{"rendered":"http:\/\/consult.taga.net\/?page_id=905"},"modified":"2019-11-18T12:14:34","modified_gmt":"2019-11-18T11:14:34","slug":"joan-cos","status":"publish","type":"page","link":"https:\/\/consult.taga.net\/es\/joan-cos\/","title":{"rendered":"Joan Cos"},"content":{"rendered":"<p>[vc_row css_animation=\u00bb\u00bb row_type=\u00bbrow\u00bb use_row_as_full_screen_section=\u00bbno\u00bb type=\u00bbgrid\u00bb angled_section=\u00bbno\u00bb text_align=\u00bbcenter\u00bb background_image_as_pattern=\u00bbwithout_pattern\u00bb css=\u00bb.vc_custom_1487351343116{padding-top: 100px !important;}\u00bb][vc_column][qode_elements_holder number_of_columns=\u00bbtwo_columns\u00bb alignment_one_column=\u00bbleft\u00bb][qode_elements_holder_item vertical_alignment=\u00bbmiddle\u00bb advanced_animations=\u00bbno\u00bb][vc_single_image image=\u00bb2506&#8243; img_size=\u00bbfull\u00bb alignment=\u00bbcenter\u00bb qode_css_animation=\u00bb\u00bb][vc_empty_space height=\u00bb20px\u00bb]<span class='q_social_icon_holder normal_social' data-color=#ff5f40 data-hover-color=#948175><a itemprop='url' href='https:\/\/www.linkedin.com\/in\/joan-cos-codina-27a4a6\/' target='_blank'><i class=\"qode_icon_font_awesome fa fa-linkedin fa-lg simple_social\" style=\"color: #ff5f40;\" ><\/i><\/a><\/span>[vc_column_text]<span style=\"color: #ff5f40;\">joan.cos@taga.net<\/span>[\/vc_column_text][\/qode_elements_holder_item][qode_elements_holder_item vertical_alignment=\u00bbmiddle\u00bb advanced_animations=\u00bbno\u00bb item_padding_600_768=\u00bb0 0 7% 0&#8243; item_padding_480_600=\u00bb0 0 9% 0&#8243; item_padding_480=\u00bb0 0 10% 0&#8243;][vc_column_text]<\/p>\n<h1 style=\"text-align: left;\"><span style=\"color: #ff5f40;\">Partner &amp;<\/span><\/h1>\n<h1 style=\"text-align: left;\"><span style=\"color: #69509a;\"><span style=\"color: #ff5f40;\">Co-director<\/span><br \/>\n<\/span><\/h1>\n<p>[\/vc_column_text][vc_empty_space height=\u00bb12px\u00bb][vc_column_text]<\/p>\n<p style=\"text-align: left;\">Joan es consultor internacional y facilitador en Desarrollo Organizacional especializado en Equipos de Alto Rendimiento y Estrategia Empresarial, para equipos de alta direcci\u00f3n p\u00fablicos y privados.<\/p>\n<p style=\"text-align: left;\"><span style=\"color: #ffffff;\">&#8211;<\/span><\/p>\n<p style=\"text-align: left;\">Est\u00e1 capacitado para comprender las din\u00e1micas organizacionales subyacentes y crear propuestas de mejora de implementaci\u00f3n r\u00e1pida, una habilidad adquirida gracias a su amplia experiencia en posiciones directivas en m\u00e1s de 12 organizaciones diferentes como ACCI\u00d3-COPCA, Dinamic, Cecot, Oficina Comercial Espa\u00f1ola \u2013Embajada, Banca Catalana y Baker&amp; McKenzie y en numerosos proyectos de consultor\u00eda internacional. Ha vivido y trabajado en Espa\u00f1a, USA, Egipto y Alemania.<\/p>\n<p style=\"text-align: left;\"><span style=\"color: #ffffff;\">&#8211;<\/span><\/p>\n<p style=\"text-align: left;\">Con s\u00f3lidos conocimientos te\u00f3ricos metodol\u00f3gicos, ha creado la metodolog\u00eda Colaboraci\u00f3n Apreciativa <strong>\u00ae<\/strong> es co-creador de Sistema Energ\u00e9tico Organizacional\u00ae, co-fundador de Pinea3 Living Organizations, socio de TAGA Creativa y co-director del programa de Liderazgo EESH con la Universidad Central de Catalu\u00f1a.<\/p>\n<p style=\"text-align: left;\"><span style=\"color: #ffffff;\">&#8211;<\/span><\/p>\n<p style=\"text-align: left;\">Actualmente est\u00e1 realizando trabajos de investigaci\u00f3n en colaboraci\u00f3n con equipos y departamentos y tienen diversas publicaciones sobre liderazgo y management.<\/p>\n<p style=\"text-align: left;\"><span style=\"color: #ffffff;\">&#8211;<\/span><\/p>\n<p style=\"text-align: left;\">Se licenci\u00f3 en Derecho (UAB), estudi\u00f3 Ciencias Econ\u00f3micas (UNED), Marketing (NYU-USA) y Business Strategy (Cornell University-USA). Tiene un Master en PNL y Coaching entre otras formaciones en metodolog\u00edas sist\u00e9micas y humanistas para el cambio humano.<\/p>\n<p style=\"text-align: left;\"><span style=\"color: #ffffff;\">&#8211;<\/span><\/p>\n<p style=\"text-align: left;\">Est\u00e1 casado y tiene tres hijos.<\/p>\n<p>[\/vc_column_text][vc_empty_space height=\u00bb15px\u00bb][\/qode_elements_holder_item][\/qode_elements_holder][\/vc_column][\/vc_row][vc_row css_animation=\u00bb\u00bb row_type=\u00bbrow\u00bb use_row_as_full_screen_section=\u00bbno\u00bb type=\u00bbgrid\u00bb angled_section=\u00bbno\u00bb text_align=\u00bbleft\u00bb background_image_as_pattern=\u00bbwithout_pattern\u00bb css=\u00bb.vc_custom_1487351597957{padding-top: 50px !important;padding-bottom: 50px !important;}\u00bb][vc_column][vc_separator type=\u00bbnormal\u00bb color=\u00bb#ff5f40&#8243; thickness=\u00bb2&#8243;][\/vc_column][\/vc_row][vc_row css_animation=\u00bb\u00bb row_type=\u00bbrow\u00bb use_row_as_full_screen_section=\u00bbno\u00bb type=\u00bbgrid\u00bb angled_section=\u00bbno\u00bb text_align=\u00bbcenter\u00bb background_image_as_pattern=\u00bbwithout_pattern\u00bb css=\u00bb.vc_custom_1488448088922{padding-bottom: 50px !important;}\u00bb][vc_column width=\u00bb1\/4&#8243;]<div class='image_hover ' style='' data-transition-delay=''><div class='images_holder'><a itemprop='url' href='https:\/\/consult.taga.net\/xavier-tarre\/' target='_self'><img itemprop='image' class='active_image ' src='https:\/\/consult.taga.net\/wp-content\/uploads\/2017\/02\/fotos-bio-xavier-5.jpg' alt='' style='' \/><img itemprop='image' class='hover_image' src='https:\/\/consult.taga.net\/wp-content\/uploads\/2017\/02\/fotos-bio-xavier-3.jpg' alt='' style='' \/><\/a><\/div><\/div>[vc_column_text]<\/p>\n<h3><span style=\"color: #69509a;\"><a style=\"color: #69509a;\" href=\"https:\/\/consult.taga.net\/xavier-tarre\/\">Xavier Tarr\u00e9<\/a><\/span><\/h3>\n<p>[\/vc_column_text][vc_column_text]Founder &amp; Co-director[\/vc_column_text][vc_column_text]<span style=\"color: #69509a;\">xavier.tarre@taga.net<\/span>[\/vc_column_text]<span class='q_social_icon_holder normal_social' data-color=#69509a data-hover-color=#948175><a itemprop='url' href='https:\/\/www.linkedin.com\/in\/xaviertarre\/' target='_blank'><i class=\"qode_icon_font_awesome fa fa-linkedin fa-lg simple_social\" style=\"color: #69509a;\" ><\/i><\/a><\/span>[\/vc_column][vc_column width=\u00bb1\/4&#8243;]<div class='image_hover ' style='' data-transition-delay=''><div class='images_holder'><a itemprop='url' href='https:\/\/consult.taga.net\/trini-rodriguez\/' target='_self'><img itemprop='image' class='active_image ' src='https:\/\/consult.taga.net\/wp-content\/uploads\/2017\/02\/fotos-bio-trini-5.jpg' alt='' style='' \/><img itemprop='image' class='hover_image' src='https:\/\/consult.taga.net\/wp-content\/uploads\/2017\/02\/fotos-bio-trini-4.jpg' alt='' style='' \/><\/a><\/div><\/div>[vc_column_text]<\/p>\n<h3><span style=\"color: #64cfa9;\"><a style=\"color: #64cfa9;\" href=\"https:\/\/consult.taga.net\/trini-rodriguez\/\">Trini Rodr\u00edguez<\/a><\/span><\/h3>\n<p>[\/vc_column_text][vc_column_text]Managing Director[\/vc_column_text][vc_column_text]<span style=\"color: #64cfa9;\">trini.rodriguez@taga.net<\/span>[\/vc_column_text]<span class='q_social_icon_holder normal_social' data-color=#64cfa9 data-hover-color=#948175><a itemprop='url' href='https:\/\/www.linkedin.com\/in\/trini-rodr%C3%ADguez-57613717\/' target='_blank'><i class=\"qode_icon_font_awesome fa fa-linkedin fa-lg simple_social\" style=\"color: #64cfa9;\" ><\/i><\/a><\/span>[\/vc_column][vc_column width=\u00bb1\/4&#8243;]<div class='image_hover ' style='' data-transition-delay=''><div class='images_holder'><a itemprop='url' href='https:\/\/consult.taga.net\/olga-cecilia-olaya\/' target='_self'><img itemprop='image' class='active_image ' src='https:\/\/consult.taga.net\/wp-content\/uploads\/2017\/02\/BIO-olga2.jpg' alt='' style='' \/><img itemprop='image' class='hover_image' src='https:\/\/consult.taga.net\/wp-content\/uploads\/2017\/02\/BIO-olga.jpg' alt='' style='' \/><\/a><\/div><\/div>[vc_column_text]<\/p>\n<h3><span style=\"color: #64cfa9;\"><a style=\"color: #64cfa9;\" href=\"https:\/\/consult.taga.net\/olga-cecilia-olaya\/\">Olga Cecilia Olaya R\u00edos<\/a><\/span><\/h3>\n<p>[\/vc_column_text][vc_column_text]<\/p>\n<div class=\"wpb_text_column wpb_content_element \">\n<div class=\"wpb_wrapper\">\n<p>Partner Colombia | Co-Directora<\/p>\n<\/div>\n<\/div>\n<p>[\/vc_column_text][vc_column_text]<span style=\"color: #64cfa9;\">olgacecilia.olaya@taga.net<\/span>[\/vc_column_text]<span class='q_social_icon_holder normal_social' data-color=#64cfa9 data-hover-color=#948175><a itemprop='url' href='https:\/\/www.linkedin.com\/in\/olgaceciliaolayarios\/' target='_blank'><i class=\"qode_icon_font_awesome fa fa-linkedin fa-lg simple_social\" style=\"color: #64cfa9;\" ><\/i><\/a><\/span>[\/vc_column][vc_column width=\u00bb1\/4&#8243;]<div class='image_hover ' style='' data-transition-delay=''><div class='images_holder'><a itemprop='url' href='https:\/\/consult.taga.net\/jordi-del-bas\/' target='_self'><img itemprop='image' class='active_image ' src='https:\/\/consult.taga.net\/wp-content\/uploads\/2017\/02\/BIO-jordi2.jpg' alt='' style='' \/><img itemprop='image' class='hover_image' src='https:\/\/consult.taga.net\/wp-content\/uploads\/2017\/02\/BIO-jordi.jpg' alt='' style='' \/><\/a><\/div><\/div>[vc_column_text]<\/p>\n<h3><span style=\"color: #ff5f40;\"><a style=\"color: #ff5f40;\" href=\"https:\/\/consult.taga.net\/jordi-del-bas\/\">Jordi del Bas<\/a><\/span><\/h3>\n<p>[\/vc_column_text][vc_column_text]<\/p>\n<div class=\"wpb_text_column wpb_content_element \">\n<div class=\"wpb_wrapper\">\n<p>Partner | Development &amp; Evaluation<\/p>\n<\/div>\n<\/div>\n<p>[\/vc_column_text][vc_column_text]<span style=\"color: #ff5f40;\">jordi.delbas@taga.net<\/span>[\/vc_column_text]<span class='q_social_icon_holder normal_social' data-color=#ff5f40 data-hover-color=#948175><a itemprop='url' href='https:\/\/www.linkedin.com\/in\/jordi-del-bas-80869a2\/' target='_blank'><i class=\"qode_icon_font_awesome fa fa-linkedin fa-lg simple_social\" style=\"color: #ff5f40;\" ><\/i><\/a><\/span>[\/vc_column][\/vc_row][vc_row css_animation=\u00bb\u00bb row_type=\u00bbrow\u00bb use_row_as_full_screen_section=\u00bbno\u00bb type=\u00bbgrid\u00bb angled_section=\u00bbno\u00bb text_align=\u00bbcenter\u00bb background_image_as_pattern=\u00bbwithout_pattern\u00bb padding_bottom=\u00bb100&#8243;][vc_column width=\u00bb1\/4&#8243;]<div class='image_hover ' style='' data-transition-delay=''><div class='images_holder'><a itemprop='url' href='https:\/\/consult.taga.net\/elisabet-freixa\/' target='_self'><img itemprop='image' class='active_image ' src='https:\/\/consult.taga.net\/wp-content\/uploads\/2017\/02\/BIO-elisabet3.jpg' alt='' style='' \/><img itemprop='image' class='hover_image' src='https:\/\/consult.taga.net\/wp-content\/uploads\/2017\/02\/BIO-elisabet2.jpg' alt='' style='' \/><\/a><\/div><\/div>[vc_column_text]<\/p>\n<h3><span style=\"color: #64cfa9;\"><a style=\"color: #64cfa9;\" href=\"https:\/\/consult.taga.net\/elisabet-freixa\/\">Elisabet Freixa<\/a><\/span><\/h3>\n<p>[\/vc_column_text][vc_column_text]Development Partner[\/vc_column_text][vc_column_text]<span style=\"color: #64cfa9;\">elisabet.freixa@taga.net<\/span>[\/vc_column_text]<span class='q_social_icon_holder normal_social' data-color=#64cfa9 data-hover-color=#948175><a itemprop='url' href='https:\/\/www.linkedin.com\/in\/elisabet-freixa-a7530221\/' target='_blank'><i class=\"qode_icon_font_awesome fa fa-linkedin fa-lg simple_social\" style=\"color: #64cfa9;\" ><\/i><\/a><\/span>[\/vc_column][vc_column width=\u00bb1\/4&#8243;]<div class='image_hover ' style='' data-transition-delay=''><div class='images_holder'><a itemprop='url' href='https:\/\/consult.taga.net\/nuria-torras\/' target='_self'><img itemprop='image' class='active_image ' src='https:\/\/consult.taga.net\/wp-content\/uploads\/2017\/02\/foto-bio-Nu\u0301ria_2.jpg' alt='' style='' \/><img itemprop='image' class='hover_image' src='https:\/\/consult.taga.net\/wp-content\/uploads\/2017\/02\/foto-bio-Nu\u0301ria.jpg' alt='' style='' \/><\/a><\/div><\/div>[vc_column_text]<\/p>\n<h3><span style=\"color: #64cfa9;\"><a style=\"color: #64cfa9;\" href=\"https:\/\/consult.taga.net\/nuria-torras\/\">N\u00faria Torras<\/a><\/span><\/h3>\n<p>[\/vc_column_text][vc_column_text]<\/p>\n<div class=\"wpb_text_column wpb_content_element \">\n<div class=\"wpb_wrapper\">\n<div class=\"wpb_text_column wpb_content_element \">\n<div class=\"wpb_wrapper\">\n<p>Administration &amp; Office Manager<\/p>\n<\/div>\n<\/div>\n<\/div>\n<\/div>\n<p>[\/vc_column_text][vc_column_text]<span style=\"color: #64cfa9;\">admin@taga.net<\/span>[\/vc_column_text]<span class='q_social_icon_holder normal_social' data-color=#64cfa9 data-hover-color=#948175><a itemprop='url' href='https:\/\/www.linkedin.com\/in\/nuriatorraspernas\/' target='_blank'><i class=\"qode_icon_font_awesome fa fa-linkedin fa-lg simple_social\" style=\"color: #64cfa9;\" ><\/i><\/a><\/span>[\/vc_column][vc_column width=\u00bb1\/4&#8243;]<div class='image_hover ' style='' data-transition-delay=''><div class='images_holder'><a itemprop='url' href='https:\/\/consult.taga.net\/alicia-marin\/' target='_self'><img itemprop='image' class='active_image ' src='https:\/\/consult.taga.net\/wp-content\/uploads\/2017\/02\/foto-bio-Alicia_2.jpg' alt='' style='' \/><img itemprop='image' class='hover_image' src='https:\/\/consult.taga.net\/wp-content\/uploads\/2017\/02\/foto-bio-Alicia.jpg' alt='' style='' \/><\/a><\/div><\/div>[vc_column_text]<\/p>\n<h3><span style=\"color: #64cfa9;\"><a style=\"color: #64cfa9;\" href=\"https:\/\/consult.taga.net\/alicia-marin\/\">Alicia Mar\u00edn Muniesa<\/a><\/span><\/h3>\n<p>[\/vc_column_text][vc_column_text]<\/p>\n<div class=\"wpb_text_column wpb_content_element \">\n<div class=\"wpb_wrapper\">\n<p>Project Director &amp; Coach<\/p>\n<\/div>\n<\/div>\n<p>[\/vc_column_text][vc_column_text]<span style=\"color: #64cfa9;\">alicia.marin@taga.net<\/span>[\/vc_column_text]<span class='q_social_icon_holder normal_social' data-color=#64cfa9 data-hover-color=#948175><a itemprop='url' href='https:\/\/www.linkedin.com\/in\/aliciamarinmuniesa\/' target='_blank'><i class=\"qode_icon_font_awesome fa fa-linkedin fa-lg simple_social\" style=\"color: #64cfa9;\" ><\/i><\/a><\/span>[\/vc_column][vc_column width=\u00bb1\/4&#8243;]<div class='image_hover ' style='' data-transition-delay=''><div class='images_holder'><a itemprop='url' href='https:\/\/consult.taga.net\/juan-carlos-lopez\/' target='_self'><img itemprop='image' class='active_image ' src='https:\/\/consult.taga.net\/wp-content\/uploads\/2017\/02\/BIO-juancar3.jpg' alt='' style='' \/><img itemprop='image' class='hover_image' src='https:\/\/consult.taga.net\/wp-content\/uploads\/2017\/02\/BIO-juan.jpg' alt='' style='' \/><\/a><\/div><\/div>[vc_column_text]<\/p>\n<h3><span style=\"color: #ff5f40;\"><a style=\"color: #ff5f40;\" href=\"https:\/\/consult.taga.net\/juan-carlos-lopez\/\">Juan Carlos L\u00f3pez<\/a><\/span><\/h3>\n<p>[\/vc_column_text][vc_column_text]<\/p>\n<div class=\"wpb_text_column wpb_content_element \">\n<div class=\"wpb_wrapper\">\n<div class=\"wpb_text_column wpb_content_element \">\n<div class=\"wpb_wrapper\">\n<p>Partner Colombia | Director de Proyectos<\/p>\n<\/div>\n<\/div>\n<\/div>\n<\/div>\n<p>[\/vc_column_text][vc_column_text]<span style=\"color: #ff5f40;\">juancarlos.lopez@taga.net<\/span>[\/vc_column_text][\/vc_column][\/vc_row]<\/p>","protected":false},"excerpt":{"rendered":"<p>[vc_row css_animation=\u00bb\u00bb row_type=\u00bbrow\u00bb use_row_as_full_screen_section=\u00bbno\u00bb type=\u00bbgrid\u00bb angled_section=\u00bbno\u00bb text_align=\u00bbcenter\u00bb background_image_as_pattern=\u00bbwithout_pattern\u00bb css=\u00bb.vc_custom_1487351343116{padding-top: 100px !important;}\u00bb][vc_column][qode_elements_holder number_of_columns=\u00bbtwo_columns\u00bb alignment_one_column=\u00bbleft\u00bb][qode_elements_holder_item vertical_alignment=\u00bbmiddle\u00bb advanced_animations=\u00bbno\u00bb][vc_single_image image=\u00bb2506&#8243; img_size=\u00bbfull\u00bb alignment=\u00bbcenter\u00bb qode_css_animation=\u00bb\u00bb][vc_empty_space height=\u00bb20px\u00bb][vc_column_text]joan.cos@taga.net[\/vc_column_text][\/qode_elements_holder_item][qode_elements_holder_item vertical_alignment=\u00bbmiddle\u00bb advanced_animations=\u00bbno\u00bb item_padding_600_768=\u00bb0 0 7% 0&#8243; item_padding_480_600=\u00bb0 0 9% 0&#8243; item_padding_480=\u00bb0 0 10% 0&#8243;][vc_column_text] Partner &amp; Co-director [\/vc_column_text][vc_empty_space height=\u00bb12px\u00bb][vc_column_text] Joan es consultor internacional y facilitador en Desarrollo Organizacional especializado en Equipos de Alto Rendimiento y&#8230;<\/p>\n","protected":false},"author":1,"featured_media":0,"parent":0,"menu_order":0,"comment_status":"closed","ping_status":"closed","template":"full_width.php","meta":{"_mi_skip_tracking":false,"_monsterinsights_sitenote_active":false,"_monsterinsights_sitenote_note":"","_monsterinsights_sitenote_category":0},"yoast_head":"<!-- This site is optimized with the Yoast SEO plugin v20.12 - https:\/\/yoast.com\/wordpress\/plugins\/seo\/ -->\n<title>Joan Cos - Taga<\/title>\n<meta name=\"robots\" content=\"index, follow, max-snippet:-1, max-image-preview:large, max-video-preview:-1\" \/>\n<link rel=\"canonical\" href=\"https:\/\/consult.taga.net\/ca\/joan-cos\/\" \/>\n<meta property=\"og:locale\" content=\"es_ES\" \/>\n<meta property=\"og:type\" content=\"article\" \/>\n<meta property=\"og:title\" content=\"Joan Cos - Taga\" \/>\n<meta property=\"og:description\" content=\"[vc_row css_animation=\u00bb\u00bb row_type=\u00bbrow\u00bb use_row_as_full_screen_section=\u00bbno\u00bb type=\u00bbgrid\u00bb angled_section=\u00bbno\u00bb text_align=\u00bbcenter\u00bb background_image_as_pattern=\u00bbwithout_pattern\u00bb css=\u00bb.vc_custom_1487351343116{padding-top: 100px !important;}\u00bb][vc_column][qode_elements_holder number_of_columns=\u00bbtwo_columns\u00bb alignment_one_column=\u00bbleft\u00bb][qode_elements_holder_item vertical_alignment=\u00bbmiddle\u00bb advanced_animations=\u00bbno\u00bb][vc_single_image image=\u00bb2506&#8243; img_size=\u00bbfull\u00bb alignment=\u00bbcenter\u00bb qode_css_animation=\u00bb\u00bb][vc_empty_space height=\u00bb20px\u00bb][vc_column_text]joan.cos@taga.net[\/vc_column_text][\/qode_elements_holder_item][qode_elements_holder_item vertical_alignment=\u00bbmiddle\u00bb advanced_animations=\u00bbno\u00bb item_padding_600_768=\u00bb0 0 7% 0&#8243; item_padding_480_600=\u00bb0 0 9% 0&#8243; item_padding_480=\u00bb0 0 10% 0&#8243;][vc_column_text] Partner &amp; Co-director [\/vc_column_text][vc_empty_space height=\u00bb12px\u00bb][vc_column_text] Joan es consultor internacional y facilitador en Desarrollo Organizacional especializado en Equipos de Alto Rendimiento y...\" \/>\n<meta property=\"og:url\" content=\"https:\/\/consult.taga.net\/ca\/joan-cos\/\" \/>\n<meta property=\"og:site_name\" content=\"Taga\" \/>\n<meta property=\"article:modified_time\" content=\"2019-11-18T11:14:34+00:00\" \/>\n<meta name=\"twitter:card\" content=\"summary_large_image\" \/>\n<meta name=\"twitter:label1\" content=\"Tiempo de lectura\" \/>\n\t<meta name=\"twitter:data1\" content=\"16 minutos\" \/>\n<script type=\"application\/ld+json\" class=\"yoast-schema-graph\">{\"@context\":\"https:\/\/schema.org\",\"@graph\":[{\"@type\":\"WebPage\",\"@id\":\"https:\/\/consult.taga.net\/ca\/joan-cos\/\",\"url\":\"https:\/\/consult.taga.net\/ca\/joan-cos\/\",\"name\":\"Joan Cos - Taga\",\"isPartOf\":{\"@id\":\"https:\/\/consult.taga.net\/ca\/#website\"},\"datePublished\":\"2017-02-21T11:14:11+00:00\",\"dateModified\":\"2019-11-18T11:14:34+00:00\",\"breadcrumb\":{\"@id\":\"https:\/\/consult.taga.net\/ca\/joan-cos\/#breadcrumb\"},\"inLanguage\":\"es\",\"potentialAction\":[{\"@type\":\"ReadAction\",\"target\":[\"https:\/\/consult.taga.net\/ca\/joan-cos\/\"]}]},{\"@type\":\"BreadcrumbList\",\"@id\":\"https:\/\/consult.taga.net\/ca\/joan-cos\/#breadcrumb\",\"itemListElement\":[{\"@type\":\"ListItem\",\"position\":1,\"name\":\"Inici\",\"item\":\"https:\/\/consult.taga.net\/ca\/\"},{\"@type\":\"ListItem\",\"position\":2,\"name\":\"Joan Cos\"}]},{\"@type\":\"WebSite\",\"@id\":\"https:\/\/consult.taga.net\/ca\/#website\",\"url\":\"https:\/\/consult.taga.net\/ca\/\",\"name\":\"Taga\",\"description\":\"Leadership, Strategy, Culture\",\"publisher\":{\"@id\":\"https:\/\/consult.taga.net\/ca\/#organization\"},\"potentialAction\":[{\"@type\":\"SearchAction\",\"target\":{\"@type\":\"EntryPoint\",\"urlTemplate\":\"https:\/\/consult.taga.net\/ca\/?s={search_term_string}\"},\"query-input\":\"required name=search_term_string\"}],\"inLanguage\":\"es\"},{\"@type\":\"Organization\",\"@id\":\"https:\/\/consult.taga.net\/ca\/#organization\",\"name\":\"Taga - Change Management\",\"url\":\"https:\/\/consult.taga.net\/ca\/\",\"logo\":{\"@type\":\"ImageObject\",\"inLanguage\":\"es\",\"@id\":\"https:\/\/consult.taga.net\/ca\/#\/schema\/logo\/image\/\",\"url\":\"https:\/\/consult.taga.net\/wp-content\/uploads\/2019\/11\/Logo_change-management.png\",\"contentUrl\":\"https:\/\/consult.taga.net\/wp-content\/uploads\/2019\/11\/Logo_change-management.png\",\"width\":122,\"height\":68,\"caption\":\"Taga - Change Management\"},\"image\":{\"@id\":\"https:\/\/consult.taga.net\/ca\/#\/schema\/logo\/image\/\"}}]}<\/script>\n<!-- \/ Yoast SEO plugin. -->","yoast_head_json":{"title":"Joan Cos - Taga","robots":{"index":"index","follow":"follow","max-snippet":"max-snippet:-1","max-image-preview":"max-image-preview:large","max-video-preview":"max-video-preview:-1"},"canonical":"https:\/\/consult.taga.net\/ca\/joan-cos\/","og_locale":"es_ES","og_type":"article","og_title":"Joan Cos - Taga","og_description":"[vc_row css_animation=\u00bb\u00bb row_type=\u00bbrow\u00bb use_row_as_full_screen_section=\u00bbno\u00bb type=\u00bbgrid\u00bb angled_section=\u00bbno\u00bb text_align=\u00bbcenter\u00bb background_image_as_pattern=\u00bbwithout_pattern\u00bb css=\u00bb.vc_custom_1487351343116{padding-top: 100px !important;}\u00bb][vc_column][qode_elements_holder number_of_columns=\u00bbtwo_columns\u00bb alignment_one_column=\u00bbleft\u00bb][qode_elements_holder_item vertical_alignment=\u00bbmiddle\u00bb advanced_animations=\u00bbno\u00bb][vc_single_image image=\u00bb2506&#8243; img_size=\u00bbfull\u00bb alignment=\u00bbcenter\u00bb qode_css_animation=\u00bb\u00bb][vc_empty_space height=\u00bb20px\u00bb][vc_column_text]joan.cos@taga.net[\/vc_column_text][\/qode_elements_holder_item][qode_elements_holder_item vertical_alignment=\u00bbmiddle\u00bb advanced_animations=\u00bbno\u00bb item_padding_600_768=\u00bb0 0 7% 0&#8243; item_padding_480_600=\u00bb0 0 9% 0&#8243; item_padding_480=\u00bb0 0 10% 0&#8243;][vc_column_text] Partner &amp; Co-director [\/vc_column_text][vc_empty_space height=\u00bb12px\u00bb][vc_column_text] Joan es consultor internacional y facilitador en Desarrollo Organizacional especializado en Equipos de Alto Rendimiento y...","og_url":"https:\/\/consult.taga.net\/ca\/joan-cos\/","og_site_name":"Taga","article_modified_time":"2019-11-18T11:14:34+00:00","twitter_card":"summary_large_image","twitter_misc":{"Tiempo de lectura":"16 minutos"},"schema":{"@context":"https:\/\/schema.org","@graph":[{"@type":"WebPage","@id":"https:\/\/consult.taga.net\/ca\/joan-cos\/","url":"https:\/\/consult.taga.net\/ca\/joan-cos\/","name":"Joan Cos - Taga","isPartOf":{"@id":"https:\/\/consult.taga.net\/ca\/#website"},"datePublished":"2017-02-21T11:14:11+00:00","dateModified":"2019-11-18T11:14:34+00:00","breadcrumb":{"@id":"https:\/\/consult.taga.net\/ca\/joan-cos\/#breadcrumb"},"inLanguage":"es","potentialAction":[{"@type":"ReadAction","target":["https:\/\/consult.taga.net\/ca\/joan-cos\/"]}]},{"@type":"BreadcrumbList","@id":"https:\/\/consult.taga.net\/ca\/joan-cos\/#breadcrumb","itemListElement":[{"@type":"ListItem","position":1,"name":"Inici","item":"https:\/\/consult.taga.net\/ca\/"},{"@type":"ListItem","position":2,"name":"Joan Cos"}]},{"@type":"WebSite","@id":"https:\/\/consult.taga.net\/ca\/#website","url":"https:\/\/consult.taga.net\/ca\/","name":"Taga","description":"Leadership, Strategy, Culture","publisher":{"@id":"https:\/\/consult.taga.net\/ca\/#organization"},"potentialAction":[{"@type":"SearchAction","target":{"@type":"EntryPoint","urlTemplate":"https:\/\/consult.taga.net\/ca\/?s={search_term_string}"},"query-input":"required name=search_term_string"}],"inLanguage":"es"},{"@type":"Organization","@id":"https:\/\/consult.taga.net\/ca\/#organization","name":"Taga - Change Management","url":"https:\/\/consult.taga.net\/ca\/","logo":{"@type":"ImageObject","inLanguage":"es","@id":"https:\/\/consult.taga.net\/ca\/#\/schema\/logo\/image\/","url":"https:\/\/consult.taga.net\/wp-content\/uploads\/2019\/11\/Logo_change-management.png","contentUrl":"https:\/\/consult.taga.net\/wp-content\/uploads\/2019\/11\/Logo_change-management.png","width":122,"height":68,"caption":"Taga - Change Management"},"image":{"@id":"https:\/\/consult.taga.net\/ca\/#\/schema\/logo\/image\/"}}]}},"_links":{"self":[{"href":"https:\/\/consult.taga.net\/es\/wp-json\/wp\/v2\/pages\/905"}],"collection":[{"href":"https:\/\/consult.taga.net\/es\/wp-json\/wp\/v2\/pages"}],"about":[{"href":"https:\/\/consult.taga.net\/es\/wp-json\/wp\/v2\/types\/page"}],"author":[{"embeddable":true,"href":"https:\/\/consult.taga.net\/es\/wp-json\/wp\/v2\/users\/1"}],"replies":[{"embeddable":true,"href":"https:\/\/consult.taga.net\/es\/wp-json\/wp\/v2\/comments?post=905"}],"version-history":[{"count":56,"href":"https:\/\/consult.taga.net\/es\/wp-json\/wp\/v2\/pages\/905\/revisions"}],"predecessor-version":[{"id":2708,"href":"https:\/\/consult.taga.net\/es\/wp-json\/wp\/v2\/pages\/905\/revisions\/2708"}],"wp:attachment":[{"href":"https:\/\/consult.taga.net\/es\/wp-json\/wp\/v2\/media?parent=905"}],"curies":[{"name":"wp","href":"https:\/\/api.w.org\/{rel}","templated":true}]}}